{"id":2656,"date":"2024-08-09T12:39:17","date_gmt":"2024-08-09T10:39:17","guid":{"rendered":"https:\/\/www.museeduvin-valais.ch\/produit\/voyage-a-travers-le-paysage-museal-valaisan\/"},"modified":"2024-08-09T12:39:17","modified_gmt":"2024-08-09T10:39:17","slug":"voyage-a-travers-le-paysage-museal-valaisan","status":"publish","type":"product","link":"https:\/\/www.museeduvin-valais.ch\/en\/produit\/voyage-a-travers-le-paysage-museal-valaisan\/","title":{"rendered":"Voyage \u00e0 travers le paysage mus\u00e9al valaisan"},"content":{"rendered":"<p>Le canton du Valais connait l\u2019une des plus grandes densit\u00e9s de mus\u00e9es du pays. La diversit\u00e9 des collections qui y sont abrit\u00e9es t\u00e9moignent de coutumes s\u00e9culi\u00e8res, des temps pass\u00e9s, d\u2019artisanat traditionnel et de l\u2019attachement \u00e0 la terre. Du travail du minerai \u00e0 l\u2019art contemporain, ce sont autant de t\u00e9moignages des petits et grands \u00e9v\u00e9nements, cycliques ou ponctuels, qui am\u00e8nent le monde dans la vall\u00e9e du Rh\u00f4ne et ses couloirs lat\u00e9raux.<br \/>\nL&#8217;Association Valaisanne des Mus\u00e9es, fond\u00e9e en 1981, vous propose un voyage dans le paysage mus\u00e9al valaisan, des premi\u00e8res institutions des 18e et 19e si\u00e8cles \u00e0 nos jours, et vous fait mieux comprendre ses principales activit\u00e9s.<br \/>\nDans la partie catalogue de l\u2019ouvrage, 40 institutions mus\u00e9ales ont s\u00e9lectionn\u00e9 \u00e0 l\u2019occasion des 40 ans de l\u2019association un objet de leur collection pour le pr\u00e9senter au public. De la st\u00e8le n\u00e9olithique au chapeau traditionnel, du reliquaire m\u00e9di\u00e9val \u00e0 la photo de famille, les objets les plus divers vous entra\u00eenent dans la richesse du patrimoine mus\u00e9al valaisan.<\/p>\n<p>Direction : Sophie Providoli<\/p>\n<p>Auteurs : Camille An\u00e7ay, Diane Antille, Thomas Antonietti, Aur\u00e9lia Basterrechea, Werner Bellwald, Sylvia Bonvin, Katia Boz Balmer, Kurt Brigger, Narcisse Crettenand, V\u00e9r\u00e8ne Debons, Brigitte Duvillard, C\u00e9line Eidenbenz, Sandrine Espejo, Myriam Ev\u00e9quoz-Dayen, Sandrine Frey, Eric Genolet, L\u00e9onard Gianadda, M\u00e9lanie Hugon-Duc, Josef In Albon, Pierre-Marie Joris, Helga Jossen, Corinne Juon, Rita Kalbermatten-Ebener, Nicolas Kramar, Julie Lapointe Guigoz, Pierre Alain Mariaux, Claude Martenet, Ga\u00ebtan Morard, Gis\u00e8le Pannatier, Pierre-Andr\u00e9 Perrin, Georges Petitjean, Edwin Pfaffen, Isaline Pfefferl\u00e9, Hans-Rudolf Pfeifer, Samuel Pont, Sophie Providoli, Christophe Randin, Catherine Rezzonico, M\u00e9lanie Roh, Pascal Ruedin, Marie-Claude Sch\u00f6pfer, Pascal Tissi\u00e8re, Julian Vomsattel, Jean-Pierre Voutaz<\/p>\n<p>Parution : 2021<br \/>\n\u00c9diteurs : Association Valaisanne des Mus\u00e9es, Faim de Si\u00e8cle, Hier und Jetzt<br \/>\nFormat : 20 x 28 cm \/ 150 pages<\/p>\n","protected":false},"excerpt":{"rendered":"<p>Le canton du Valais connait l\u2019une des plus grandes densit\u00e9s de mus\u00e9es du pays. La diversit\u00e9 des collections qui y sont abrit\u00e9es t\u00e9moignent de coutumes s\u00e9culi\u00e8res, des temps pass\u00e9s, d\u2019artisanat traditionnel et de l\u2019attachement \u00e0 la terre. Du travail du minerai \u00e0 l\u2019art contemporain, ce sont autant de t\u00e9moignages des petits et grands \u00e9v\u00e9nements, cycliques [&hellip;]<\/p>\n","protected":false},"featured_media":1604,"template":"","meta":{"_acf_changed":false},"product_brand":[],"product_cat":[44],"product_tag":[],"class_list":{"0":"post-2656","1":"product","2":"type-product","3":"status-publish","4":"has-post-thumbnail","6":"product_cat-uncategorized","8":"first","9":"instock","10":"taxable","11":"shipping-taxable","12":"purchasable","13":"product-type-simple"},"acf":[],"yoast_head":"<!-- This site is optimized with the Yoast SEO plugin v27.5 - https:\/\/yoast.com\/product\/yoast-seo-wordpress\/ -->\n<title>Voyage \u00e0 travers le paysage mus\u00e9al valaisan - Valais Vine and Wine Museum<\/title>\n<meta name=\"robots\" content=\"index, follow, max-snippet:-1, max-image-preview:large, max-video-preview:-1\" \/>\n<link rel=\"canonical\" href=\"https:\/\/www.museeduvin-valais.ch\/en\/produit\/voyage-a-travers-le-paysage-museal-valaisan\/\" \/>\n<meta property=\"og:locale\" content=\"en_US\" \/>\n<meta property=\"og:type\" content=\"article\" \/>\n<meta property=\"og:title\" content=\"Voyage \u00e0 travers le paysage mus\u00e9al valaisan - Valais Vine and Wine Museum\" \/>\n<meta property=\"og:description\" content=\"Le canton du Valais connait l\u2019une des plus grandes densit\u00e9s de mus\u00e9es du pays. La diversit\u00e9 des collections qui y sont abrit\u00e9es t\u00e9moignent de coutumes s\u00e9culi\u00e8res, des temps pass\u00e9s, d\u2019artisanat traditionnel et de l\u2019attachement \u00e0 la terre. Du travail du minerai \u00e0 l\u2019art contemporain, ce sont autant de t\u00e9moignages des petits et grands \u00e9v\u00e9nements, cycliques [&hellip;]\" \/>\n<meta property=\"og:url\" content=\"https:\/\/www.museeduvin-valais.ch\/en\/produit\/voyage-a-travers-le-paysage-museal-valaisan\/\" \/>\n<meta property=\"og:site_name\" content=\"Valais Vine and Wine Museum\" \/>\n<meta property=\"article:publisher\" content=\"https:\/\/www.facebook.com\/museeduvin.weinmuseum\" \/>\n<meta property=\"og:image\" content=\"https:\/\/www.museeduvin-valais.ch\/wp-content\/uploads\/2024\/08\/musee-du-vin-2_voyage_a_travers_le_paysage_fr_1_reise_de.webp\" \/>\n\t<meta property=\"og:image:width\" content=\"800\" \/>\n\t<meta property=\"og:image:height\" content=\"1000\" \/>\n\t<meta property=\"og:image:type\" content=\"image\/webp\" \/>\n<meta name=\"twitter:card\" content=\"summary_large_image\" \/>\n<meta name=\"twitter:label1\" content=\"Est. reading time\" \/>\n\t<meta name=\"twitter:data1\" content=\"2 minutes\" \/>\n<script type=\"application\/ld+json\" class=\"yoast-schema-graph\">{\"@context\":\"https:\\\/\\\/schema.org\",\"@graph\":[{\"@type\":\"WebPage\",\"@id\":\"https:\\\/\\\/www.museeduvin-valais.ch\\\/en\\\/produit\\\/voyage-a-travers-le-paysage-museal-valaisan\\\/\",\"url\":\"https:\\\/\\\/www.museeduvin-valais.ch\\\/en\\\/produit\\\/voyage-a-travers-le-paysage-museal-valaisan\\\/\",\"name\":\"Voyage \u00e0 travers le paysage mus\u00e9al valaisan - Valais Vine and Wine Museum\",\"isPartOf\":{\"@id\":\"https:\\\/\\\/www.museeduvin-valais.ch\\\/en\\\/#website\"},\"primaryImageOfPage\":{\"@id\":\"https:\\\/\\\/www.museeduvin-valais.ch\\\/en\\\/produit\\\/voyage-a-travers-le-paysage-museal-valaisan\\\/#primaryimage\"},\"image\":{\"@id\":\"https:\\\/\\\/www.museeduvin-valais.ch\\\/en\\\/produit\\\/voyage-a-travers-le-paysage-museal-valaisan\\\/#primaryimage\"},\"thumbnailUrl\":\"https:\\\/\\\/www.museeduvin-valais.ch\\\/wp-content\\\/uploads\\\/2024\\\/08\\\/musee-du-vin-2_voyage_a_travers_le_paysage_fr_1_reise_de.webp\",\"datePublished\":\"2024-08-09T10:39:17+00:00\",\"breadcrumb\":{\"@id\":\"https:\\\/\\\/www.museeduvin-valais.ch\\\/en\\\/produit\\\/voyage-a-travers-le-paysage-museal-valaisan\\\/#breadcrumb\"},\"inLanguage\":\"en-US\",\"potentialAction\":[{\"@type\":\"ReadAction\",\"target\":[\"https:\\\/\\\/www.museeduvin-valais.ch\\\/en\\\/produit\\\/voyage-a-travers-le-paysage-museal-valaisan\\\/\"]}]},{\"@type\":\"ImageObject\",\"inLanguage\":\"en-US\",\"@id\":\"https:\\\/\\\/www.museeduvin-valais.ch\\\/en\\\/produit\\\/voyage-a-travers-le-paysage-museal-valaisan\\\/#primaryimage\",\"url\":\"https:\\\/\\\/www.museeduvin-valais.ch\\\/wp-content\\\/uploads\\\/2024\\\/08\\\/musee-du-vin-2_voyage_a_travers_le_paysage_fr_1_reise_de.webp\",\"contentUrl\":\"https:\\\/\\\/www.museeduvin-valais.ch\\\/wp-content\\\/uploads\\\/2024\\\/08\\\/musee-du-vin-2_voyage_a_travers_le_paysage_fr_1_reise_de.webp\",\"width\":800,\"height\":1000},{\"@type\":\"BreadcrumbList\",\"@id\":\"https:\\\/\\\/www.museeduvin-valais.ch\\\/en\\\/produit\\\/voyage-a-travers-le-paysage-museal-valaisan\\\/#breadcrumb\",\"itemListElement\":[{\"@type\":\"ListItem\",\"position\":1,\"name\":\"Accueil\",\"item\":\"https:\\\/\\\/www.museeduvin-valais.ch\\\/en\\\/\"},{\"@type\":\"ListItem\",\"position\":2,\"name\":\"Shop\",\"item\":\"https:\\\/\\\/www.museeduvin-valais.ch\\\/en\\\/shop\\\/\"},{\"@type\":\"ListItem\",\"position\":3,\"name\":\"Voyage \u00e0 travers le paysage mus\u00e9al valaisan\"}]},{\"@type\":\"WebSite\",\"@id\":\"https:\\\/\\\/www.museeduvin-valais.ch\\\/en\\\/#website\",\"url\":\"https:\\\/\\\/www.museeduvin-valais.ch\\\/en\\\/\",\"name\":\"Mus\u00e9e Valaisan de la vigne et du vin\",\"description\":\"\",\"publisher\":{\"@id\":\"https:\\\/\\\/www.museeduvin-valais.ch\\\/en\\\/#organization\"},\"alternateName\":\"Mus\u00e9e du vin\",\"potentialAction\":[{\"@type\":\"SearchAction\",\"target\":{\"@type\":\"EntryPoint\",\"urlTemplate\":\"https:\\\/\\\/www.museeduvin-valais.ch\\\/en\\\/?s={search_term_string}\"},\"query-input\":{\"@type\":\"PropertyValueSpecification\",\"valueRequired\":true,\"valueName\":\"search_term_string\"}}],\"inLanguage\":\"en-US\"},{\"@type\":\"Organization\",\"@id\":\"https:\\\/\\\/www.museeduvin-valais.ch\\\/en\\\/#organization\",\"name\":\"Mus\u00e9e Valaisan de la vigne et du vin\",\"url\":\"https:\\\/\\\/www.museeduvin-valais.ch\\\/en\\\/\",\"logo\":{\"@type\":\"ImageObject\",\"inLanguage\":\"en-US\",\"@id\":\"https:\\\/\\\/www.museeduvin-valais.ch\\\/en\\\/#\\\/schema\\\/logo\\\/image\\\/\",\"url\":\"https:\\\/\\\/www.museeduvin-valais.ch\\\/wp-content\\\/uploads\\\/2024\\\/11\\\/logo-mb.svg\",\"contentUrl\":\"https:\\\/\\\/www.museeduvin-valais.ch\\\/wp-content\\\/uploads\\\/2024\\\/11\\\/logo-mb.svg\",\"width\":1,\"height\":1,\"caption\":\"Mus\u00e9e Valaisan de la vigne et du vin\"},\"image\":{\"@id\":\"https:\\\/\\\/www.museeduvin-valais.ch\\\/en\\\/#\\\/schema\\\/logo\\\/image\\\/\"},\"sameAs\":[\"https:\\\/\\\/www.facebook.com\\\/museeduvin.weinmuseum\",\"https:\\\/\\\/www.instagram.com\\\/museeduvinvalais\"]}]}<\/script>\n<!-- \/ Yoast SEO plugin. -->","yoast_head_json":{"title":"Voyage \u00e0 travers le paysage mus\u00e9al valaisan - Valais Vine and Wine Museum","robots":{"index":"index","follow":"follow","max-snippet":"max-snippet:-1","max-image-preview":"max-image-preview:large","max-video-preview":"max-video-preview:-1"},"canonical":"https:\/\/www.museeduvin-valais.ch\/en\/produit\/voyage-a-travers-le-paysage-museal-valaisan\/","og_locale":"en_US","og_type":"article","og_title":"Voyage \u00e0 travers le paysage mus\u00e9al valaisan - Valais Vine and Wine Museum","og_description":"Le canton du Valais connait l\u2019une des plus grandes densit\u00e9s de mus\u00e9es du pays. La diversit\u00e9 des collections qui y sont abrit\u00e9es t\u00e9moignent de coutumes s\u00e9culi\u00e8res, des temps pass\u00e9s, d\u2019artisanat traditionnel et de l\u2019attachement \u00e0 la terre. Du travail du minerai \u00e0 l\u2019art contemporain, ce sont autant de t\u00e9moignages des petits et grands \u00e9v\u00e9nements, cycliques [&hellip;]","og_url":"https:\/\/www.museeduvin-valais.ch\/en\/produit\/voyage-a-travers-le-paysage-museal-valaisan\/","og_site_name":"Valais Vine and Wine Museum","article_publisher":"https:\/\/www.facebook.com\/museeduvin.weinmuseum","og_image":[{"width":800,"height":1000,"url":"https:\/\/www.museeduvin-valais.ch\/wp-content\/uploads\/2024\/08\/musee-du-vin-2_voyage_a_travers_le_paysage_fr_1_reise_de.webp","type":"image\/webp"}],"twitter_card":"summary_large_image","twitter_misc":{"Est. reading time":"2 minutes"},"schema":{"@context":"https:\/\/schema.org","@graph":[{"@type":"WebPage","@id":"https:\/\/www.museeduvin-valais.ch\/en\/produit\/voyage-a-travers-le-paysage-museal-valaisan\/","url":"https:\/\/www.museeduvin-valais.ch\/en\/produit\/voyage-a-travers-le-paysage-museal-valaisan\/","name":"Voyage \u00e0 travers le paysage mus\u00e9al valaisan - Valais Vine and Wine Museum","isPartOf":{"@id":"https:\/\/www.museeduvin-valais.ch\/en\/#website"},"primaryImageOfPage":{"@id":"https:\/\/www.museeduvin-valais.ch\/en\/produit\/voyage-a-travers-le-paysage-museal-valaisan\/#primaryimage"},"image":{"@id":"https:\/\/www.museeduvin-valais.ch\/en\/produit\/voyage-a-travers-le-paysage-museal-valaisan\/#primaryimage"},"thumbnailUrl":"https:\/\/www.museeduvin-valais.ch\/wp-content\/uploads\/2024\/08\/musee-du-vin-2_voyage_a_travers_le_paysage_fr_1_reise_de.webp","datePublished":"2024-08-09T10:39:17+00:00","breadcrumb":{"@id":"https:\/\/www.museeduvin-valais.ch\/en\/produit\/voyage-a-travers-le-paysage-museal-valaisan\/#breadcrumb"},"inLanguage":"en-US","potentialAction":[{"@type":"ReadAction","target":["https:\/\/www.museeduvin-valais.ch\/en\/produit\/voyage-a-travers-le-paysage-museal-valaisan\/"]}]},{"@type":"ImageObject","inLanguage":"en-US","@id":"https:\/\/www.museeduvin-valais.ch\/en\/produit\/voyage-a-travers-le-paysage-museal-valaisan\/#primaryimage","url":"https:\/\/www.museeduvin-valais.ch\/wp-content\/uploads\/2024\/08\/musee-du-vin-2_voyage_a_travers_le_paysage_fr_1_reise_de.webp","contentUrl":"https:\/\/www.museeduvin-valais.ch\/wp-content\/uploads\/2024\/08\/musee-du-vin-2_voyage_a_travers_le_paysage_fr_1_reise_de.webp","width":800,"height":1000},{"@type":"BreadcrumbList","@id":"https:\/\/www.museeduvin-valais.ch\/en\/produit\/voyage-a-travers-le-paysage-museal-valaisan\/#breadcrumb","itemListElement":[{"@type":"ListItem","position":1,"name":"Accueil","item":"https:\/\/www.museeduvin-valais.ch\/en\/"},{"@type":"ListItem","position":2,"name":"Shop","item":"https:\/\/www.museeduvin-valais.ch\/en\/shop\/"},{"@type":"ListItem","position":3,"name":"Voyage \u00e0 travers le paysage mus\u00e9al valaisan"}]},{"@type":"WebSite","@id":"https:\/\/www.museeduvin-valais.ch\/en\/#website","url":"https:\/\/www.museeduvin-valais.ch\/en\/","name":"Mus\u00e9e Valaisan de la vigne et du vin","description":"","publisher":{"@id":"https:\/\/www.museeduvin-valais.ch\/en\/#organization"},"alternateName":"Mus\u00e9e du vin","potentialAction":[{"@type":"SearchAction","target":{"@type":"EntryPoint","urlTemplate":"https:\/\/www.museeduvin-valais.ch\/en\/?s={search_term_string}"},"query-input":{"@type":"PropertyValueSpecification","valueRequired":true,"valueName":"search_term_string"}}],"inLanguage":"en-US"},{"@type":"Organization","@id":"https:\/\/www.museeduvin-valais.ch\/en\/#organization","name":"Mus\u00e9e Valaisan de la vigne et du vin","url":"https:\/\/www.museeduvin-valais.ch\/en\/","logo":{"@type":"ImageObject","inLanguage":"en-US","@id":"https:\/\/www.museeduvin-valais.ch\/en\/#\/schema\/logo\/image\/","url":"https:\/\/www.museeduvin-valais.ch\/wp-content\/uploads\/2024\/11\/logo-mb.svg","contentUrl":"https:\/\/www.museeduvin-valais.ch\/wp-content\/uploads\/2024\/11\/logo-mb.svg","width":1,"height":1,"caption":"Mus\u00e9e Valaisan de la vigne et du vin"},"image":{"@id":"https:\/\/www.museeduvin-valais.ch\/en\/#\/schema\/logo\/image\/"},"sameAs":["https:\/\/www.facebook.com\/museeduvin.weinmuseum","https:\/\/www.instagram.com\/museeduvinvalais"]}]}},"_links":{"self":[{"href":"https:\/\/www.museeduvin-valais.ch\/en\/wp-json\/wp\/v2\/product\/2656","targetHints":{"allow":["GET"]}}],"collection":[{"href":"https:\/\/www.museeduvin-valais.ch\/en\/wp-json\/wp\/v2\/product"}],"about":[{"href":"https:\/\/www.museeduvin-valais.ch\/en\/wp-json\/wp\/v2\/types\/product"}],"wp:featuredmedia":[{"embeddable":true,"href":"https:\/\/www.museeduvin-valais.ch\/en\/wp-json\/wp\/v2\/media\/1604"}],"wp:attachment":[{"href":"https:\/\/www.museeduvin-valais.ch\/en\/wp-json\/wp\/v2\/media?parent=2656"}],"wp:term":[{"taxonomy":"product_brand","embeddable":true,"href":"https:\/\/www.museeduvin-valais.ch\/en\/wp-json\/wp\/v2\/product_brand?post=2656"},{"taxonomy":"product_cat","embeddable":true,"href":"https:\/\/www.museeduvin-valais.ch\/en\/wp-json\/wp\/v2\/product_cat?post=2656"},{"taxonomy":"product_tag","embeddable":true,"href":"https:\/\/www.museeduvin-valais.ch\/en\/wp-json\/wp\/v2\/product_tag?post=2656"}],"curies":[{"name":"wp","href":"https:\/\/api.w.org\/{rel}","templated":true}]}}