{"id":2654,"date":"2024-09-02T08:25:37","date_gmt":"2024-09-02T06:25:37","guid":{"rendered":"https:\/\/www.museeduvin-valais.ch\/produit\/contes-de-la-vigne-et-du-vin\/"},"modified":"2024-09-02T08:25:37","modified_gmt":"2024-09-02T06:25:37","slug":"contes-de-la-vigne-et-du-vin","status":"publish","type":"product","link":"https:\/\/www.museeduvin-valais.ch\/en\/produit\/contes-de-la-vigne-et-du-vin\/","title":{"rendered":"Contes de la vigne et du vin"},"content":{"rendered":"<p>Cinq contes aux r\u00e9f\u00e9rences actuelles ou personnelles, r\u00e9v\u00e9latrices d\u2019une g\u00e9n\u00e9ration.<br \/>\nPendant trois ans, l\u2019\u00e9quipe du Mus\u00e9e du Vin a c\u00e9l\u00e9br\u00e9 la Nuit des contes et la Nuit des mus\u00e9es \u00e0 sa mani\u00e8re : au lieu de recourir aux l\u00e9gendes ancestrales pour faire vibrer les spectateurs au clair de lune, elle a choisi de conter la vigne et le vin avec des mots d\u2019aujourd\u2019hui. Cinq \u00e9crivains valaisans ont relev\u00e9 le d\u00e9fi : Alain Bagnoud, Eric Masserey, Sonia Baechler, Christine Pfammatter et Wilfried Meichtry.<br \/>\nLe Mus\u00e9e du Vin et les \u00e9ditions Monographic ont r\u00e9uni leurs textes in\u00e9dits dans ce recueil bilingue.<\/p>\n<p>Auteurs : Sonia Baechler, Alain Bagnoud, Eric Masserey, Wilfried Meichtry, Christine Pfammatter<\/p>\n<p>Parution : 2017<br \/>\n\u00c9diteurs : \u00e9ditions Monographic, Mus\u00e9e du Vin<br \/>\nFormat : 10.5 x 15 cm \/ 336 pages<br \/>\n\u00c9dition bilingue (Fran\u00e7ais, Allemand)<\/p>\n","protected":false},"excerpt":{"rendered":"<p>Cinq contes aux r\u00e9f\u00e9rences actuelles ou personnelles, r\u00e9v\u00e9latrices d\u2019une g\u00e9n\u00e9ration. Pendant trois ans, l\u2019\u00e9quipe du Mus\u00e9e du Vin a c\u00e9l\u00e9br\u00e9 la Nuit des contes et la Nuit des mus\u00e9es \u00e0 sa mani\u00e8re : au lieu de recourir aux l\u00e9gendes ancestrales pour faire vibrer les spectateurs au clair de lune, elle a choisi de conter la [&hellip;]<\/p>\n","protected":false},"featured_media":1612,"template":"","meta":{"_acf_changed":false},"product_brand":[],"product_cat":[44],"product_tag":[],"class_list":{"0":"post-2654","1":"product","2":"type-product","3":"status-publish","4":"has-post-thumbnail","6":"product_cat-uncategorized","8":"first","9":"instock","10":"taxable","11":"shipping-taxable","12":"purchasable","13":"product-type-simple"},"acf":[],"yoast_head":"<!-- This site is optimized with the Yoast SEO plugin v27.5 - https:\/\/yoast.com\/product\/yoast-seo-wordpress\/ -->\n<title>Contes de la vigne et du vin - Valais Vine and Wine Museum<\/title>\n<meta name=\"robots\" content=\"index, follow, max-snippet:-1, max-image-preview:large, max-video-preview:-1\" \/>\n<link rel=\"canonical\" href=\"https:\/\/www.museeduvin-valais.ch\/en\/produit\/contes-de-la-vigne-et-du-vin\/\" \/>\n<meta property=\"og:locale\" content=\"en_US\" \/>\n<meta property=\"og:type\" content=\"article\" \/>\n<meta property=\"og:title\" content=\"Contes de la vigne et du vin - Valais Vine and Wine Museum\" \/>\n<meta property=\"og:description\" content=\"Cinq contes aux r\u00e9f\u00e9rences actuelles ou personnelles, r\u00e9v\u00e9latrices d\u2019une g\u00e9n\u00e9ration. Pendant trois ans, l\u2019\u00e9quipe du Mus\u00e9e du Vin a c\u00e9l\u00e9br\u00e9 la Nuit des contes et la Nuit des mus\u00e9es \u00e0 sa mani\u00e8re : au lieu de recourir aux l\u00e9gendes ancestrales pour faire vibrer les spectateurs au clair de lune, elle a choisi de conter la [&hellip;]\" \/>\n<meta property=\"og:url\" content=\"https:\/\/www.museeduvin-valais.ch\/en\/produit\/contes-de-la-vigne-et-du-vin\/\" \/>\n<meta property=\"og:site_name\" content=\"Valais Vine and Wine Museum\" \/>\n<meta property=\"article:publisher\" content=\"https:\/\/www.facebook.com\/museeduvin.weinmuseum\" \/>\n<meta property=\"og:image\" content=\"https:\/\/www.museeduvin-valais.ch\/wp-content\/uploads\/2024\/09\/musee-du-vin-4_contes_fr_3_geschichten_de.webp\" \/>\n\t<meta property=\"og:image:width\" content=\"708\" \/>\n\t<meta property=\"og:image:height\" content=\"1000\" \/>\n\t<meta property=\"og:image:type\" content=\"image\/webp\" \/>\n<meta name=\"twitter:card\" content=\"summary_large_image\" \/>\n<meta name=\"twitter:label1\" content=\"Est. reading time\" \/>\n\t<meta name=\"twitter:data1\" content=\"1 minute\" \/>\n<script type=\"application\/ld+json\" class=\"yoast-schema-graph\">{\"@context\":\"https:\\\/\\\/schema.org\",\"@graph\":[{\"@type\":\"WebPage\",\"@id\":\"https:\\\/\\\/www.museeduvin-valais.ch\\\/en\\\/produit\\\/contes-de-la-vigne-et-du-vin\\\/\",\"url\":\"https:\\\/\\\/www.museeduvin-valais.ch\\\/en\\\/produit\\\/contes-de-la-vigne-et-du-vin\\\/\",\"name\":\"Contes de la vigne et du vin - Valais Vine and Wine Museum\",\"isPartOf\":{\"@id\":\"https:\\\/\\\/www.museeduvin-valais.ch\\\/en\\\/#website\"},\"primaryImageOfPage\":{\"@id\":\"https:\\\/\\\/www.museeduvin-valais.ch\\\/en\\\/produit\\\/contes-de-la-vigne-et-du-vin\\\/#primaryimage\"},\"image\":{\"@id\":\"https:\\\/\\\/www.museeduvin-valais.ch\\\/en\\\/produit\\\/contes-de-la-vigne-et-du-vin\\\/#primaryimage\"},\"thumbnailUrl\":\"https:\\\/\\\/www.museeduvin-valais.ch\\\/wp-content\\\/uploads\\\/2024\\\/09\\\/musee-du-vin-4_contes_fr_3_geschichten_de.webp\",\"datePublished\":\"2024-09-02T06:25:37+00:00\",\"breadcrumb\":{\"@id\":\"https:\\\/\\\/www.museeduvin-valais.ch\\\/en\\\/produit\\\/contes-de-la-vigne-et-du-vin\\\/#breadcrumb\"},\"inLanguage\":\"en-US\",\"potentialAction\":[{\"@type\":\"ReadAction\",\"target\":[\"https:\\\/\\\/www.museeduvin-valais.ch\\\/en\\\/produit\\\/contes-de-la-vigne-et-du-vin\\\/\"]}]},{\"@type\":\"ImageObject\",\"inLanguage\":\"en-US\",\"@id\":\"https:\\\/\\\/www.museeduvin-valais.ch\\\/en\\\/produit\\\/contes-de-la-vigne-et-du-vin\\\/#primaryimage\",\"url\":\"https:\\\/\\\/www.museeduvin-valais.ch\\\/wp-content\\\/uploads\\\/2024\\\/09\\\/musee-du-vin-4_contes_fr_3_geschichten_de.webp\",\"contentUrl\":\"https:\\\/\\\/www.museeduvin-valais.ch\\\/wp-content\\\/uploads\\\/2024\\\/09\\\/musee-du-vin-4_contes_fr_3_geschichten_de.webp\",\"width\":708,\"height\":1000},{\"@type\":\"BreadcrumbList\",\"@id\":\"https:\\\/\\\/www.museeduvin-valais.ch\\\/en\\\/produit\\\/contes-de-la-vigne-et-du-vin\\\/#breadcrumb\",\"itemListElement\":[{\"@type\":\"ListItem\",\"position\":1,\"name\":\"Accueil\",\"item\":\"https:\\\/\\\/www.museeduvin-valais.ch\\\/en\\\/\"},{\"@type\":\"ListItem\",\"position\":2,\"name\":\"Shop\",\"item\":\"https:\\\/\\\/www.museeduvin-valais.ch\\\/en\\\/shop\\\/\"},{\"@type\":\"ListItem\",\"position\":3,\"name\":\"Contes de la vigne et du vin\"}]},{\"@type\":\"WebSite\",\"@id\":\"https:\\\/\\\/www.museeduvin-valais.ch\\\/en\\\/#website\",\"url\":\"https:\\\/\\\/www.museeduvin-valais.ch\\\/en\\\/\",\"name\":\"Mus\u00e9e Valaisan de la vigne et du vin\",\"description\":\"\",\"publisher\":{\"@id\":\"https:\\\/\\\/www.museeduvin-valais.ch\\\/en\\\/#organization\"},\"alternateName\":\"Mus\u00e9e du vin\",\"potentialAction\":[{\"@type\":\"SearchAction\",\"target\":{\"@type\":\"EntryPoint\",\"urlTemplate\":\"https:\\\/\\\/www.museeduvin-valais.ch\\\/en\\\/?s={search_term_string}\"},\"query-input\":{\"@type\":\"PropertyValueSpecification\",\"valueRequired\":true,\"valueName\":\"search_term_string\"}}],\"inLanguage\":\"en-US\"},{\"@type\":\"Organization\",\"@id\":\"https:\\\/\\\/www.museeduvin-valais.ch\\\/en\\\/#organization\",\"name\":\"Mus\u00e9e Valaisan de la vigne et du vin\",\"url\":\"https:\\\/\\\/www.museeduvin-valais.ch\\\/en\\\/\",\"logo\":{\"@type\":\"ImageObject\",\"inLanguage\":\"en-US\",\"@id\":\"https:\\\/\\\/www.museeduvin-valais.ch\\\/en\\\/#\\\/schema\\\/logo\\\/image\\\/\",\"url\":\"https:\\\/\\\/www.museeduvin-valais.ch\\\/wp-content\\\/uploads\\\/2024\\\/11\\\/logo-mb.svg\",\"contentUrl\":\"https:\\\/\\\/www.museeduvin-valais.ch\\\/wp-content\\\/uploads\\\/2024\\\/11\\\/logo-mb.svg\",\"width\":1,\"height\":1,\"caption\":\"Mus\u00e9e Valaisan de la vigne et du vin\"},\"image\":{\"@id\":\"https:\\\/\\\/www.museeduvin-valais.ch\\\/en\\\/#\\\/schema\\\/logo\\\/image\\\/\"},\"sameAs\":[\"https:\\\/\\\/www.facebook.com\\\/museeduvin.weinmuseum\",\"https:\\\/\\\/www.instagram.com\\\/museeduvinvalais\"]}]}<\/script>\n<!-- \/ Yoast SEO plugin. -->","yoast_head_json":{"title":"Contes de la vigne et du vin - Valais Vine and Wine Museum","robots":{"index":"index","follow":"follow","max-snippet":"max-snippet:-1","max-image-preview":"max-image-preview:large","max-video-preview":"max-video-preview:-1"},"canonical":"https:\/\/www.museeduvin-valais.ch\/en\/produit\/contes-de-la-vigne-et-du-vin\/","og_locale":"en_US","og_type":"article","og_title":"Contes de la vigne et du vin - Valais Vine and Wine Museum","og_description":"Cinq contes aux r\u00e9f\u00e9rences actuelles ou personnelles, r\u00e9v\u00e9latrices d\u2019une g\u00e9n\u00e9ration. Pendant trois ans, l\u2019\u00e9quipe du Mus\u00e9e du Vin a c\u00e9l\u00e9br\u00e9 la Nuit des contes et la Nuit des mus\u00e9es \u00e0 sa mani\u00e8re : au lieu de recourir aux l\u00e9gendes ancestrales pour faire vibrer les spectateurs au clair de lune, elle a choisi de conter la [&hellip;]","og_url":"https:\/\/www.museeduvin-valais.ch\/en\/produit\/contes-de-la-vigne-et-du-vin\/","og_site_name":"Valais Vine and Wine Museum","article_publisher":"https:\/\/www.facebook.com\/museeduvin.weinmuseum","og_image":[{"width":708,"height":1000,"url":"https:\/\/www.museeduvin-valais.ch\/wp-content\/uploads\/2024\/09\/musee-du-vin-4_contes_fr_3_geschichten_de.webp","type":"image\/webp"}],"twitter_card":"summary_large_image","twitter_misc":{"Est. reading time":"1 minute"},"schema":{"@context":"https:\/\/schema.org","@graph":[{"@type":"WebPage","@id":"https:\/\/www.museeduvin-valais.ch\/en\/produit\/contes-de-la-vigne-et-du-vin\/","url":"https:\/\/www.museeduvin-valais.ch\/en\/produit\/contes-de-la-vigne-et-du-vin\/","name":"Contes de la vigne et du vin - Valais Vine and Wine Museum","isPartOf":{"@id":"https:\/\/www.museeduvin-valais.ch\/en\/#website"},"primaryImageOfPage":{"@id":"https:\/\/www.museeduvin-valais.ch\/en\/produit\/contes-de-la-vigne-et-du-vin\/#primaryimage"},"image":{"@id":"https:\/\/www.museeduvin-valais.ch\/en\/produit\/contes-de-la-vigne-et-du-vin\/#primaryimage"},"thumbnailUrl":"https:\/\/www.museeduvin-valais.ch\/wp-content\/uploads\/2024\/09\/musee-du-vin-4_contes_fr_3_geschichten_de.webp","datePublished":"2024-09-02T06:25:37+00:00","breadcrumb":{"@id":"https:\/\/www.museeduvin-valais.ch\/en\/produit\/contes-de-la-vigne-et-du-vin\/#breadcrumb"},"inLanguage":"en-US","potentialAction":[{"@type":"ReadAction","target":["https:\/\/www.museeduvin-valais.ch\/en\/produit\/contes-de-la-vigne-et-du-vin\/"]}]},{"@type":"ImageObject","inLanguage":"en-US","@id":"https:\/\/www.museeduvin-valais.ch\/en\/produit\/contes-de-la-vigne-et-du-vin\/#primaryimage","url":"https:\/\/www.museeduvin-valais.ch\/wp-content\/uploads\/2024\/09\/musee-du-vin-4_contes_fr_3_geschichten_de.webp","contentUrl":"https:\/\/www.museeduvin-valais.ch\/wp-content\/uploads\/2024\/09\/musee-du-vin-4_contes_fr_3_geschichten_de.webp","width":708,"height":1000},{"@type":"BreadcrumbList","@id":"https:\/\/www.museeduvin-valais.ch\/en\/produit\/contes-de-la-vigne-et-du-vin\/#breadcrumb","itemListElement":[{"@type":"ListItem","position":1,"name":"Accueil","item":"https:\/\/www.museeduvin-valais.ch\/en\/"},{"@type":"ListItem","position":2,"name":"Shop","item":"https:\/\/www.museeduvin-valais.ch\/en\/shop\/"},{"@type":"ListItem","position":3,"name":"Contes de la vigne et du vin"}]},{"@type":"WebSite","@id":"https:\/\/www.museeduvin-valais.ch\/en\/#website","url":"https:\/\/www.museeduvin-valais.ch\/en\/","name":"Mus\u00e9e Valaisan de la vigne et du vin","description":"","publisher":{"@id":"https:\/\/www.museeduvin-valais.ch\/en\/#organization"},"alternateName":"Mus\u00e9e du vin","potentialAction":[{"@type":"SearchAction","target":{"@type":"EntryPoint","urlTemplate":"https:\/\/www.museeduvin-valais.ch\/en\/?s={search_term_string}"},"query-input":{"@type":"PropertyValueSpecification","valueRequired":true,"valueName":"search_term_string"}}],"inLanguage":"en-US"},{"@type":"Organization","@id":"https:\/\/www.museeduvin-valais.ch\/en\/#organization","name":"Mus\u00e9e Valaisan de la vigne et du vin","url":"https:\/\/www.museeduvin-valais.ch\/en\/","logo":{"@type":"ImageObject","inLanguage":"en-US","@id":"https:\/\/www.museeduvin-valais.ch\/en\/#\/schema\/logo\/image\/","url":"https:\/\/www.museeduvin-valais.ch\/wp-content\/uploads\/2024\/11\/logo-mb.svg","contentUrl":"https:\/\/www.museeduvin-valais.ch\/wp-content\/uploads\/2024\/11\/logo-mb.svg","width":1,"height":1,"caption":"Mus\u00e9e Valaisan de la vigne et du vin"},"image":{"@id":"https:\/\/www.museeduvin-valais.ch\/en\/#\/schema\/logo\/image\/"},"sameAs":["https:\/\/www.facebook.com\/museeduvin.weinmuseum","https:\/\/www.instagram.com\/museeduvinvalais"]}]}},"_links":{"self":[{"href":"https:\/\/www.museeduvin-valais.ch\/en\/wp-json\/wp\/v2\/product\/2654","targetHints":{"allow":["GET"]}}],"collection":[{"href":"https:\/\/www.museeduvin-valais.ch\/en\/wp-json\/wp\/v2\/product"}],"about":[{"href":"https:\/\/www.museeduvin-valais.ch\/en\/wp-json\/wp\/v2\/types\/product"}],"wp:featuredmedia":[{"embeddable":true,"href":"https:\/\/www.museeduvin-valais.ch\/en\/wp-json\/wp\/v2\/media\/1612"}],"wp:attachment":[{"href":"https:\/\/www.museeduvin-valais.ch\/en\/wp-json\/wp\/v2\/media?parent=2654"}],"wp:term":[{"taxonomy":"product_brand","embeddable":true,"href":"https:\/\/www.museeduvin-valais.ch\/en\/wp-json\/wp\/v2\/product_brand?post=2654"},{"taxonomy":"product_cat","embeddable":true,"href":"https:\/\/www.museeduvin-valais.ch\/en\/wp-json\/wp\/v2\/product_cat?post=2654"},{"taxonomy":"product_tag","embeddable":true,"href":"https:\/\/www.museeduvin-valais.ch\/en\/wp-json\/wp\/v2\/product_tag?post=2654"}],"curies":[{"name":"wp","href":"https:\/\/api.w.org\/{rel}","templated":true}]}}