{"id":2650,"date":"2024-09-02T08:34:58","date_gmt":"2024-09-02T06:34:58","guid":{"rendered":"https:\/\/www.museeduvin-valais.ch\/produit\/le-vin-au-gout-du-jour\/"},"modified":"2024-09-02T08:34:58","modified_gmt":"2024-09-02T06:34:58","slug":"le-vin-au-gout-du-jour","status":"publish","type":"product","link":"https:\/\/www.museeduvin-valais.ch\/en\/produit\/le-vin-au-gout-du-jour\/","title":{"rendered":"Le vin au go\u00fbt du jour"},"content":{"rendered":"<p>Au d\u00e9part, le go\u00fbt est une sensation intime, personnelle, singuli\u00e8re\u2026 Pourtant, les sciences humaines ont d\u00e9montr\u00e9 qu\u2019il s\u2019agit d\u2019un savoir acquis, une combinaison parfaite entre les donn\u00e9es sensorielles et les repr\u00e9sentations sociales.<br \/>\nLes ar\u00f4mes, la couleur, les r\u00e9cipients, la culture de la vigne, la vinification, la personnalit\u00e9 de l\u2019\u0153nologue et le jugement des d\u00e9gustateurs participent au \u00ab go\u00fbt du vin \u00bb.<\/p>\n<p>Cette recherche, \u00e9clair\u00e9e par une enqu\u00eate sur les vins valaisans du Moyen \u00c2ge \u00e0 1850 et nourrie d\u2019observations actuelles, r\u00e9v\u00e8le l\u2019essence historique et culturelle de la perception du vin. Le vin n\u2019est assur\u00e9ment pas qu\u2019un liquide !<\/p>\n<p>Direction : Anne-Dominique Zufferey-P\u00e9risset<\/p>\n<p>Auteure : M\u00e9lanie Hugon-Duc<\/p>\n<p>Parution : 2016<br \/>\n\u00c9diteur : Mus\u00e9e du Vin<br \/>\nFormat : 16.5 x 24 cm \/ 163 pages<br \/>\n\u00c9dition trilingue (Fran\u00e7ais, Allemand, Anglais)<\/p>\n","protected":false},"excerpt":{"rendered":"<p>Au d\u00e9part, le go\u00fbt est une sensation intime, personnelle, singuli\u00e8re\u2026 Pourtant, les sciences humaines ont d\u00e9montr\u00e9 qu\u2019il s\u2019agit d\u2019un savoir acquis, une combinaison parfaite entre les donn\u00e9es sensorielles et les repr\u00e9sentations sociales. Les ar\u00f4mes, la couleur, les r\u00e9cipients, la culture de la vigne, la vinification, la personnalit\u00e9 de l\u2019\u0153nologue et le jugement des d\u00e9gustateurs participent [&hellip;]<\/p>\n","protected":false},"featured_media":1697,"template":"","meta":{"_acf_changed":false},"product_brand":[],"product_cat":[44],"product_tag":[],"class_list":{"0":"post-2650","1":"product","2":"type-product","3":"status-publish","4":"has-post-thumbnail","6":"product_cat-uncategorized","8":"first","9":"instock","10":"taxable","11":"shipping-taxable","12":"purchasable","13":"product-type-simple"},"acf":[],"yoast_head":"<!-- This site is optimized with the Yoast SEO plugin v27.5 - https:\/\/yoast.com\/product\/yoast-seo-wordpress\/ -->\n<title>Le vin au go\u00fbt du jour - Valais Vine and Wine Museum<\/title>\n<meta name=\"robots\" content=\"index, follow, max-snippet:-1, max-image-preview:large, max-video-preview:-1\" \/>\n<link rel=\"canonical\" href=\"https:\/\/www.museeduvin-valais.ch\/en\/produit\/le-vin-au-gout-du-jour\/\" \/>\n<meta property=\"og:locale\" content=\"en_US\" \/>\n<meta property=\"og:type\" content=\"article\" \/>\n<meta property=\"og:title\" content=\"Le vin au go\u00fbt du jour - Valais Vine and Wine Museum\" \/>\n<meta property=\"og:description\" content=\"Au d\u00e9part, le go\u00fbt est une sensation intime, personnelle, singuli\u00e8re\u2026 Pourtant, les sciences humaines ont d\u00e9montr\u00e9 qu\u2019il s\u2019agit d\u2019un savoir acquis, une combinaison parfaite entre les donn\u00e9es sensorielles et les repr\u00e9sentations sociales. Les ar\u00f4mes, la couleur, les r\u00e9cipients, la culture de la vigne, la vinification, la personnalit\u00e9 de l\u2019\u0153nologue et le jugement des d\u00e9gustateurs participent [&hellip;]\" \/>\n<meta property=\"og:url\" content=\"https:\/\/www.museeduvin-valais.ch\/en\/produit\/le-vin-au-gout-du-jour\/\" \/>\n<meta property=\"og:site_name\" content=\"Valais Vine and Wine Museum\" \/>\n<meta property=\"article:publisher\" content=\"https:\/\/www.facebook.com\/museeduvin.weinmuseum\" \/>\n<meta property=\"og:image\" content=\"https:\/\/www.museeduvin-valais.ch\/wp-content\/uploads\/2024\/09\/musee-du-vin-8_le-vin-au-gou\u2560et-du-jour_5_de-1.webp\" \/>\n\t<meta property=\"og:image:width\" content=\"666\" \/>\n\t<meta property=\"og:image:height\" content=\"1000\" \/>\n\t<meta property=\"og:image:type\" content=\"image\/webp\" \/>\n<meta name=\"twitter:card\" content=\"summary_large_image\" \/>\n<meta name=\"twitter:label1\" content=\"Est. reading time\" \/>\n\t<meta name=\"twitter:data1\" content=\"1 minute\" \/>\n<script type=\"application\/ld+json\" class=\"yoast-schema-graph\">{\"@context\":\"https:\\\/\\\/schema.org\",\"@graph\":[{\"@type\":\"WebPage\",\"@id\":\"https:\\\/\\\/www.museeduvin-valais.ch\\\/en\\\/produit\\\/le-vin-au-gout-du-jour\\\/\",\"url\":\"https:\\\/\\\/www.museeduvin-valais.ch\\\/en\\\/produit\\\/le-vin-au-gout-du-jour\\\/\",\"name\":\"Le vin au go\u00fbt du jour - Valais Vine and Wine Museum\",\"isPartOf\":{\"@id\":\"https:\\\/\\\/www.museeduvin-valais.ch\\\/en\\\/#website\"},\"primaryImageOfPage\":{\"@id\":\"https:\\\/\\\/www.museeduvin-valais.ch\\\/en\\\/produit\\\/le-vin-au-gout-du-jour\\\/#primaryimage\"},\"image\":{\"@id\":\"https:\\\/\\\/www.museeduvin-valais.ch\\\/en\\\/produit\\\/le-vin-au-gout-du-jour\\\/#primaryimage\"},\"thumbnailUrl\":\"https:\\\/\\\/www.museeduvin-valais.ch\\\/wp-content\\\/uploads\\\/2024\\\/09\\\/musee-du-vin-8_le-vin-au-gou\u2560et-du-jour_5_de-1.webp\",\"datePublished\":\"2024-09-02T06:34:58+00:00\",\"breadcrumb\":{\"@id\":\"https:\\\/\\\/www.museeduvin-valais.ch\\\/en\\\/produit\\\/le-vin-au-gout-du-jour\\\/#breadcrumb\"},\"inLanguage\":\"en-US\",\"potentialAction\":[{\"@type\":\"ReadAction\",\"target\":[\"https:\\\/\\\/www.museeduvin-valais.ch\\\/en\\\/produit\\\/le-vin-au-gout-du-jour\\\/\"]}]},{\"@type\":\"ImageObject\",\"inLanguage\":\"en-US\",\"@id\":\"https:\\\/\\\/www.museeduvin-valais.ch\\\/en\\\/produit\\\/le-vin-au-gout-du-jour\\\/#primaryimage\",\"url\":\"https:\\\/\\\/www.museeduvin-valais.ch\\\/wp-content\\\/uploads\\\/2024\\\/09\\\/musee-du-vin-8_le-vin-au-gou\u2560et-du-jour_5_de-1.webp\",\"contentUrl\":\"https:\\\/\\\/www.museeduvin-valais.ch\\\/wp-content\\\/uploads\\\/2024\\\/09\\\/musee-du-vin-8_le-vin-au-gou\u2560et-du-jour_5_de-1.webp\",\"width\":666,\"height\":1000},{\"@type\":\"BreadcrumbList\",\"@id\":\"https:\\\/\\\/www.museeduvin-valais.ch\\\/en\\\/produit\\\/le-vin-au-gout-du-jour\\\/#breadcrumb\",\"itemListElement\":[{\"@type\":\"ListItem\",\"position\":1,\"name\":\"Accueil\",\"item\":\"https:\\\/\\\/www.museeduvin-valais.ch\\\/en\\\/\"},{\"@type\":\"ListItem\",\"position\":2,\"name\":\"Shop\",\"item\":\"https:\\\/\\\/www.museeduvin-valais.ch\\\/en\\\/shop\\\/\"},{\"@type\":\"ListItem\",\"position\":3,\"name\":\"Le vin au go\u00fbt du jour\"}]},{\"@type\":\"WebSite\",\"@id\":\"https:\\\/\\\/www.museeduvin-valais.ch\\\/en\\\/#website\",\"url\":\"https:\\\/\\\/www.museeduvin-valais.ch\\\/en\\\/\",\"name\":\"Mus\u00e9e Valaisan de la vigne et du vin\",\"description\":\"\",\"publisher\":{\"@id\":\"https:\\\/\\\/www.museeduvin-valais.ch\\\/en\\\/#organization\"},\"alternateName\":\"Mus\u00e9e du vin\",\"potentialAction\":[{\"@type\":\"SearchAction\",\"target\":{\"@type\":\"EntryPoint\",\"urlTemplate\":\"https:\\\/\\\/www.museeduvin-valais.ch\\\/en\\\/?s={search_term_string}\"},\"query-input\":{\"@type\":\"PropertyValueSpecification\",\"valueRequired\":true,\"valueName\":\"search_term_string\"}}],\"inLanguage\":\"en-US\"},{\"@type\":\"Organization\",\"@id\":\"https:\\\/\\\/www.museeduvin-valais.ch\\\/en\\\/#organization\",\"name\":\"Mus\u00e9e Valaisan de la vigne et du vin\",\"url\":\"https:\\\/\\\/www.museeduvin-valais.ch\\\/en\\\/\",\"logo\":{\"@type\":\"ImageObject\",\"inLanguage\":\"en-US\",\"@id\":\"https:\\\/\\\/www.museeduvin-valais.ch\\\/en\\\/#\\\/schema\\\/logo\\\/image\\\/\",\"url\":\"https:\\\/\\\/www.museeduvin-valais.ch\\\/wp-content\\\/uploads\\\/2024\\\/11\\\/logo-mb.svg\",\"contentUrl\":\"https:\\\/\\\/www.museeduvin-valais.ch\\\/wp-content\\\/uploads\\\/2024\\\/11\\\/logo-mb.svg\",\"width\":1,\"height\":1,\"caption\":\"Mus\u00e9e Valaisan de la vigne et du vin\"},\"image\":{\"@id\":\"https:\\\/\\\/www.museeduvin-valais.ch\\\/en\\\/#\\\/schema\\\/logo\\\/image\\\/\"},\"sameAs\":[\"https:\\\/\\\/www.facebook.com\\\/museeduvin.weinmuseum\",\"https:\\\/\\\/www.instagram.com\\\/museeduvinvalais\"]}]}<\/script>\n<!-- \/ Yoast SEO plugin. -->","yoast_head_json":{"title":"Le vin au go\u00fbt du jour - Valais Vine and Wine Museum","robots":{"index":"index","follow":"follow","max-snippet":"max-snippet:-1","max-image-preview":"max-image-preview:large","max-video-preview":"max-video-preview:-1"},"canonical":"https:\/\/www.museeduvin-valais.ch\/en\/produit\/le-vin-au-gout-du-jour\/","og_locale":"en_US","og_type":"article","og_title":"Le vin au go\u00fbt du jour - Valais Vine and Wine Museum","og_description":"Au d\u00e9part, le go\u00fbt est une sensation intime, personnelle, singuli\u00e8re\u2026 Pourtant, les sciences humaines ont d\u00e9montr\u00e9 qu\u2019il s\u2019agit d\u2019un savoir acquis, une combinaison parfaite entre les donn\u00e9es sensorielles et les repr\u00e9sentations sociales. Les ar\u00f4mes, la couleur, les r\u00e9cipients, la culture de la vigne, la vinification, la personnalit\u00e9 de l\u2019\u0153nologue et le jugement des d\u00e9gustateurs participent [&hellip;]","og_url":"https:\/\/www.museeduvin-valais.ch\/en\/produit\/le-vin-au-gout-du-jour\/","og_site_name":"Valais Vine and Wine Museum","article_publisher":"https:\/\/www.facebook.com\/museeduvin.weinmuseum","og_image":[{"width":666,"height":1000,"url":"https:\/\/www.museeduvin-valais.ch\/wp-content\/uploads\/2024\/09\/musee-du-vin-8_le-vin-au-gou\u2560et-du-jour_5_de-1.webp","type":"image\/webp"}],"twitter_card":"summary_large_image","twitter_misc":{"Est. reading time":"1 minute"},"schema":{"@context":"https:\/\/schema.org","@graph":[{"@type":"WebPage","@id":"https:\/\/www.museeduvin-valais.ch\/en\/produit\/le-vin-au-gout-du-jour\/","url":"https:\/\/www.museeduvin-valais.ch\/en\/produit\/le-vin-au-gout-du-jour\/","name":"Le vin au go\u00fbt du jour - Valais Vine and Wine Museum","isPartOf":{"@id":"https:\/\/www.museeduvin-valais.ch\/en\/#website"},"primaryImageOfPage":{"@id":"https:\/\/www.museeduvin-valais.ch\/en\/produit\/le-vin-au-gout-du-jour\/#primaryimage"},"image":{"@id":"https:\/\/www.museeduvin-valais.ch\/en\/produit\/le-vin-au-gout-du-jour\/#primaryimage"},"thumbnailUrl":"https:\/\/www.museeduvin-valais.ch\/wp-content\/uploads\/2024\/09\/musee-du-vin-8_le-vin-au-gou\u2560et-du-jour_5_de-1.webp","datePublished":"2024-09-02T06:34:58+00:00","breadcrumb":{"@id":"https:\/\/www.museeduvin-valais.ch\/en\/produit\/le-vin-au-gout-du-jour\/#breadcrumb"},"inLanguage":"en-US","potentialAction":[{"@type":"ReadAction","target":["https:\/\/www.museeduvin-valais.ch\/en\/produit\/le-vin-au-gout-du-jour\/"]}]},{"@type":"ImageObject","inLanguage":"en-US","@id":"https:\/\/www.museeduvin-valais.ch\/en\/produit\/le-vin-au-gout-du-jour\/#primaryimage","url":"https:\/\/www.museeduvin-valais.ch\/wp-content\/uploads\/2024\/09\/musee-du-vin-8_le-vin-au-gou\u2560et-du-jour_5_de-1.webp","contentUrl":"https:\/\/www.museeduvin-valais.ch\/wp-content\/uploads\/2024\/09\/musee-du-vin-8_le-vin-au-gou\u2560et-du-jour_5_de-1.webp","width":666,"height":1000},{"@type":"BreadcrumbList","@id":"https:\/\/www.museeduvin-valais.ch\/en\/produit\/le-vin-au-gout-du-jour\/#breadcrumb","itemListElement":[{"@type":"ListItem","position":1,"name":"Accueil","item":"https:\/\/www.museeduvin-valais.ch\/en\/"},{"@type":"ListItem","position":2,"name":"Shop","item":"https:\/\/www.museeduvin-valais.ch\/en\/shop\/"},{"@type":"ListItem","position":3,"name":"Le vin au go\u00fbt du jour"}]},{"@type":"WebSite","@id":"https:\/\/www.museeduvin-valais.ch\/en\/#website","url":"https:\/\/www.museeduvin-valais.ch\/en\/","name":"Mus\u00e9e Valaisan de la vigne et du vin","description":"","publisher":{"@id":"https:\/\/www.museeduvin-valais.ch\/en\/#organization"},"alternateName":"Mus\u00e9e du vin","potentialAction":[{"@type":"SearchAction","target":{"@type":"EntryPoint","urlTemplate":"https:\/\/www.museeduvin-valais.ch\/en\/?s={search_term_string}"},"query-input":{"@type":"PropertyValueSpecification","valueRequired":true,"valueName":"search_term_string"}}],"inLanguage":"en-US"},{"@type":"Organization","@id":"https:\/\/www.museeduvin-valais.ch\/en\/#organization","name":"Mus\u00e9e Valaisan de la vigne et du vin","url":"https:\/\/www.museeduvin-valais.ch\/en\/","logo":{"@type":"ImageObject","inLanguage":"en-US","@id":"https:\/\/www.museeduvin-valais.ch\/en\/#\/schema\/logo\/image\/","url":"https:\/\/www.museeduvin-valais.ch\/wp-content\/uploads\/2024\/11\/logo-mb.svg","contentUrl":"https:\/\/www.museeduvin-valais.ch\/wp-content\/uploads\/2024\/11\/logo-mb.svg","width":1,"height":1,"caption":"Mus\u00e9e Valaisan de la vigne et du vin"},"image":{"@id":"https:\/\/www.museeduvin-valais.ch\/en\/#\/schema\/logo\/image\/"},"sameAs":["https:\/\/www.facebook.com\/museeduvin.weinmuseum","https:\/\/www.instagram.com\/museeduvinvalais"]}]}},"_links":{"self":[{"href":"https:\/\/www.museeduvin-valais.ch\/en\/wp-json\/wp\/v2\/product\/2650","targetHints":{"allow":["GET"]}}],"collection":[{"href":"https:\/\/www.museeduvin-valais.ch\/en\/wp-json\/wp\/v2\/product"}],"about":[{"href":"https:\/\/www.museeduvin-valais.ch\/en\/wp-json\/wp\/v2\/types\/product"}],"wp:featuredmedia":[{"embeddable":true,"href":"https:\/\/www.museeduvin-valais.ch\/en\/wp-json\/wp\/v2\/media\/1697"}],"wp:attachment":[{"href":"https:\/\/www.museeduvin-valais.ch\/en\/wp-json\/wp\/v2\/media?parent=2650"}],"wp:term":[{"taxonomy":"product_brand","embeddable":true,"href":"https:\/\/www.museeduvin-valais.ch\/en\/wp-json\/wp\/v2\/product_brand?post=2650"},{"taxonomy":"product_cat","embeddable":true,"href":"https:\/\/www.museeduvin-valais.ch\/en\/wp-json\/wp\/v2\/product_cat?post=2650"},{"taxonomy":"product_tag","embeddable":true,"href":"https:\/\/www.museeduvin-valais.ch\/en\/wp-json\/wp\/v2\/product_tag?post=2650"}],"curies":[{"name":"wp","href":"https:\/\/api.w.org\/{rel}","templated":true}]}}