{"id":2644,"date":"2024-09-02T08:45:02","date_gmt":"2024-09-02T06:45:02","guid":{"rendered":"https:\/\/www.museeduvin-valais.ch\/produit\/sentier-viticole\/"},"modified":"2024-09-02T08:45:02","modified_gmt":"2024-09-02T06:45:02","slug":"sentier-viticole","status":"publish","type":"product","link":"https:\/\/www.museeduvin-valais.ch\/en\/produit\/sentier-viticole\/","title":{"rendered":"Sentier viticole"},"content":{"rendered":"<p>Le Sentier viticole\u2026<br \/>\n\u2026 un puzzle \u00e0 d\u00e9chiffrer, un paysage am\u00e9nag\u00e9 et transform\u00e9 par l\u2019Homme, un paysage \u00e0 lire et \u00e0 interpr\u00e9ter, un paysage vivant qui s\u2019ins\u00e8re dans la r\u00e9alit\u00e9 \u00e9conomique, sociale et culturelle de la r\u00e9gion.<br \/>\n\u2026 m\u00e9diateur entre les vignerons dont le labeur mill\u00e9naire permet l\u2019\u00e9laboration de grands crus et le public qui les d\u00e9guste et cherche \u00e0 percer le myst\u00e8re de la complexit\u00e9 qui se cache dans le verre.<br \/>\n\u2026 miroir de la viticulture valaisanne, il met l\u2019accent sur l\u2019actualit\u00e9 tout en r\u00e9v\u00e9lant les liens avec le pass\u00e9 et les mutations toujours en cours.<\/p>\n<p>Direction : Nicolas Bagnoud<\/p>\n<p>Auteurs : Henri Ma\u00eetre, Jean-Pierre Michellod, Michel Pont, Jean-Claude Praz, Augustin Schmid, Anne-Dominique Zufferey<\/p>\n<p>Parution : 2006<br \/>\n\u00c9diteurs : Mus\u00e9e du Vin<br \/>\nFormat : 29 x 21 cm \/ 88 pages<\/p>\n","protected":false},"excerpt":{"rendered":"<p>Le Sentier viticole\u2026 \u2026 un puzzle \u00e0 d\u00e9chiffrer, un paysage am\u00e9nag\u00e9 et transform\u00e9 par l\u2019Homme, un paysage \u00e0 lire et \u00e0 interpr\u00e9ter, un paysage vivant qui s\u2019ins\u00e8re dans la r\u00e9alit\u00e9 \u00e9conomique, sociale et culturelle de la r\u00e9gion. \u2026 m\u00e9diateur entre les vignerons dont le labeur mill\u00e9naire permet l\u2019\u00e9laboration de grands crus et le public qui [&hellip;]<\/p>\n","protected":false},"featured_media":1667,"template":"","meta":{"_acf_changed":false},"product_brand":[],"product_cat":[44],"product_tag":[],"class_list":{"0":"post-2644","1":"product","2":"type-product","3":"status-publish","4":"has-post-thumbnail","6":"product_cat-uncategorized","8":"first","9":"instock","10":"taxable","11":"shipping-taxable","12":"purchasable","13":"product-type-simple"},"acf":[],"yoast_head":"<!-- This site is optimized with the Yoast SEO plugin v27.2 - https:\/\/yoast.com\/product\/yoast-seo-wordpress\/ -->\n<title>Sentier viticole - Valais Vine and Wine Museum<\/title>\n<meta name=\"robots\" content=\"index, follow, max-snippet:-1, max-image-preview:large, max-video-preview:-1\" \/>\n<link rel=\"canonical\" href=\"https:\/\/www.museeduvin-valais.ch\/en\/produit\/sentier-viticole\/\" \/>\n<meta property=\"og:locale\" content=\"en_US\" \/>\n<meta property=\"og:type\" content=\"article\" \/>\n<meta property=\"og:title\" content=\"Sentier viticole - Valais Vine and Wine Museum\" \/>\n<meta property=\"og:description\" content=\"Le Sentier viticole\u2026 \u2026 un puzzle \u00e0 d\u00e9chiffrer, un paysage am\u00e9nag\u00e9 et transform\u00e9 par l\u2019Homme, un paysage \u00e0 lire et \u00e0 interpr\u00e9ter, un paysage vivant qui s\u2019ins\u00e8re dans la r\u00e9alit\u00e9 \u00e9conomique, sociale et culturelle de la r\u00e9gion. \u2026 m\u00e9diateur entre les vignerons dont le labeur mill\u00e9naire permet l\u2019\u00e9laboration de grands crus et le public qui [&hellip;]\" \/>\n<meta property=\"og:url\" content=\"https:\/\/www.museeduvin-valais.ch\/en\/produit\/sentier-viticole\/\" \/>\n<meta property=\"og:site_name\" content=\"Valais Vine and Wine Museum\" \/>\n<meta property=\"article:publisher\" content=\"https:\/\/www.facebook.com\/museeduvin.weinmuseum\" \/>\n<meta property=\"og:image\" content=\"https:\/\/www.museeduvin-valais.ch\/wp-content\/uploads\/2024\/09\/musee-du-vin-15_sentier-viticole_6_de.webp\" \/>\n\t<meta property=\"og:image:width\" content=\"1920\" \/>\n\t<meta property=\"og:image:height\" content=\"1368\" \/>\n\t<meta property=\"og:image:type\" content=\"image\/webp\" \/>\n<meta name=\"twitter:card\" content=\"summary_large_image\" \/>\n<meta name=\"twitter:label1\" content=\"Est. reading time\" \/>\n\t<meta name=\"twitter:data1\" content=\"1 minute\" \/>\n<script type=\"application\/ld+json\" class=\"yoast-schema-graph\">{\"@context\":\"https:\/\/schema.org\",\"@graph\":[{\"@type\":\"WebPage\",\"@id\":\"https:\/\/www.museeduvin-valais.ch\/en\/produit\/sentier-viticole\/\",\"url\":\"https:\/\/www.museeduvin-valais.ch\/en\/produit\/sentier-viticole\/\",\"name\":\"Sentier viticole - Valais Vine and Wine Museum\",\"isPartOf\":{\"@id\":\"https:\/\/www.museeduvin-valais.ch\/en\/#website\"},\"primaryImageOfPage\":{\"@id\":\"https:\/\/www.museeduvin-valais.ch\/en\/produit\/sentier-viticole\/#primaryimage\"},\"image\":{\"@id\":\"https:\/\/www.museeduvin-valais.ch\/en\/produit\/sentier-viticole\/#primaryimage\"},\"thumbnailUrl\":\"https:\/\/www.museeduvin-valais.ch\/wp-content\/uploads\/2024\/09\/musee-du-vin-15_sentier-viticole_6_de.webp\",\"datePublished\":\"2024-09-02T06:45:02+00:00\",\"breadcrumb\":{\"@id\":\"https:\/\/www.museeduvin-valais.ch\/en\/produit\/sentier-viticole\/#breadcrumb\"},\"inLanguage\":\"en-US\",\"potentialAction\":[{\"@type\":\"ReadAction\",\"target\":[\"https:\/\/www.museeduvin-valais.ch\/en\/produit\/sentier-viticole\/\"]}]},{\"@type\":\"ImageObject\",\"inLanguage\":\"en-US\",\"@id\":\"https:\/\/www.museeduvin-valais.ch\/en\/produit\/sentier-viticole\/#primaryimage\",\"url\":\"https:\/\/www.museeduvin-valais.ch\/wp-content\/uploads\/2024\/09\/musee-du-vin-15_sentier-viticole_6_de.webp\",\"contentUrl\":\"https:\/\/www.museeduvin-valais.ch\/wp-content\/uploads\/2024\/09\/musee-du-vin-15_sentier-viticole_6_de.webp\",\"width\":1920,\"height\":1368},{\"@type\":\"BreadcrumbList\",\"@id\":\"https:\/\/www.museeduvin-valais.ch\/en\/produit\/sentier-viticole\/#breadcrumb\",\"itemListElement\":[{\"@type\":\"ListItem\",\"position\":1,\"name\":\"Accueil\",\"item\":\"https:\/\/www.museeduvin-valais.ch\/en\/\"},{\"@type\":\"ListItem\",\"position\":2,\"name\":\"Shop\",\"item\":\"https:\/\/www.museeduvin-valais.ch\/en\/shop\/\"},{\"@type\":\"ListItem\",\"position\":3,\"name\":\"Sentier viticole\"}]},{\"@type\":\"WebSite\",\"@id\":\"https:\/\/www.museeduvin-valais.ch\/en\/#website\",\"url\":\"https:\/\/www.museeduvin-valais.ch\/en\/\",\"name\":\"Mus\u00e9e Valaisan de la vigne et du vin\",\"description\":\"\",\"publisher\":{\"@id\":\"https:\/\/www.museeduvin-valais.ch\/en\/#organization\"},\"alternateName\":\"Mus\u00e9e du vin\",\"potentialAction\":[{\"@type\":\"SearchAction\",\"target\":{\"@type\":\"EntryPoint\",\"urlTemplate\":\"https:\/\/www.museeduvin-valais.ch\/en\/?s={search_term_string}\"},\"query-input\":{\"@type\":\"PropertyValueSpecification\",\"valueRequired\":true,\"valueName\":\"search_term_string\"}}],\"inLanguage\":\"en-US\"},{\"@type\":\"Organization\",\"@id\":\"https:\/\/www.museeduvin-valais.ch\/en\/#organization\",\"name\":\"Mus\u00e9e Valaisan de la vigne et du vin\",\"url\":\"https:\/\/www.museeduvin-valais.ch\/en\/\",\"logo\":{\"@type\":\"ImageObject\",\"inLanguage\":\"en-US\",\"@id\":\"https:\/\/www.museeduvin-valais.ch\/en\/#\/schema\/logo\/image\/\",\"url\":\"https:\/\/www.museeduvin-valais.ch\/wp-content\/uploads\/2024\/11\/logo-mb.svg\",\"contentUrl\":\"https:\/\/www.museeduvin-valais.ch\/wp-content\/uploads\/2024\/11\/logo-mb.svg\",\"width\":1,\"height\":1,\"caption\":\"Mus\u00e9e Valaisan de la vigne et du vin\"},\"image\":{\"@id\":\"https:\/\/www.museeduvin-valais.ch\/en\/#\/schema\/logo\/image\/\"},\"sameAs\":[\"https:\/\/www.facebook.com\/museeduvin.weinmuseum\",\"https:\/\/www.instagram.com\/museeduvinvalais\"]}]}<\/script>\n<!-- \/ Yoast SEO plugin. -->","yoast_head_json":{"title":"Sentier viticole - Valais Vine and Wine Museum","robots":{"index":"index","follow":"follow","max-snippet":"max-snippet:-1","max-image-preview":"max-image-preview:large","max-video-preview":"max-video-preview:-1"},"canonical":"https:\/\/www.museeduvin-valais.ch\/en\/produit\/sentier-viticole\/","og_locale":"en_US","og_type":"article","og_title":"Sentier viticole - Valais Vine and Wine Museum","og_description":"Le Sentier viticole\u2026 \u2026 un puzzle \u00e0 d\u00e9chiffrer, un paysage am\u00e9nag\u00e9 et transform\u00e9 par l\u2019Homme, un paysage \u00e0 lire et \u00e0 interpr\u00e9ter, un paysage vivant qui s\u2019ins\u00e8re dans la r\u00e9alit\u00e9 \u00e9conomique, sociale et culturelle de la r\u00e9gion. \u2026 m\u00e9diateur entre les vignerons dont le labeur mill\u00e9naire permet l\u2019\u00e9laboration de grands crus et le public qui [&hellip;]","og_url":"https:\/\/www.museeduvin-valais.ch\/en\/produit\/sentier-viticole\/","og_site_name":"Valais Vine and Wine Museum","article_publisher":"https:\/\/www.facebook.com\/museeduvin.weinmuseum","og_image":[{"width":1920,"height":1368,"url":"https:\/\/www.museeduvin-valais.ch\/wp-content\/uploads\/2024\/09\/musee-du-vin-15_sentier-viticole_6_de.webp","type":"image\/webp"}],"twitter_card":"summary_large_image","twitter_misc":{"Est. reading time":"1 minute"},"schema":{"@context":"https:\/\/schema.org","@graph":[{"@type":"WebPage","@id":"https:\/\/www.museeduvin-valais.ch\/en\/produit\/sentier-viticole\/","url":"https:\/\/www.museeduvin-valais.ch\/en\/produit\/sentier-viticole\/","name":"Sentier viticole - Valais Vine and Wine Museum","isPartOf":{"@id":"https:\/\/www.museeduvin-valais.ch\/en\/#website"},"primaryImageOfPage":{"@id":"https:\/\/www.museeduvin-valais.ch\/en\/produit\/sentier-viticole\/#primaryimage"},"image":{"@id":"https:\/\/www.museeduvin-valais.ch\/en\/produit\/sentier-viticole\/#primaryimage"},"thumbnailUrl":"https:\/\/www.museeduvin-valais.ch\/wp-content\/uploads\/2024\/09\/musee-du-vin-15_sentier-viticole_6_de.webp","datePublished":"2024-09-02T06:45:02+00:00","breadcrumb":{"@id":"https:\/\/www.museeduvin-valais.ch\/en\/produit\/sentier-viticole\/#breadcrumb"},"inLanguage":"en-US","potentialAction":[{"@type":"ReadAction","target":["https:\/\/www.museeduvin-valais.ch\/en\/produit\/sentier-viticole\/"]}]},{"@type":"ImageObject","inLanguage":"en-US","@id":"https:\/\/www.museeduvin-valais.ch\/en\/produit\/sentier-viticole\/#primaryimage","url":"https:\/\/www.museeduvin-valais.ch\/wp-content\/uploads\/2024\/09\/musee-du-vin-15_sentier-viticole_6_de.webp","contentUrl":"https:\/\/www.museeduvin-valais.ch\/wp-content\/uploads\/2024\/09\/musee-du-vin-15_sentier-viticole_6_de.webp","width":1920,"height":1368},{"@type":"BreadcrumbList","@id":"https:\/\/www.museeduvin-valais.ch\/en\/produit\/sentier-viticole\/#breadcrumb","itemListElement":[{"@type":"ListItem","position":1,"name":"Accueil","item":"https:\/\/www.museeduvin-valais.ch\/en\/"},{"@type":"ListItem","position":2,"name":"Shop","item":"https:\/\/www.museeduvin-valais.ch\/en\/shop\/"},{"@type":"ListItem","position":3,"name":"Sentier viticole"}]},{"@type":"WebSite","@id":"https:\/\/www.museeduvin-valais.ch\/en\/#website","url":"https:\/\/www.museeduvin-valais.ch\/en\/","name":"Mus\u00e9e Valaisan de la vigne et du vin","description":"","publisher":{"@id":"https:\/\/www.museeduvin-valais.ch\/en\/#organization"},"alternateName":"Mus\u00e9e du vin","potentialAction":[{"@type":"SearchAction","target":{"@type":"EntryPoint","urlTemplate":"https:\/\/www.museeduvin-valais.ch\/en\/?s={search_term_string}"},"query-input":{"@type":"PropertyValueSpecification","valueRequired":true,"valueName":"search_term_string"}}],"inLanguage":"en-US"},{"@type":"Organization","@id":"https:\/\/www.museeduvin-valais.ch\/en\/#organization","name":"Mus\u00e9e Valaisan de la vigne et du vin","url":"https:\/\/www.museeduvin-valais.ch\/en\/","logo":{"@type":"ImageObject","inLanguage":"en-US","@id":"https:\/\/www.museeduvin-valais.ch\/en\/#\/schema\/logo\/image\/","url":"https:\/\/www.museeduvin-valais.ch\/wp-content\/uploads\/2024\/11\/logo-mb.svg","contentUrl":"https:\/\/www.museeduvin-valais.ch\/wp-content\/uploads\/2024\/11\/logo-mb.svg","width":1,"height":1,"caption":"Mus\u00e9e Valaisan de la vigne et du vin"},"image":{"@id":"https:\/\/www.museeduvin-valais.ch\/en\/#\/schema\/logo\/image\/"},"sameAs":["https:\/\/www.facebook.com\/museeduvin.weinmuseum","https:\/\/www.instagram.com\/museeduvinvalais"]}]}},"_links":{"self":[{"href":"https:\/\/www.museeduvin-valais.ch\/en\/wp-json\/wp\/v2\/product\/2644","targetHints":{"allow":["GET"]}}],"collection":[{"href":"https:\/\/www.museeduvin-valais.ch\/en\/wp-json\/wp\/v2\/product"}],"about":[{"href":"https:\/\/www.museeduvin-valais.ch\/en\/wp-json\/wp\/v2\/types\/product"}],"wp:featuredmedia":[{"embeddable":true,"href":"https:\/\/www.museeduvin-valais.ch\/en\/wp-json\/wp\/v2\/media\/1667"}],"wp:attachment":[{"href":"https:\/\/www.museeduvin-valais.ch\/en\/wp-json\/wp\/v2\/media?parent=2644"}],"wp:term":[{"taxonomy":"product_brand","embeddable":true,"href":"https:\/\/www.museeduvin-valais.ch\/en\/wp-json\/wp\/v2\/product_brand?post=2644"},{"taxonomy":"product_cat","embeddable":true,"href":"https:\/\/www.museeduvin-valais.ch\/en\/wp-json\/wp\/v2\/product_cat?post=2644"},{"taxonomy":"product_tag","embeddable":true,"href":"https:\/\/www.museeduvin-valais.ch\/en\/wp-json\/wp\/v2\/product_tag?post=2644"}],"curies":[{"name":"wp","href":"https:\/\/api.w.org\/{rel}","templated":true}]}}