{"id":2643,"date":"2024-09-02T08:50:34","date_gmt":"2024-09-02T06:50:34","guid":{"rendered":"https:\/\/www.museeduvin-valais.ch\/produit\/quand-le-bois-sert-a-boire\/"},"modified":"2024-09-02T08:50:34","modified_gmt":"2024-09-02T06:50:34","slug":"quand-le-bois-sert-a-boire","status":"publish","type":"product","link":"https:\/\/www.museeduvin-valais.ch\/en\/produit\/quand-le-bois-sert-a-boire\/","title":{"rendered":"Quand le bois sert \u00e0 boire"},"content":{"rendered":"<p>De la fabrication d&#8217;un gobelet en bois \u00e0 ses usages durant l&#8217;Antiquit\u00e9 et le Moyen \u00c2ge, de la coupe de l&#8217;accouch\u00e9e contenant l&#8217;Humagne blanche cens\u00e9e requinquer les jeunes m\u00e8res aux gobelets de Bourgeoisie remplis du centenaire vin des Glaciers, cette publication r\u00e9v\u00e8le des connaissances nouvelles et originales sur le r\u00f4le du vin dans la culture et la soci\u00e9t\u00e9 valaisanne.<\/p>\n<p>Direction : Anne-Dominique Zufferey-P\u00e9risset<\/p>\n<p>Auteurs : Philippe Curdy, Pierre Dubuis, Val\u00e9rie Lamon Zuchuat, Samuel Pont, Isabelle Raboud-Sch\u00fcle, Claude Veuillet, Anne-Dominique Zufferey<\/p>\n<p>Parution : 2005<br \/>\n\u00c9diteurs : Mus\u00e9e du Vin<br \/>\nFormat : 22.5 x 29 cm \/ 79 pages<\/p>\n","protected":false},"excerpt":{"rendered":"<p>De la fabrication d&#8217;un gobelet en bois \u00e0 ses usages durant l&#8217;Antiquit\u00e9 et le Moyen \u00c2ge, de la coupe de l&#8217;accouch\u00e9e contenant l&#8217;Humagne blanche cens\u00e9e requinquer les jeunes m\u00e8res aux gobelets de Bourgeoisie remplis du centenaire vin des Glaciers, cette publication r\u00e9v\u00e8le des connaissances nouvelles et originales sur le r\u00f4le du vin dans la culture [&hellip;]<\/p>\n","protected":false},"featured_media":1673,"template":"","meta":{"_acf_changed":false},"product_brand":[],"product_cat":[44],"product_tag":[],"class_list":{"0":"post-2643","1":"product","2":"type-product","3":"status-publish","4":"has-post-thumbnail","6":"product_cat-uncategorized","8":"first","9":"instock","10":"taxable","11":"shipping-taxable","12":"purchasable","13":"product-type-simple"},"acf":[],"yoast_head":"<!-- This site is optimized with the Yoast SEO plugin v27.2 - https:\/\/yoast.com\/product\/yoast-seo-wordpress\/ -->\n<title>Quand le bois sert \u00e0 boire - Valais Vine and Wine Museum<\/title>\n<meta name=\"robots\" content=\"index, follow, max-snippet:-1, max-image-preview:large, max-video-preview:-1\" \/>\n<link rel=\"canonical\" href=\"https:\/\/www.museeduvin-valais.ch\/en\/produit\/quand-le-bois-sert-a-boire\/\" \/>\n<meta property=\"og:locale\" content=\"en_US\" \/>\n<meta property=\"og:type\" content=\"article\" \/>\n<meta property=\"og:title\" content=\"Quand le bois sert \u00e0 boire - Valais Vine and Wine Museum\" \/>\n<meta property=\"og:description\" content=\"De la fabrication d&#8217;un gobelet en bois \u00e0 ses usages durant l&#8217;Antiquit\u00e9 et le Moyen \u00c2ge, de la coupe de l&#8217;accouch\u00e9e contenant l&#8217;Humagne blanche cens\u00e9e requinquer les jeunes m\u00e8res aux gobelets de Bourgeoisie remplis du centenaire vin des Glaciers, cette publication r\u00e9v\u00e8le des connaissances nouvelles et originales sur le r\u00f4le du vin dans la culture [&hellip;]\" \/>\n<meta property=\"og:url\" content=\"https:\/\/www.museeduvin-valais.ch\/en\/produit\/quand-le-bois-sert-a-boire\/\" \/>\n<meta property=\"og:site_name\" content=\"Valais Vine and Wine Museum\" \/>\n<meta property=\"article:publisher\" content=\"https:\/\/www.facebook.com\/museeduvin.weinmuseum\" \/>\n<meta property=\"og:image\" content=\"https:\/\/www.museeduvin-valais.ch\/wp-content\/uploads\/2024\/09\/musee-du-vin-16_quand-le-bois.webp\" \/>\n\t<meta property=\"og:image:width\" content=\"763\" \/>\n\t<meta property=\"og:image:height\" content=\"1000\" \/>\n\t<meta property=\"og:image:type\" content=\"image\/webp\" \/>\n<meta name=\"twitter:card\" content=\"summary_large_image\" \/>\n<script type=\"application\/ld+json\" class=\"yoast-schema-graph\">{\"@context\":\"https:\/\/schema.org\",\"@graph\":[{\"@type\":\"WebPage\",\"@id\":\"https:\/\/www.museeduvin-valais.ch\/en\/produit\/quand-le-bois-sert-a-boire\/\",\"url\":\"https:\/\/www.museeduvin-valais.ch\/en\/produit\/quand-le-bois-sert-a-boire\/\",\"name\":\"Quand le bois sert \u00e0 boire - Valais Vine and Wine Museum\",\"isPartOf\":{\"@id\":\"https:\/\/www.museeduvin-valais.ch\/en\/#website\"},\"primaryImageOfPage\":{\"@id\":\"https:\/\/www.museeduvin-valais.ch\/en\/produit\/quand-le-bois-sert-a-boire\/#primaryimage\"},\"image\":{\"@id\":\"https:\/\/www.museeduvin-valais.ch\/en\/produit\/quand-le-bois-sert-a-boire\/#primaryimage\"},\"thumbnailUrl\":\"https:\/\/www.museeduvin-valais.ch\/wp-content\/uploads\/2024\/09\/musee-du-vin-16_quand-le-bois.webp\",\"datePublished\":\"2024-09-02T06:50:34+00:00\",\"breadcrumb\":{\"@id\":\"https:\/\/www.museeduvin-valais.ch\/en\/produit\/quand-le-bois-sert-a-boire\/#breadcrumb\"},\"inLanguage\":\"en-US\",\"potentialAction\":[{\"@type\":\"ReadAction\",\"target\":[\"https:\/\/www.museeduvin-valais.ch\/en\/produit\/quand-le-bois-sert-a-boire\/\"]}]},{\"@type\":\"ImageObject\",\"inLanguage\":\"en-US\",\"@id\":\"https:\/\/www.museeduvin-valais.ch\/en\/produit\/quand-le-bois-sert-a-boire\/#primaryimage\",\"url\":\"https:\/\/www.museeduvin-valais.ch\/wp-content\/uploads\/2024\/09\/musee-du-vin-16_quand-le-bois.webp\",\"contentUrl\":\"https:\/\/www.museeduvin-valais.ch\/wp-content\/uploads\/2024\/09\/musee-du-vin-16_quand-le-bois.webp\",\"width\":763,\"height\":1000},{\"@type\":\"BreadcrumbList\",\"@id\":\"https:\/\/www.museeduvin-valais.ch\/en\/produit\/quand-le-bois-sert-a-boire\/#breadcrumb\",\"itemListElement\":[{\"@type\":\"ListItem\",\"position\":1,\"name\":\"Accueil\",\"item\":\"https:\/\/www.museeduvin-valais.ch\/en\/\"},{\"@type\":\"ListItem\",\"position\":2,\"name\":\"Shop\",\"item\":\"https:\/\/www.museeduvin-valais.ch\/en\/shop\/\"},{\"@type\":\"ListItem\",\"position\":3,\"name\":\"Quand le bois sert \u00e0 boire\"}]},{\"@type\":\"WebSite\",\"@id\":\"https:\/\/www.museeduvin-valais.ch\/en\/#website\",\"url\":\"https:\/\/www.museeduvin-valais.ch\/en\/\",\"name\":\"Mus\u00e9e Valaisan de la vigne et du vin\",\"description\":\"\",\"publisher\":{\"@id\":\"https:\/\/www.museeduvin-valais.ch\/en\/#organization\"},\"alternateName\":\"Mus\u00e9e du vin\",\"potentialAction\":[{\"@type\":\"SearchAction\",\"target\":{\"@type\":\"EntryPoint\",\"urlTemplate\":\"https:\/\/www.museeduvin-valais.ch\/en\/?s={search_term_string}\"},\"query-input\":{\"@type\":\"PropertyValueSpecification\",\"valueRequired\":true,\"valueName\":\"search_term_string\"}}],\"inLanguage\":\"en-US\"},{\"@type\":\"Organization\",\"@id\":\"https:\/\/www.museeduvin-valais.ch\/en\/#organization\",\"name\":\"Mus\u00e9e Valaisan de la vigne et du vin\",\"url\":\"https:\/\/www.museeduvin-valais.ch\/en\/\",\"logo\":{\"@type\":\"ImageObject\",\"inLanguage\":\"en-US\",\"@id\":\"https:\/\/www.museeduvin-valais.ch\/en\/#\/schema\/logo\/image\/\",\"url\":\"https:\/\/www.museeduvin-valais.ch\/wp-content\/uploads\/2024\/11\/logo-mb.svg\",\"contentUrl\":\"https:\/\/www.museeduvin-valais.ch\/wp-content\/uploads\/2024\/11\/logo-mb.svg\",\"width\":1,\"height\":1,\"caption\":\"Mus\u00e9e Valaisan de la vigne et du vin\"},\"image\":{\"@id\":\"https:\/\/www.museeduvin-valais.ch\/en\/#\/schema\/logo\/image\/\"},\"sameAs\":[\"https:\/\/www.facebook.com\/museeduvin.weinmuseum\",\"https:\/\/www.instagram.com\/museeduvinvalais\"]}]}<\/script>\n<!-- \/ Yoast SEO plugin. -->","yoast_head_json":{"title":"Quand le bois sert \u00e0 boire - Valais Vine and Wine Museum","robots":{"index":"index","follow":"follow","max-snippet":"max-snippet:-1","max-image-preview":"max-image-preview:large","max-video-preview":"max-video-preview:-1"},"canonical":"https:\/\/www.museeduvin-valais.ch\/en\/produit\/quand-le-bois-sert-a-boire\/","og_locale":"en_US","og_type":"article","og_title":"Quand le bois sert \u00e0 boire - Valais Vine and Wine Museum","og_description":"De la fabrication d&#8217;un gobelet en bois \u00e0 ses usages durant l&#8217;Antiquit\u00e9 et le Moyen \u00c2ge, de la coupe de l&#8217;accouch\u00e9e contenant l&#8217;Humagne blanche cens\u00e9e requinquer les jeunes m\u00e8res aux gobelets de Bourgeoisie remplis du centenaire vin des Glaciers, cette publication r\u00e9v\u00e8le des connaissances nouvelles et originales sur le r\u00f4le du vin dans la culture [&hellip;]","og_url":"https:\/\/www.museeduvin-valais.ch\/en\/produit\/quand-le-bois-sert-a-boire\/","og_site_name":"Valais Vine and Wine Museum","article_publisher":"https:\/\/www.facebook.com\/museeduvin.weinmuseum","og_image":[{"width":763,"height":1000,"url":"https:\/\/www.museeduvin-valais.ch\/wp-content\/uploads\/2024\/09\/musee-du-vin-16_quand-le-bois.webp","type":"image\/webp"}],"twitter_card":"summary_large_image","schema":{"@context":"https:\/\/schema.org","@graph":[{"@type":"WebPage","@id":"https:\/\/www.museeduvin-valais.ch\/en\/produit\/quand-le-bois-sert-a-boire\/","url":"https:\/\/www.museeduvin-valais.ch\/en\/produit\/quand-le-bois-sert-a-boire\/","name":"Quand le bois sert \u00e0 boire - Valais Vine and Wine Museum","isPartOf":{"@id":"https:\/\/www.museeduvin-valais.ch\/en\/#website"},"primaryImageOfPage":{"@id":"https:\/\/www.museeduvin-valais.ch\/en\/produit\/quand-le-bois-sert-a-boire\/#primaryimage"},"image":{"@id":"https:\/\/www.museeduvin-valais.ch\/en\/produit\/quand-le-bois-sert-a-boire\/#primaryimage"},"thumbnailUrl":"https:\/\/www.museeduvin-valais.ch\/wp-content\/uploads\/2024\/09\/musee-du-vin-16_quand-le-bois.webp","datePublished":"2024-09-02T06:50:34+00:00","breadcrumb":{"@id":"https:\/\/www.museeduvin-valais.ch\/en\/produit\/quand-le-bois-sert-a-boire\/#breadcrumb"},"inLanguage":"en-US","potentialAction":[{"@type":"ReadAction","target":["https:\/\/www.museeduvin-valais.ch\/en\/produit\/quand-le-bois-sert-a-boire\/"]}]},{"@type":"ImageObject","inLanguage":"en-US","@id":"https:\/\/www.museeduvin-valais.ch\/en\/produit\/quand-le-bois-sert-a-boire\/#primaryimage","url":"https:\/\/www.museeduvin-valais.ch\/wp-content\/uploads\/2024\/09\/musee-du-vin-16_quand-le-bois.webp","contentUrl":"https:\/\/www.museeduvin-valais.ch\/wp-content\/uploads\/2024\/09\/musee-du-vin-16_quand-le-bois.webp","width":763,"height":1000},{"@type":"BreadcrumbList","@id":"https:\/\/www.museeduvin-valais.ch\/en\/produit\/quand-le-bois-sert-a-boire\/#breadcrumb","itemListElement":[{"@type":"ListItem","position":1,"name":"Accueil","item":"https:\/\/www.museeduvin-valais.ch\/en\/"},{"@type":"ListItem","position":2,"name":"Shop","item":"https:\/\/www.museeduvin-valais.ch\/en\/shop\/"},{"@type":"ListItem","position":3,"name":"Quand le bois sert \u00e0 boire"}]},{"@type":"WebSite","@id":"https:\/\/www.museeduvin-valais.ch\/en\/#website","url":"https:\/\/www.museeduvin-valais.ch\/en\/","name":"Mus\u00e9e Valaisan de la vigne et du vin","description":"","publisher":{"@id":"https:\/\/www.museeduvin-valais.ch\/en\/#organization"},"alternateName":"Mus\u00e9e du vin","potentialAction":[{"@type":"SearchAction","target":{"@type":"EntryPoint","urlTemplate":"https:\/\/www.museeduvin-valais.ch\/en\/?s={search_term_string}"},"query-input":{"@type":"PropertyValueSpecification","valueRequired":true,"valueName":"search_term_string"}}],"inLanguage":"en-US"},{"@type":"Organization","@id":"https:\/\/www.museeduvin-valais.ch\/en\/#organization","name":"Mus\u00e9e Valaisan de la vigne et du vin","url":"https:\/\/www.museeduvin-valais.ch\/en\/","logo":{"@type":"ImageObject","inLanguage":"en-US","@id":"https:\/\/www.museeduvin-valais.ch\/en\/#\/schema\/logo\/image\/","url":"https:\/\/www.museeduvin-valais.ch\/wp-content\/uploads\/2024\/11\/logo-mb.svg","contentUrl":"https:\/\/www.museeduvin-valais.ch\/wp-content\/uploads\/2024\/11\/logo-mb.svg","width":1,"height":1,"caption":"Mus\u00e9e Valaisan de la vigne et du vin"},"image":{"@id":"https:\/\/www.museeduvin-valais.ch\/en\/#\/schema\/logo\/image\/"},"sameAs":["https:\/\/www.facebook.com\/museeduvin.weinmuseum","https:\/\/www.instagram.com\/museeduvinvalais"]}]}},"_links":{"self":[{"href":"https:\/\/www.museeduvin-valais.ch\/en\/wp-json\/wp\/v2\/product\/2643","targetHints":{"allow":["GET"]}}],"collection":[{"href":"https:\/\/www.museeduvin-valais.ch\/en\/wp-json\/wp\/v2\/product"}],"about":[{"href":"https:\/\/www.museeduvin-valais.ch\/en\/wp-json\/wp\/v2\/types\/product"}],"wp:featuredmedia":[{"embeddable":true,"href":"https:\/\/www.museeduvin-valais.ch\/en\/wp-json\/wp\/v2\/media\/1673"}],"wp:attachment":[{"href":"https:\/\/www.museeduvin-valais.ch\/en\/wp-json\/wp\/v2\/media?parent=2643"}],"wp:term":[{"taxonomy":"product_brand","embeddable":true,"href":"https:\/\/www.museeduvin-valais.ch\/en\/wp-json\/wp\/v2\/product_brand?post=2643"},{"taxonomy":"product_cat","embeddable":true,"href":"https:\/\/www.museeduvin-valais.ch\/en\/wp-json\/wp\/v2\/product_cat?post=2643"},{"taxonomy":"product_tag","embeddable":true,"href":"https:\/\/www.museeduvin-valais.ch\/en\/wp-json\/wp\/v2\/product_tag?post=2643"}],"curies":[{"name":"wp","href":"https:\/\/api.w.org\/{rel}","templated":true}]}}