{"id":2641,"date":"2024-09-02T09:25:27","date_gmt":"2024-09-02T07:25:27","guid":{"rendered":"https:\/\/www.museeduvin-valais.ch\/produit\/guerites-ces-cabanes-dans-les-vignes\/"},"modified":"2024-11-06T10:14:51","modified_gmt":"2024-11-06T09:14:51","slug":"guerites-ces-cabanes-dans-les-vignes","status":"publish","type":"product","link":"https:\/\/www.museeduvin-valais.ch\/en\/produit\/guerites-ces-cabanes-dans-les-vignes\/","title":{"rendered":"Gu\u00e9rites : ces cabanes dans les vignes"},"content":{"rendered":"<p>Les gu\u00e9rites marquent de leur empreinte le paysage viticole du Valais. Egayant le parcellement bien structur\u00e9 des vignes en terrasses, elles les ponctuent de petites notes color\u00e9es en blanc, en brun, en rose ou en gris, voire en \u00ab couleur de vigne \u00bb, c\u2019est-\u00e0-dire trait\u00e9es au sulfate de cuivre.<\/p>\n<p>L\u2019enqu\u00eate men\u00e9e sur le sujet par le Mus\u00e9e du Vin cherche \u00e0 questionner ces lieux de vie et de convivialit\u00e9 pour leur demander de raconter leur histoire. Gr\u00e2ce \u00e0 cette d\u00e9marche, un patrimoine b\u00e2ti peu connu et peu valoris\u00e9, est red\u00e9couvert. La gu\u00e9rite constitue une partie int\u00e9grante de l\u2019identit\u00e9 du Valais viticole. Ce patrimoine, aujourd\u2019hui en danger en raison de son obsolescence, m\u00e9rite pourtant que l\u2019on s\u2019y int\u00e9resse.<\/p>\n<p>Auteurs : Tadd\u00e9 (Charles-Andr\u00e9 Meyer), Augustin Schmid, Anne-Dominique Zufferey-P\u00e9risset avec la collaboration de Anne-Gabrielle Bretz-H\u00e9ritier, M\u00e9lanie Duc, Samuel Pont<\/p>\n<p>Parution : 2007<br \/>\n\u00c9diteurs : Infolio \u00e9ditions, Mus\u00e9e du Vin<br \/>\nFormat : 26 x 16 cm \/ 175 pages<\/p>\n","protected":false},"excerpt":{"rendered":"<p>Les gu\u00e9rites marquent de leur empreinte le paysage viticole du Valais. Egayant le parcellement bien structur\u00e9 des vignes en terrasses, elles les ponctuent de petites notes color\u00e9es en blanc, en brun, en rose ou en gris, voire en \u00ab couleur de vigne \u00bb, c\u2019est-\u00e0-dire trait\u00e9es au sulfate de cuivre. L\u2019enqu\u00eate men\u00e9e sur le sujet par [&hellip;]<\/p>\n","protected":false},"featured_media":1663,"template":"","meta":{"_acf_changed":false},"product_brand":[],"product_cat":[44],"product_tag":[],"class_list":{"0":"post-2641","1":"product","2":"type-product","3":"status-publish","4":"has-post-thumbnail","6":"product_cat-uncategorized","8":"first","9":"instock","10":"taxable","11":"shipping-taxable","12":"purchasable","13":"product-type-simple"},"acf":[],"yoast_head":"<!-- This site is optimized with the Yoast SEO plugin v27.5 - https:\/\/yoast.com\/product\/yoast-seo-wordpress\/ -->\n<title>Gu\u00e9rites : ces cabanes dans les vignes - Valais Vine and Wine Museum<\/title>\n<meta name=\"robots\" content=\"index, follow, max-snippet:-1, max-image-preview:large, max-video-preview:-1\" \/>\n<link rel=\"canonical\" href=\"https:\/\/www.museeduvin-valais.ch\/en\/produit\/guerites-ces-cabanes-dans-les-vignes\/\" \/>\n<meta property=\"og:locale\" content=\"en_US\" \/>\n<meta property=\"og:type\" content=\"article\" \/>\n<meta property=\"og:title\" content=\"Gu\u00e9rites : ces cabanes dans les vignes - Valais Vine and Wine Museum\" \/>\n<meta property=\"og:description\" content=\"Les gu\u00e9rites marquent de leur empreinte le paysage viticole du Valais. Egayant le parcellement bien structur\u00e9 des vignes en terrasses, elles les ponctuent de petites notes color\u00e9es en blanc, en brun, en rose ou en gris, voire en \u00ab couleur de vigne \u00bb, c\u2019est-\u00e0-dire trait\u00e9es au sulfate de cuivre. L\u2019enqu\u00eate men\u00e9e sur le sujet par [&hellip;]\" \/>\n<meta property=\"og:url\" content=\"https:\/\/www.museeduvin-valais.ch\/en\/produit\/guerites-ces-cabanes-dans-les-vignes\/\" \/>\n<meta property=\"og:site_name\" content=\"Valais Vine and Wine Museum\" \/>\n<meta property=\"article:publisher\" content=\"https:\/\/www.facebook.com\/museeduvin.weinmuseum\" \/>\n<meta property=\"article:modified_time\" content=\"2024-11-06T09:14:51+00:00\" \/>\n<meta property=\"og:image\" content=\"https:\/\/www.museeduvin-valais.ch\/wp-content\/uploads\/2024\/09\/musee-du-vin-14_guerites.webp\" \/>\n\t<meta property=\"og:image:width\" content=\"1920\" \/>\n\t<meta property=\"og:image:height\" content=\"1270\" \/>\n\t<meta property=\"og:image:type\" content=\"image\/webp\" \/>\n<meta name=\"twitter:card\" content=\"summary_large_image\" \/>\n<meta name=\"twitter:label1\" content=\"Est. reading time\" \/>\n\t<meta name=\"twitter:data1\" content=\"1 minute\" \/>\n<script type=\"application\/ld+json\" class=\"yoast-schema-graph\">{\"@context\":\"https:\\\/\\\/schema.org\",\"@graph\":[{\"@type\":\"WebPage\",\"@id\":\"https:\\\/\\\/www.museeduvin-valais.ch\\\/en\\\/produit\\\/guerites-ces-cabanes-dans-les-vignes\\\/\",\"url\":\"https:\\\/\\\/www.museeduvin-valais.ch\\\/en\\\/produit\\\/guerites-ces-cabanes-dans-les-vignes\\\/\",\"name\":\"Gu\u00e9rites : ces cabanes dans les vignes - Valais Vine and Wine Museum\",\"isPartOf\":{\"@id\":\"https:\\\/\\\/www.museeduvin-valais.ch\\\/en\\\/#website\"},\"primaryImageOfPage\":{\"@id\":\"https:\\\/\\\/www.museeduvin-valais.ch\\\/en\\\/produit\\\/guerites-ces-cabanes-dans-les-vignes\\\/#primaryimage\"},\"image\":{\"@id\":\"https:\\\/\\\/www.museeduvin-valais.ch\\\/en\\\/produit\\\/guerites-ces-cabanes-dans-les-vignes\\\/#primaryimage\"},\"thumbnailUrl\":\"https:\\\/\\\/www.museeduvin-valais.ch\\\/wp-content\\\/uploads\\\/2024\\\/09\\\/musee-du-vin-14_guerites.webp\",\"datePublished\":\"2024-09-02T07:25:27+00:00\",\"dateModified\":\"2024-11-06T09:14:51+00:00\",\"breadcrumb\":{\"@id\":\"https:\\\/\\\/www.museeduvin-valais.ch\\\/en\\\/produit\\\/guerites-ces-cabanes-dans-les-vignes\\\/#breadcrumb\"},\"inLanguage\":\"en-US\",\"potentialAction\":[{\"@type\":\"ReadAction\",\"target\":[\"https:\\\/\\\/www.museeduvin-valais.ch\\\/en\\\/produit\\\/guerites-ces-cabanes-dans-les-vignes\\\/\"]}]},{\"@type\":\"ImageObject\",\"inLanguage\":\"en-US\",\"@id\":\"https:\\\/\\\/www.museeduvin-valais.ch\\\/en\\\/produit\\\/guerites-ces-cabanes-dans-les-vignes\\\/#primaryimage\",\"url\":\"https:\\\/\\\/www.museeduvin-valais.ch\\\/wp-content\\\/uploads\\\/2024\\\/09\\\/musee-du-vin-14_guerites.webp\",\"contentUrl\":\"https:\\\/\\\/www.museeduvin-valais.ch\\\/wp-content\\\/uploads\\\/2024\\\/09\\\/musee-du-vin-14_guerites.webp\",\"width\":1920,\"height\":1270},{\"@type\":\"BreadcrumbList\",\"@id\":\"https:\\\/\\\/www.museeduvin-valais.ch\\\/en\\\/produit\\\/guerites-ces-cabanes-dans-les-vignes\\\/#breadcrumb\",\"itemListElement\":[{\"@type\":\"ListItem\",\"position\":1,\"name\":\"Accueil\",\"item\":\"https:\\\/\\\/www.museeduvin-valais.ch\\\/en\\\/\"},{\"@type\":\"ListItem\",\"position\":2,\"name\":\"Shop\",\"item\":\"https:\\\/\\\/www.museeduvin-valais.ch\\\/en\\\/shop\\\/\"},{\"@type\":\"ListItem\",\"position\":3,\"name\":\"Gu\u00e9rites : ces cabanes dans les vignes\"}]},{\"@type\":\"WebSite\",\"@id\":\"https:\\\/\\\/www.museeduvin-valais.ch\\\/en\\\/#website\",\"url\":\"https:\\\/\\\/www.museeduvin-valais.ch\\\/en\\\/\",\"name\":\"Mus\u00e9e Valaisan de la vigne et du vin\",\"description\":\"\",\"publisher\":{\"@id\":\"https:\\\/\\\/www.museeduvin-valais.ch\\\/en\\\/#organization\"},\"alternateName\":\"Mus\u00e9e du vin\",\"potentialAction\":[{\"@type\":\"SearchAction\",\"target\":{\"@type\":\"EntryPoint\",\"urlTemplate\":\"https:\\\/\\\/www.museeduvin-valais.ch\\\/en\\\/?s={search_term_string}\"},\"query-input\":{\"@type\":\"PropertyValueSpecification\",\"valueRequired\":true,\"valueName\":\"search_term_string\"}}],\"inLanguage\":\"en-US\"},{\"@type\":\"Organization\",\"@id\":\"https:\\\/\\\/www.museeduvin-valais.ch\\\/en\\\/#organization\",\"name\":\"Mus\u00e9e Valaisan de la vigne et du vin\",\"url\":\"https:\\\/\\\/www.museeduvin-valais.ch\\\/en\\\/\",\"logo\":{\"@type\":\"ImageObject\",\"inLanguage\":\"en-US\",\"@id\":\"https:\\\/\\\/www.museeduvin-valais.ch\\\/en\\\/#\\\/schema\\\/logo\\\/image\\\/\",\"url\":\"https:\\\/\\\/www.museeduvin-valais.ch\\\/wp-content\\\/uploads\\\/2024\\\/11\\\/logo-mb.svg\",\"contentUrl\":\"https:\\\/\\\/www.museeduvin-valais.ch\\\/wp-content\\\/uploads\\\/2024\\\/11\\\/logo-mb.svg\",\"width\":1,\"height\":1,\"caption\":\"Mus\u00e9e Valaisan de la vigne et du vin\"},\"image\":{\"@id\":\"https:\\\/\\\/www.museeduvin-valais.ch\\\/en\\\/#\\\/schema\\\/logo\\\/image\\\/\"},\"sameAs\":[\"https:\\\/\\\/www.facebook.com\\\/museeduvin.weinmuseum\",\"https:\\\/\\\/www.instagram.com\\\/museeduvinvalais\"]}]}<\/script>\n<!-- \/ Yoast SEO plugin. -->","yoast_head_json":{"title":"Gu\u00e9rites : ces cabanes dans les vignes - Valais Vine and Wine Museum","robots":{"index":"index","follow":"follow","max-snippet":"max-snippet:-1","max-image-preview":"max-image-preview:large","max-video-preview":"max-video-preview:-1"},"canonical":"https:\/\/www.museeduvin-valais.ch\/en\/produit\/guerites-ces-cabanes-dans-les-vignes\/","og_locale":"en_US","og_type":"article","og_title":"Gu\u00e9rites : ces cabanes dans les vignes - Valais Vine and Wine Museum","og_description":"Les gu\u00e9rites marquent de leur empreinte le paysage viticole du Valais. Egayant le parcellement bien structur\u00e9 des vignes en terrasses, elles les ponctuent de petites notes color\u00e9es en blanc, en brun, en rose ou en gris, voire en \u00ab couleur de vigne \u00bb, c\u2019est-\u00e0-dire trait\u00e9es au sulfate de cuivre. L\u2019enqu\u00eate men\u00e9e sur le sujet par [&hellip;]","og_url":"https:\/\/www.museeduvin-valais.ch\/en\/produit\/guerites-ces-cabanes-dans-les-vignes\/","og_site_name":"Valais Vine and Wine Museum","article_publisher":"https:\/\/www.facebook.com\/museeduvin.weinmuseum","article_modified_time":"2024-11-06T09:14:51+00:00","og_image":[{"width":1920,"height":1270,"url":"https:\/\/www.museeduvin-valais.ch\/wp-content\/uploads\/2024\/09\/musee-du-vin-14_guerites.webp","type":"image\/webp"}],"twitter_card":"summary_large_image","twitter_misc":{"Est. reading time":"1 minute"},"schema":{"@context":"https:\/\/schema.org","@graph":[{"@type":"WebPage","@id":"https:\/\/www.museeduvin-valais.ch\/en\/produit\/guerites-ces-cabanes-dans-les-vignes\/","url":"https:\/\/www.museeduvin-valais.ch\/en\/produit\/guerites-ces-cabanes-dans-les-vignes\/","name":"Gu\u00e9rites : ces cabanes dans les vignes - Valais Vine and Wine Museum","isPartOf":{"@id":"https:\/\/www.museeduvin-valais.ch\/en\/#website"},"primaryImageOfPage":{"@id":"https:\/\/www.museeduvin-valais.ch\/en\/produit\/guerites-ces-cabanes-dans-les-vignes\/#primaryimage"},"image":{"@id":"https:\/\/www.museeduvin-valais.ch\/en\/produit\/guerites-ces-cabanes-dans-les-vignes\/#primaryimage"},"thumbnailUrl":"https:\/\/www.museeduvin-valais.ch\/wp-content\/uploads\/2024\/09\/musee-du-vin-14_guerites.webp","datePublished":"2024-09-02T07:25:27+00:00","dateModified":"2024-11-06T09:14:51+00:00","breadcrumb":{"@id":"https:\/\/www.museeduvin-valais.ch\/en\/produit\/guerites-ces-cabanes-dans-les-vignes\/#breadcrumb"},"inLanguage":"en-US","potentialAction":[{"@type":"ReadAction","target":["https:\/\/www.museeduvin-valais.ch\/en\/produit\/guerites-ces-cabanes-dans-les-vignes\/"]}]},{"@type":"ImageObject","inLanguage":"en-US","@id":"https:\/\/www.museeduvin-valais.ch\/en\/produit\/guerites-ces-cabanes-dans-les-vignes\/#primaryimage","url":"https:\/\/www.museeduvin-valais.ch\/wp-content\/uploads\/2024\/09\/musee-du-vin-14_guerites.webp","contentUrl":"https:\/\/www.museeduvin-valais.ch\/wp-content\/uploads\/2024\/09\/musee-du-vin-14_guerites.webp","width":1920,"height":1270},{"@type":"BreadcrumbList","@id":"https:\/\/www.museeduvin-valais.ch\/en\/produit\/guerites-ces-cabanes-dans-les-vignes\/#breadcrumb","itemListElement":[{"@type":"ListItem","position":1,"name":"Accueil","item":"https:\/\/www.museeduvin-valais.ch\/en\/"},{"@type":"ListItem","position":2,"name":"Shop","item":"https:\/\/www.museeduvin-valais.ch\/en\/shop\/"},{"@type":"ListItem","position":3,"name":"Gu\u00e9rites : ces cabanes dans les vignes"}]},{"@type":"WebSite","@id":"https:\/\/www.museeduvin-valais.ch\/en\/#website","url":"https:\/\/www.museeduvin-valais.ch\/en\/","name":"Mus\u00e9e Valaisan de la vigne et du vin","description":"","publisher":{"@id":"https:\/\/www.museeduvin-valais.ch\/en\/#organization"},"alternateName":"Mus\u00e9e du vin","potentialAction":[{"@type":"SearchAction","target":{"@type":"EntryPoint","urlTemplate":"https:\/\/www.museeduvin-valais.ch\/en\/?s={search_term_string}"},"query-input":{"@type":"PropertyValueSpecification","valueRequired":true,"valueName":"search_term_string"}}],"inLanguage":"en-US"},{"@type":"Organization","@id":"https:\/\/www.museeduvin-valais.ch\/en\/#organization","name":"Mus\u00e9e Valaisan de la vigne et du vin","url":"https:\/\/www.museeduvin-valais.ch\/en\/","logo":{"@type":"ImageObject","inLanguage":"en-US","@id":"https:\/\/www.museeduvin-valais.ch\/en\/#\/schema\/logo\/image\/","url":"https:\/\/www.museeduvin-valais.ch\/wp-content\/uploads\/2024\/11\/logo-mb.svg","contentUrl":"https:\/\/www.museeduvin-valais.ch\/wp-content\/uploads\/2024\/11\/logo-mb.svg","width":1,"height":1,"caption":"Mus\u00e9e Valaisan de la vigne et du vin"},"image":{"@id":"https:\/\/www.museeduvin-valais.ch\/en\/#\/schema\/logo\/image\/"},"sameAs":["https:\/\/www.facebook.com\/museeduvin.weinmuseum","https:\/\/www.instagram.com\/museeduvinvalais"]}]}},"_links":{"self":[{"href":"https:\/\/www.museeduvin-valais.ch\/en\/wp-json\/wp\/v2\/product\/2641","targetHints":{"allow":["GET"]}}],"collection":[{"href":"https:\/\/www.museeduvin-valais.ch\/en\/wp-json\/wp\/v2\/product"}],"about":[{"href":"https:\/\/www.museeduvin-valais.ch\/en\/wp-json\/wp\/v2\/types\/product"}],"wp:featuredmedia":[{"embeddable":true,"href":"https:\/\/www.museeduvin-valais.ch\/en\/wp-json\/wp\/v2\/media\/1663"}],"wp:attachment":[{"href":"https:\/\/www.museeduvin-valais.ch\/en\/wp-json\/wp\/v2\/media?parent=2641"}],"wp:term":[{"taxonomy":"product_brand","embeddable":true,"href":"https:\/\/www.museeduvin-valais.ch\/en\/wp-json\/wp\/v2\/product_brand?post=2641"},{"taxonomy":"product_cat","embeddable":true,"href":"https:\/\/www.museeduvin-valais.ch\/en\/wp-json\/wp\/v2\/product_cat?post=2641"},{"taxonomy":"product_tag","embeddable":true,"href":"https:\/\/www.museeduvin-valais.ch\/en\/wp-json\/wp\/v2\/product_tag?post=2641"}],"curies":[{"name":"wp","href":"https:\/\/api.w.org\/{rel}","templated":true}]}}