{"id":2640,"date":"2024-10-30T11:03:12","date_gmt":"2024-10-30T10:03:12","guid":{"rendered":"https:\/\/www.museeduvin-valais.ch\/produit\/imaginer-lavenir-de-la-viticulture-valaisanne\/"},"modified":"2025-12-16T00:46:55","modified_gmt":"2025-12-15T23:46:55","slug":"dessine-moi-la-vigne-de-demain","status":"publish","type":"product","link":"https:\/\/www.museeduvin-valais.ch\/en\/produit\/dessine-moi-la-vigne-de-demain\/","title":{"rendered":"Dessine-moi la vigne de demain"},"content":{"rendered":"<p>Quels d\u00e9fis pour la viticulture de demain ? A quoi ressemblera le vignoble valaisan du futur ?<br \/>\nSur la base de t\u00e9moignages, la nouvelle publication du Mus\u00e9e du Vin interroge l\u2019avenir de la viticulture valaisanne. Elle explore diverses pr\u00e9occupations actuelles et pr\u00e9sente des pistes pour le futur, mises en image par six illustrateurs et illustratrices : H\u00e9l\u00e8ne Becquelin, Fichtre, Ambroise H\u00e9ritier, Julien Loutz, Pauline Lugon et Beno\u00eet Schmid.<\/p>\n<p>Un livre <strong>bilingue<\/strong> richement illustr\u00e9.<\/p>\n<p>Direction : Delphine Niederberger &amp; Muriel Borgeat-Theler<br \/>\nParution : 2024<br \/>\n\u00c9diteurs : Infolio \u00e9ditions, Mus\u00e9e du Vin<br \/>\nFormat : 20&#215;27 cm \/ 112 pages<br \/>\nLangues : fran\u00e7ais et allemand<\/p>\n","protected":false},"excerpt":{"rendered":"<p>Quels d\u00e9fis pour la viticulture de demain ? A quoi ressemblera le vignoble valaisan du futur ? Sur la base de t\u00e9moignages, la nouvelle publication du Mus\u00e9e du Vin interroge l\u2019avenir de la viticulture valaisanne. Elle explore diverses pr\u00e9occupations actuelles et pr\u00e9sente des pistes pour le futur, mises en image par six illustrateurs et illustratrices [&hellip;]<\/p>\n","protected":false},"featured_media":2375,"template":"","meta":{"_acf_changed":false},"product_brand":[],"product_cat":[48],"product_tag":[],"class_list":{"0":"post-2640","1":"product","2":"type-product","3":"status-publish","4":"has-post-thumbnail","6":"product_cat-non-classe-de-en","8":"first","9":"instock","10":"taxable","11":"shipping-taxable","12":"purchasable","13":"product-type-simple"},"acf":[],"yoast_head":"<!-- This site is optimized with the Yoast SEO plugin v27.2 - https:\/\/yoast.com\/product\/yoast-seo-wordpress\/ -->\n<title>Dessine-moi la vigne de demain - Valais Vine and Wine Museum<\/title>\n<meta name=\"robots\" content=\"index, follow, max-snippet:-1, max-image-preview:large, max-video-preview:-1\" \/>\n<link rel=\"canonical\" href=\"https:\/\/www.museeduvin-valais.ch\/en\/produit\/dessine-moi-la-vigne-de-demain\/\" \/>\n<meta property=\"og:locale\" content=\"en_US\" \/>\n<meta property=\"og:type\" content=\"article\" \/>\n<meta property=\"og:title\" content=\"Dessine-moi la vigne de demain - Valais Vine and Wine Museum\" \/>\n<meta property=\"og:description\" content=\"Quels d\u00e9fis pour la viticulture de demain ? A quoi ressemblera le vignoble valaisan du futur ? Sur la base de t\u00e9moignages, la nouvelle publication du Mus\u00e9e du Vin interroge l\u2019avenir de la viticulture valaisanne. Elle explore diverses pr\u00e9occupations actuelles et pr\u00e9sente des pistes pour le futur, mises en image par six illustrateurs et illustratrices [&hellip;]\" \/>\n<meta property=\"og:url\" content=\"https:\/\/www.museeduvin-valais.ch\/en\/produit\/dessine-moi-la-vigne-de-demain\/\" \/>\n<meta property=\"og:site_name\" content=\"Valais Vine and Wine Museum\" \/>\n<meta property=\"article:publisher\" content=\"https:\/\/www.facebook.com\/museeduvin.weinmuseum\" \/>\n<meta property=\"article:modified_time\" content=\"2025-12-15T23:46:55+00:00\" \/>\n<meta property=\"og:image\" content=\"https:\/\/www.museeduvin-valais.ch\/wp-content\/uploads\/2024\/10\/couv_livre_Dessine-moi_la_vigne_de_demain.webp\" \/>\n\t<meta property=\"og:image:width\" content=\"741\" \/>\n\t<meta property=\"og:image:height\" content=\"1000\" \/>\n\t<meta property=\"og:image:type\" content=\"image\/webp\" \/>\n<meta name=\"twitter:card\" content=\"summary_large_image\" \/>\n<meta name=\"twitter:label1\" content=\"Est. reading time\" \/>\n\t<meta name=\"twitter:data1\" content=\"1 minute\" \/>\n<script type=\"application\/ld+json\" class=\"yoast-schema-graph\">{\"@context\":\"https:\/\/schema.org\",\"@graph\":[{\"@type\":\"WebPage\",\"@id\":\"https:\/\/www.museeduvin-valais.ch\/en\/produit\/dessine-moi-la-vigne-de-demain\/\",\"url\":\"https:\/\/www.museeduvin-valais.ch\/en\/produit\/dessine-moi-la-vigne-de-demain\/\",\"name\":\"Dessine-moi la vigne de demain - Valais Vine and Wine Museum\",\"isPartOf\":{\"@id\":\"https:\/\/www.museeduvin-valais.ch\/en\/#website\"},\"primaryImageOfPage\":{\"@id\":\"https:\/\/www.museeduvin-valais.ch\/en\/produit\/dessine-moi-la-vigne-de-demain\/#primaryimage\"},\"image\":{\"@id\":\"https:\/\/www.museeduvin-valais.ch\/en\/produit\/dessine-moi-la-vigne-de-demain\/#primaryimage\"},\"thumbnailUrl\":\"https:\/\/www.museeduvin-valais.ch\/wp-content\/uploads\/2024\/10\/couv_livre_Dessine-moi_la_vigne_de_demain.webp\",\"datePublished\":\"2024-10-30T10:03:12+00:00\",\"dateModified\":\"2025-12-15T23:46:55+00:00\",\"breadcrumb\":{\"@id\":\"https:\/\/www.museeduvin-valais.ch\/en\/produit\/dessine-moi-la-vigne-de-demain\/#breadcrumb\"},\"inLanguage\":\"en-US\",\"potentialAction\":[{\"@type\":\"ReadAction\",\"target\":[\"https:\/\/www.museeduvin-valais.ch\/en\/produit\/dessine-moi-la-vigne-de-demain\/\"]}]},{\"@type\":\"ImageObject\",\"inLanguage\":\"en-US\",\"@id\":\"https:\/\/www.museeduvin-valais.ch\/en\/produit\/dessine-moi-la-vigne-de-demain\/#primaryimage\",\"url\":\"https:\/\/www.museeduvin-valais.ch\/wp-content\/uploads\/2024\/10\/couv_livre_Dessine-moi_la_vigne_de_demain.webp\",\"contentUrl\":\"https:\/\/www.museeduvin-valais.ch\/wp-content\/uploads\/2024\/10\/couv_livre_Dessine-moi_la_vigne_de_demain.webp\",\"width\":741,\"height\":1000},{\"@type\":\"BreadcrumbList\",\"@id\":\"https:\/\/www.museeduvin-valais.ch\/en\/produit\/dessine-moi-la-vigne-de-demain\/#breadcrumb\",\"itemListElement\":[{\"@type\":\"ListItem\",\"position\":1,\"name\":\"Accueil\",\"item\":\"https:\/\/www.museeduvin-valais.ch\/en\/\"},{\"@type\":\"ListItem\",\"position\":2,\"name\":\"Shop\",\"item\":\"https:\/\/www.museeduvin-valais.ch\/en\/shop\/\"},{\"@type\":\"ListItem\",\"position\":3,\"name\":\"Dessine-moi la vigne de demain\"}]},{\"@type\":\"WebSite\",\"@id\":\"https:\/\/www.museeduvin-valais.ch\/en\/#website\",\"url\":\"https:\/\/www.museeduvin-valais.ch\/en\/\",\"name\":\"Mus\u00e9e Valaisan de la vigne et du vin\",\"description\":\"\",\"publisher\":{\"@id\":\"https:\/\/www.museeduvin-valais.ch\/en\/#organization\"},\"alternateName\":\"Mus\u00e9e du vin\",\"potentialAction\":[{\"@type\":\"SearchAction\",\"target\":{\"@type\":\"EntryPoint\",\"urlTemplate\":\"https:\/\/www.museeduvin-valais.ch\/en\/?s={search_term_string}\"},\"query-input\":{\"@type\":\"PropertyValueSpecification\",\"valueRequired\":true,\"valueName\":\"search_term_string\"}}],\"inLanguage\":\"en-US\"},{\"@type\":\"Organization\",\"@id\":\"https:\/\/www.museeduvin-valais.ch\/en\/#organization\",\"name\":\"Mus\u00e9e Valaisan de la vigne et du vin\",\"url\":\"https:\/\/www.museeduvin-valais.ch\/en\/\",\"logo\":{\"@type\":\"ImageObject\",\"inLanguage\":\"en-US\",\"@id\":\"https:\/\/www.museeduvin-valais.ch\/en\/#\/schema\/logo\/image\/\",\"url\":\"https:\/\/www.museeduvin-valais.ch\/wp-content\/uploads\/2024\/11\/logo-mb.svg\",\"contentUrl\":\"https:\/\/www.museeduvin-valais.ch\/wp-content\/uploads\/2024\/11\/logo-mb.svg\",\"width\":1,\"height\":1,\"caption\":\"Mus\u00e9e Valaisan de la vigne et du vin\"},\"image\":{\"@id\":\"https:\/\/www.museeduvin-valais.ch\/en\/#\/schema\/logo\/image\/\"},\"sameAs\":[\"https:\/\/www.facebook.com\/museeduvin.weinmuseum\",\"https:\/\/www.instagram.com\/museeduvinvalais\"]}]}<\/script>\n<!-- \/ Yoast SEO plugin. -->","yoast_head_json":{"title":"Dessine-moi la vigne de demain - Valais Vine and Wine Museum","robots":{"index":"index","follow":"follow","max-snippet":"max-snippet:-1","max-image-preview":"max-image-preview:large","max-video-preview":"max-video-preview:-1"},"canonical":"https:\/\/www.museeduvin-valais.ch\/en\/produit\/dessine-moi-la-vigne-de-demain\/","og_locale":"en_US","og_type":"article","og_title":"Dessine-moi la vigne de demain - Valais Vine and Wine Museum","og_description":"Quels d\u00e9fis pour la viticulture de demain ? A quoi ressemblera le vignoble valaisan du futur ? Sur la base de t\u00e9moignages, la nouvelle publication du Mus\u00e9e du Vin interroge l\u2019avenir de la viticulture valaisanne. Elle explore diverses pr\u00e9occupations actuelles et pr\u00e9sente des pistes pour le futur, mises en image par six illustrateurs et illustratrices [&hellip;]","og_url":"https:\/\/www.museeduvin-valais.ch\/en\/produit\/dessine-moi-la-vigne-de-demain\/","og_site_name":"Valais Vine and Wine Museum","article_publisher":"https:\/\/www.facebook.com\/museeduvin.weinmuseum","article_modified_time":"2025-12-15T23:46:55+00:00","og_image":[{"width":741,"height":1000,"url":"https:\/\/www.museeduvin-valais.ch\/wp-content\/uploads\/2024\/10\/couv_livre_Dessine-moi_la_vigne_de_demain.webp","type":"image\/webp"}],"twitter_card":"summary_large_image","twitter_misc":{"Est. reading time":"1 minute"},"schema":{"@context":"https:\/\/schema.org","@graph":[{"@type":"WebPage","@id":"https:\/\/www.museeduvin-valais.ch\/en\/produit\/dessine-moi-la-vigne-de-demain\/","url":"https:\/\/www.museeduvin-valais.ch\/en\/produit\/dessine-moi-la-vigne-de-demain\/","name":"Dessine-moi la vigne de demain - Valais Vine and Wine Museum","isPartOf":{"@id":"https:\/\/www.museeduvin-valais.ch\/en\/#website"},"primaryImageOfPage":{"@id":"https:\/\/www.museeduvin-valais.ch\/en\/produit\/dessine-moi-la-vigne-de-demain\/#primaryimage"},"image":{"@id":"https:\/\/www.museeduvin-valais.ch\/en\/produit\/dessine-moi-la-vigne-de-demain\/#primaryimage"},"thumbnailUrl":"https:\/\/www.museeduvin-valais.ch\/wp-content\/uploads\/2024\/10\/couv_livre_Dessine-moi_la_vigne_de_demain.webp","datePublished":"2024-10-30T10:03:12+00:00","dateModified":"2025-12-15T23:46:55+00:00","breadcrumb":{"@id":"https:\/\/www.museeduvin-valais.ch\/en\/produit\/dessine-moi-la-vigne-de-demain\/#breadcrumb"},"inLanguage":"en-US","potentialAction":[{"@type":"ReadAction","target":["https:\/\/www.museeduvin-valais.ch\/en\/produit\/dessine-moi-la-vigne-de-demain\/"]}]},{"@type":"ImageObject","inLanguage":"en-US","@id":"https:\/\/www.museeduvin-valais.ch\/en\/produit\/dessine-moi-la-vigne-de-demain\/#primaryimage","url":"https:\/\/www.museeduvin-valais.ch\/wp-content\/uploads\/2024\/10\/couv_livre_Dessine-moi_la_vigne_de_demain.webp","contentUrl":"https:\/\/www.museeduvin-valais.ch\/wp-content\/uploads\/2024\/10\/couv_livre_Dessine-moi_la_vigne_de_demain.webp","width":741,"height":1000},{"@type":"BreadcrumbList","@id":"https:\/\/www.museeduvin-valais.ch\/en\/produit\/dessine-moi-la-vigne-de-demain\/#breadcrumb","itemListElement":[{"@type":"ListItem","position":1,"name":"Accueil","item":"https:\/\/www.museeduvin-valais.ch\/en\/"},{"@type":"ListItem","position":2,"name":"Shop","item":"https:\/\/www.museeduvin-valais.ch\/en\/shop\/"},{"@type":"ListItem","position":3,"name":"Dessine-moi la vigne de demain"}]},{"@type":"WebSite","@id":"https:\/\/www.museeduvin-valais.ch\/en\/#website","url":"https:\/\/www.museeduvin-valais.ch\/en\/","name":"Mus\u00e9e Valaisan de la vigne et du vin","description":"","publisher":{"@id":"https:\/\/www.museeduvin-valais.ch\/en\/#organization"},"alternateName":"Mus\u00e9e du vin","potentialAction":[{"@type":"SearchAction","target":{"@type":"EntryPoint","urlTemplate":"https:\/\/www.museeduvin-valais.ch\/en\/?s={search_term_string}"},"query-input":{"@type":"PropertyValueSpecification","valueRequired":true,"valueName":"search_term_string"}}],"inLanguage":"en-US"},{"@type":"Organization","@id":"https:\/\/www.museeduvin-valais.ch\/en\/#organization","name":"Mus\u00e9e Valaisan de la vigne et du vin","url":"https:\/\/www.museeduvin-valais.ch\/en\/","logo":{"@type":"ImageObject","inLanguage":"en-US","@id":"https:\/\/www.museeduvin-valais.ch\/en\/#\/schema\/logo\/image\/","url":"https:\/\/www.museeduvin-valais.ch\/wp-content\/uploads\/2024\/11\/logo-mb.svg","contentUrl":"https:\/\/www.museeduvin-valais.ch\/wp-content\/uploads\/2024\/11\/logo-mb.svg","width":1,"height":1,"caption":"Mus\u00e9e Valaisan de la vigne et du vin"},"image":{"@id":"https:\/\/www.museeduvin-valais.ch\/en\/#\/schema\/logo\/image\/"},"sameAs":["https:\/\/www.facebook.com\/museeduvin.weinmuseum","https:\/\/www.instagram.com\/museeduvinvalais"]}]}},"_links":{"self":[{"href":"https:\/\/www.museeduvin-valais.ch\/en\/wp-json\/wp\/v2\/product\/2640","targetHints":{"allow":["GET"]}}],"collection":[{"href":"https:\/\/www.museeduvin-valais.ch\/en\/wp-json\/wp\/v2\/product"}],"about":[{"href":"https:\/\/www.museeduvin-valais.ch\/en\/wp-json\/wp\/v2\/types\/product"}],"wp:featuredmedia":[{"embeddable":true,"href":"https:\/\/www.museeduvin-valais.ch\/en\/wp-json\/wp\/v2\/media\/2375"}],"wp:attachment":[{"href":"https:\/\/www.museeduvin-valais.ch\/en\/wp-json\/wp\/v2\/media?parent=2640"}],"wp:term":[{"taxonomy":"product_brand","embeddable":true,"href":"https:\/\/www.museeduvin-valais.ch\/en\/wp-json\/wp\/v2\/product_brand?post=2640"},{"taxonomy":"product_cat","embeddable":true,"href":"https:\/\/www.museeduvin-valais.ch\/en\/wp-json\/wp\/v2\/product_cat?post=2640"},{"taxonomy":"product_tag","embeddable":true,"href":"https:\/\/www.museeduvin-valais.ch\/en\/wp-json\/wp\/v2\/product_tag?post=2640"}],"curies":[{"name":"wp","href":"https:\/\/api.w.org\/{rel}","templated":true}]}}