{"id":2035,"date":"2024-09-02T08:40:37","date_gmt":"2024-09-02T06:40:37","guid":{"rendered":"https:\/\/www.museeduvin-valais.ch\/produit\/oswald-ruppen-valais-vigne-et-vin-en-lumiere\/"},"modified":"2024-10-17T12:00:15","modified_gmt":"2024-10-17T10:00:15","slug":"oswald-ruppen-valais-vigne-et-vin-en-lumiere","status":"publish","type":"product","link":"https:\/\/www.museeduvin-valais.ch\/de\/produit\/oswald-ruppen-valais-vigne-et-vin-en-lumiere\/","title":{"rendered":"Oswald Ruppen : Valais, Vigne et Vin en lumi\u00e8re"},"content":{"rendered":"<p>Voici un ouvrage incontournable, pour les amateurs de photographie aussi bien que de vin. En quelque 200 pages, quarante ans de viticulture valaisanne d\u00e9filent en tableaux contrast\u00e9s et originaux. Toutes les facettes de la vigne et du vin y sont d\u00e9peintes de 1950 \u00e0 1990, du coup de pioche \u00e0 l\u2019ap\u00e9ro en passant par les vendanges. Le regard sensible d\u2019Oswald Ruppen est fondamental pour comprendre ce Valais en pleine mutation.<\/p>\n<p>Ces instants vol\u00e9s ont aussi une valeur artistique et po\u00e9tique. Les regards de l\u2019ancien r\u00e9dacteur en chef de la revue Treize \u00c9toiles Jean-Jacques Zuber, du photographe Robert Hofer et du sociologue Gabriel Bender se croisent pour mieux rendre hommage \u00e0 l\u2019un des plus grands photographes du pays.<\/p>\n<p>Direction : Romaine Valterio-Barras, Anne-Dominique Zufferey-P\u00e9risset<\/p>\n<p>Photographies : Oswald Ruppen<br \/>\nAuteurs : Gabriel Bender, Robert Hofer, Anne Michellod, Samuel Pont, Jean-Jacques Zuber<\/p>\n<p>Parution : 2013<br \/>\n\u00c9diteurs : Infolio \u00e9ditions, M\u00e9diath\u00e8que Valais-Martigny, Mus\u00e9e du Vin<br \/>\nFormat : 19 x 28.5 cm \/ 224 pages<\/p>\n","protected":false},"excerpt":{"rendered":"<p>Voici un ouvrage incontournable, pour les amateurs de photographie aussi bien que de vin. En quelque 200 pages, quarante ans de viticulture valaisanne d\u00e9filent en tableaux contrast\u00e9s et originaux. Toutes les facettes de la vigne et du vin y sont d\u00e9peintes de 1950 \u00e0 1990, du coup de pioche \u00e0 l\u2019ap\u00e9ro en passant par les [&hellip;]<\/p>\n","protected":false},"featured_media":1650,"template":"","meta":{"_acf_changed":false},"product_brand":[],"product_cat":[36],"product_tag":[],"class_list":{"0":"post-2035","1":"product","2":"type-product","3":"status-publish","4":"has-post-thumbnail","6":"product_cat-non-classe-de","8":"first","9":"instock","10":"taxable","11":"shipping-taxable","12":"purchasable","13":"product-type-simple"},"acf":[],"yoast_head":"<!-- This site is optimized with the Yoast SEO plugin v27.5 - https:\/\/yoast.com\/product\/yoast-seo-wordpress\/ -->\n<title>Oswald Ruppen : Valais, Vigne et Vin en lumi\u00e8re - Walliser Reb- und Weinmuseum<\/title>\n<meta name=\"robots\" content=\"index, follow, max-snippet:-1, max-image-preview:large, max-video-preview:-1\" \/>\n<link rel=\"canonical\" href=\"https:\/\/www.museeduvin-valais.ch\/de\/produit\/oswald-ruppen-valais-vigne-et-vin-en-lumiere\/\" \/>\n<meta property=\"og:locale\" content=\"de_DE\" \/>\n<meta property=\"og:type\" content=\"article\" \/>\n<meta property=\"og:title\" content=\"Oswald Ruppen : Valais, Vigne et Vin en lumi\u00e8re - Walliser Reb- und Weinmuseum\" \/>\n<meta property=\"og:description\" content=\"Voici un ouvrage incontournable, pour les amateurs de photographie aussi bien que de vin. En quelque 200 pages, quarante ans de viticulture valaisanne d\u00e9filent en tableaux contrast\u00e9s et originaux. Toutes les facettes de la vigne et du vin y sont d\u00e9peintes de 1950 \u00e0 1990, du coup de pioche \u00e0 l\u2019ap\u00e9ro en passant par les [&hellip;]\" \/>\n<meta property=\"og:url\" content=\"https:\/\/www.museeduvin-valais.ch\/de\/produit\/oswald-ruppen-valais-vigne-et-vin-en-lumiere\/\" \/>\n<meta property=\"og:site_name\" content=\"Walliser Reb- und Weinmuseum\" \/>\n<meta property=\"article:publisher\" content=\"https:\/\/www.facebook.com\/museeduvin.weinmuseum\" \/>\n<meta property=\"article:modified_time\" content=\"2024-10-17T10:00:15+00:00\" \/>\n<meta property=\"og:image\" content=\"https:\/\/www.museeduvin-valais.ch\/wp-content\/uploads\/2024\/09\/musee-du-vin-11_ruppen.webp\" \/>\n\t<meta property=\"og:image:width\" content=\"764\" \/>\n\t<meta property=\"og:image:height\" content=\"1000\" \/>\n\t<meta property=\"og:image:type\" content=\"image\/webp\" \/>\n<meta name=\"twitter:card\" content=\"summary_large_image\" \/>\n<meta name=\"twitter:label1\" content=\"Gesch\u00e4tzte Lesezeit\" \/>\n\t<meta name=\"twitter:data1\" content=\"1\u00a0Minute\" \/>\n<script type=\"application\/ld+json\" class=\"yoast-schema-graph\">{\"@context\":\"https:\\\/\\\/schema.org\",\"@graph\":[{\"@type\":\"WebPage\",\"@id\":\"https:\\\/\\\/www.museeduvin-valais.ch\\\/de\\\/produit\\\/oswald-ruppen-valais-vigne-et-vin-en-lumiere\\\/\",\"url\":\"https:\\\/\\\/www.museeduvin-valais.ch\\\/de\\\/produit\\\/oswald-ruppen-valais-vigne-et-vin-en-lumiere\\\/\",\"name\":\"Oswald Ruppen : Valais, Vigne et Vin en lumi\u00e8re - Walliser Reb- und Weinmuseum\",\"isPartOf\":{\"@id\":\"https:\\\/\\\/www.museeduvin-valais.ch\\\/de\\\/#website\"},\"primaryImageOfPage\":{\"@id\":\"https:\\\/\\\/www.museeduvin-valais.ch\\\/de\\\/produit\\\/oswald-ruppen-valais-vigne-et-vin-en-lumiere\\\/#primaryimage\"},\"image\":{\"@id\":\"https:\\\/\\\/www.museeduvin-valais.ch\\\/de\\\/produit\\\/oswald-ruppen-valais-vigne-et-vin-en-lumiere\\\/#primaryimage\"},\"thumbnailUrl\":\"https:\\\/\\\/www.museeduvin-valais.ch\\\/wp-content\\\/uploads\\\/2024\\\/09\\\/musee-du-vin-11_ruppen.webp\",\"datePublished\":\"2024-09-02T06:40:37+00:00\",\"dateModified\":\"2024-10-17T10:00:15+00:00\",\"breadcrumb\":{\"@id\":\"https:\\\/\\\/www.museeduvin-valais.ch\\\/de\\\/produit\\\/oswald-ruppen-valais-vigne-et-vin-en-lumiere\\\/#breadcrumb\"},\"inLanguage\":\"de\",\"potentialAction\":[{\"@type\":\"ReadAction\",\"target\":[\"https:\\\/\\\/www.museeduvin-valais.ch\\\/de\\\/produit\\\/oswald-ruppen-valais-vigne-et-vin-en-lumiere\\\/\"]}]},{\"@type\":\"ImageObject\",\"inLanguage\":\"de\",\"@id\":\"https:\\\/\\\/www.museeduvin-valais.ch\\\/de\\\/produit\\\/oswald-ruppen-valais-vigne-et-vin-en-lumiere\\\/#primaryimage\",\"url\":\"https:\\\/\\\/www.museeduvin-valais.ch\\\/wp-content\\\/uploads\\\/2024\\\/09\\\/musee-du-vin-11_ruppen.webp\",\"contentUrl\":\"https:\\\/\\\/www.museeduvin-valais.ch\\\/wp-content\\\/uploads\\\/2024\\\/09\\\/musee-du-vin-11_ruppen.webp\",\"width\":764,\"height\":1000},{\"@type\":\"BreadcrumbList\",\"@id\":\"https:\\\/\\\/www.museeduvin-valais.ch\\\/de\\\/produit\\\/oswald-ruppen-valais-vigne-et-vin-en-lumiere\\\/#breadcrumb\",\"itemListElement\":[{\"@type\":\"ListItem\",\"position\":1,\"name\":\"Accueil\",\"item\":\"https:\\\/\\\/www.museeduvin-valais.ch\\\/de\\\/\"},{\"@type\":\"ListItem\",\"position\":2,\"name\":\"Shop\",\"item\":\"https:\\\/\\\/www.museeduvin-valais.ch\\\/de\\\/shop\\\/\"},{\"@type\":\"ListItem\",\"position\":3,\"name\":\"Oswald Ruppen : Valais, Vigne et Vin en lumi\u00e8re\"}]},{\"@type\":\"WebSite\",\"@id\":\"https:\\\/\\\/www.museeduvin-valais.ch\\\/de\\\/#website\",\"url\":\"https:\\\/\\\/www.museeduvin-valais.ch\\\/de\\\/\",\"name\":\"Mus\u00e9e Valaisan de la vigne et du vin\",\"description\":\"\",\"publisher\":{\"@id\":\"https:\\\/\\\/www.museeduvin-valais.ch\\\/de\\\/#organization\"},\"alternateName\":\"Mus\u00e9e du vin\",\"potentialAction\":[{\"@type\":\"SearchAction\",\"target\":{\"@type\":\"EntryPoint\",\"urlTemplate\":\"https:\\\/\\\/www.museeduvin-valais.ch\\\/de\\\/?s={search_term_string}\"},\"query-input\":{\"@type\":\"PropertyValueSpecification\",\"valueRequired\":true,\"valueName\":\"search_term_string\"}}],\"inLanguage\":\"de\"},{\"@type\":\"Organization\",\"@id\":\"https:\\\/\\\/www.museeduvin-valais.ch\\\/de\\\/#organization\",\"name\":\"Mus\u00e9e Valaisan de la vigne et du vin\",\"url\":\"https:\\\/\\\/www.museeduvin-valais.ch\\\/de\\\/\",\"logo\":{\"@type\":\"ImageObject\",\"inLanguage\":\"de\",\"@id\":\"https:\\\/\\\/www.museeduvin-valais.ch\\\/de\\\/#\\\/schema\\\/logo\\\/image\\\/\",\"url\":\"https:\\\/\\\/www.museeduvin-valais.ch\\\/wp-content\\\/uploads\\\/2024\\\/11\\\/logo-mb.svg\",\"contentUrl\":\"https:\\\/\\\/www.museeduvin-valais.ch\\\/wp-content\\\/uploads\\\/2024\\\/11\\\/logo-mb.svg\",\"width\":1,\"height\":1,\"caption\":\"Mus\u00e9e Valaisan de la vigne et du vin\"},\"image\":{\"@id\":\"https:\\\/\\\/www.museeduvin-valais.ch\\\/de\\\/#\\\/schema\\\/logo\\\/image\\\/\"},\"sameAs\":[\"https:\\\/\\\/www.facebook.com\\\/museeduvin.weinmuseum\",\"https:\\\/\\\/www.instagram.com\\\/museeduvinvalais\"]}]}<\/script>\n<!-- \/ Yoast SEO plugin. -->","yoast_head_json":{"title":"Oswald Ruppen : Valais, Vigne et Vin en lumi\u00e8re - Walliser Reb- und Weinmuseum","robots":{"index":"index","follow":"follow","max-snippet":"max-snippet:-1","max-image-preview":"max-image-preview:large","max-video-preview":"max-video-preview:-1"},"canonical":"https:\/\/www.museeduvin-valais.ch\/de\/produit\/oswald-ruppen-valais-vigne-et-vin-en-lumiere\/","og_locale":"de_DE","og_type":"article","og_title":"Oswald Ruppen : Valais, Vigne et Vin en lumi\u00e8re - Walliser Reb- und Weinmuseum","og_description":"Voici un ouvrage incontournable, pour les amateurs de photographie aussi bien que de vin. En quelque 200 pages, quarante ans de viticulture valaisanne d\u00e9filent en tableaux contrast\u00e9s et originaux. Toutes les facettes de la vigne et du vin y sont d\u00e9peintes de 1950 \u00e0 1990, du coup de pioche \u00e0 l\u2019ap\u00e9ro en passant par les [&hellip;]","og_url":"https:\/\/www.museeduvin-valais.ch\/de\/produit\/oswald-ruppen-valais-vigne-et-vin-en-lumiere\/","og_site_name":"Walliser Reb- und Weinmuseum","article_publisher":"https:\/\/www.facebook.com\/museeduvin.weinmuseum","article_modified_time":"2024-10-17T10:00:15+00:00","og_image":[{"width":764,"height":1000,"url":"https:\/\/www.museeduvin-valais.ch\/wp-content\/uploads\/2024\/09\/musee-du-vin-11_ruppen.webp","type":"image\/webp"}],"twitter_card":"summary_large_image","twitter_misc":{"Gesch\u00e4tzte Lesezeit":"1\u00a0Minute"},"schema":{"@context":"https:\/\/schema.org","@graph":[{"@type":"WebPage","@id":"https:\/\/www.museeduvin-valais.ch\/de\/produit\/oswald-ruppen-valais-vigne-et-vin-en-lumiere\/","url":"https:\/\/www.museeduvin-valais.ch\/de\/produit\/oswald-ruppen-valais-vigne-et-vin-en-lumiere\/","name":"Oswald Ruppen : Valais, Vigne et Vin en lumi\u00e8re - Walliser Reb- und Weinmuseum","isPartOf":{"@id":"https:\/\/www.museeduvin-valais.ch\/de\/#website"},"primaryImageOfPage":{"@id":"https:\/\/www.museeduvin-valais.ch\/de\/produit\/oswald-ruppen-valais-vigne-et-vin-en-lumiere\/#primaryimage"},"image":{"@id":"https:\/\/www.museeduvin-valais.ch\/de\/produit\/oswald-ruppen-valais-vigne-et-vin-en-lumiere\/#primaryimage"},"thumbnailUrl":"https:\/\/www.museeduvin-valais.ch\/wp-content\/uploads\/2024\/09\/musee-du-vin-11_ruppen.webp","datePublished":"2024-09-02T06:40:37+00:00","dateModified":"2024-10-17T10:00:15+00:00","breadcrumb":{"@id":"https:\/\/www.museeduvin-valais.ch\/de\/produit\/oswald-ruppen-valais-vigne-et-vin-en-lumiere\/#breadcrumb"},"inLanguage":"de","potentialAction":[{"@type":"ReadAction","target":["https:\/\/www.museeduvin-valais.ch\/de\/produit\/oswald-ruppen-valais-vigne-et-vin-en-lumiere\/"]}]},{"@type":"ImageObject","inLanguage":"de","@id":"https:\/\/www.museeduvin-valais.ch\/de\/produit\/oswald-ruppen-valais-vigne-et-vin-en-lumiere\/#primaryimage","url":"https:\/\/www.museeduvin-valais.ch\/wp-content\/uploads\/2024\/09\/musee-du-vin-11_ruppen.webp","contentUrl":"https:\/\/www.museeduvin-valais.ch\/wp-content\/uploads\/2024\/09\/musee-du-vin-11_ruppen.webp","width":764,"height":1000},{"@type":"BreadcrumbList","@id":"https:\/\/www.museeduvin-valais.ch\/de\/produit\/oswald-ruppen-valais-vigne-et-vin-en-lumiere\/#breadcrumb","itemListElement":[{"@type":"ListItem","position":1,"name":"Accueil","item":"https:\/\/www.museeduvin-valais.ch\/de\/"},{"@type":"ListItem","position":2,"name":"Shop","item":"https:\/\/www.museeduvin-valais.ch\/de\/shop\/"},{"@type":"ListItem","position":3,"name":"Oswald Ruppen : Valais, Vigne et Vin en lumi\u00e8re"}]},{"@type":"WebSite","@id":"https:\/\/www.museeduvin-valais.ch\/de\/#website","url":"https:\/\/www.museeduvin-valais.ch\/de\/","name":"Mus\u00e9e Valaisan de la vigne et du vin","description":"","publisher":{"@id":"https:\/\/www.museeduvin-valais.ch\/de\/#organization"},"alternateName":"Mus\u00e9e du vin","potentialAction":[{"@type":"SearchAction","target":{"@type":"EntryPoint","urlTemplate":"https:\/\/www.museeduvin-valais.ch\/de\/?s={search_term_string}"},"query-input":{"@type":"PropertyValueSpecification","valueRequired":true,"valueName":"search_term_string"}}],"inLanguage":"de"},{"@type":"Organization","@id":"https:\/\/www.museeduvin-valais.ch\/de\/#organization","name":"Mus\u00e9e Valaisan de la vigne et du vin","url":"https:\/\/www.museeduvin-valais.ch\/de\/","logo":{"@type":"ImageObject","inLanguage":"de","@id":"https:\/\/www.museeduvin-valais.ch\/de\/#\/schema\/logo\/image\/","url":"https:\/\/www.museeduvin-valais.ch\/wp-content\/uploads\/2024\/11\/logo-mb.svg","contentUrl":"https:\/\/www.museeduvin-valais.ch\/wp-content\/uploads\/2024\/11\/logo-mb.svg","width":1,"height":1,"caption":"Mus\u00e9e Valaisan de la vigne et du vin"},"image":{"@id":"https:\/\/www.museeduvin-valais.ch\/de\/#\/schema\/logo\/image\/"},"sameAs":["https:\/\/www.facebook.com\/museeduvin.weinmuseum","https:\/\/www.instagram.com\/museeduvinvalais"]}]}},"_links":{"self":[{"href":"https:\/\/www.museeduvin-valais.ch\/de\/wp-json\/wp\/v2\/product\/2035","targetHints":{"allow":["GET"]}}],"collection":[{"href":"https:\/\/www.museeduvin-valais.ch\/de\/wp-json\/wp\/v2\/product"}],"about":[{"href":"https:\/\/www.museeduvin-valais.ch\/de\/wp-json\/wp\/v2\/types\/product"}],"wp:featuredmedia":[{"embeddable":true,"href":"https:\/\/www.museeduvin-valais.ch\/de\/wp-json\/wp\/v2\/media\/1650"}],"wp:attachment":[{"href":"https:\/\/www.museeduvin-valais.ch\/de\/wp-json\/wp\/v2\/media?parent=2035"}],"wp:term":[{"taxonomy":"product_brand","embeddable":true,"href":"https:\/\/www.museeduvin-valais.ch\/de\/wp-json\/wp\/v2\/product_brand?post=2035"},{"taxonomy":"product_cat","embeddable":true,"href":"https:\/\/www.museeduvin-valais.ch\/de\/wp-json\/wp\/v2\/product_cat?post=2035"},{"taxonomy":"product_tag","embeddable":true,"href":"https:\/\/www.museeduvin-valais.ch\/de\/wp-json\/wp\/v2\/product_tag?post=2035"}],"curies":[{"name":"wp","href":"https:\/\/api.w.org\/{rel}","templated":true}]}}