{"id":2030,"date":"2024-09-02T08:39:02","date_gmt":"2024-09-02T06:39:02","guid":{"rendered":"https:\/\/www.museeduvin-valais.ch\/produit\/etre-vigneron-en-valais\/"},"modified":"2024-10-17T11:58:44","modified_gmt":"2024-10-17T09:58:44","slug":"etre-vigneron-en-valais","status":"publish","type":"product","link":"https:\/\/www.museeduvin-valais.ch\/de\/produit\/etre-vigneron-en-valais\/","title":{"rendered":"\u00catre vigneron en Valais"},"content":{"rendered":"<p>Plus d\u2019une famille sur trois est concern\u00e9e par la viticulture en Valais. Mais qui sont ces acteurs de la vigne, comment vivent-ils la culture et l\u2019\u00e9levage du raisin ? La fa\u00e7on d\u2019\u00eatre vigneron a beaucoup \u00e9volu\u00e9 au cours du temps. Gr\u00e2ce aux recherches entreprises par le Mus\u00e9e du Vin, il est possible de replacer ce m\u00e9tier dans son contexte et dans son histoire, d\u2019esquisser les diff\u00e9rentes formes qu\u2019il a prises selon les \u00e9poques. <\/p>\n<p>Dans un canton o\u00f9 la vigne est profond\u00e9ment enracin\u00e9e dans la culture et l\u2019identit\u00e9 populaires, les travaux viticoles ont plus souvent \u00e9t\u00e9 document\u00e9s que les acteurs eux-m\u00eames. Le parti pris de cet ouvrage est d\u2019aborder le sujet de fa\u00e7on anthropologique. Les t\u00e9moignages de professionnels r\u00e9v\u00e8lent les diff\u00e9rentes facettes de cette profession aujourd\u2019hui. Des plus jeunes vignerons-encaveurs aux ouvriers viticoles qui pratiquent une viticulture h\u00e9ro\u00efque, ce livre pr\u00e9sente les portraits de femmes et d\u2019hommes qui cultivent les coteaux ensoleill\u00e9s du Valais et qui, pour certains, produisent du vin.<\/p>\n<p>Direction : Anne-Dominique Zufferey-P\u00e9risset<\/p>\n<p>Auteure : M\u00e9lanie Hugon-Duc<\/p>\n<p>Parution : 2014<br \/>\n\u00c9diteurs : Infolio \u00e9ditions, Mus\u00e9e du Vin<br \/>\nFormat : 23.5 x 15.5 cm \/ 128 pages<\/p>\n","protected":false},"excerpt":{"rendered":"<p>Plus d\u2019une famille sur trois est concern\u00e9e par la viticulture en Valais. Mais qui sont ces acteurs de la vigne, comment vivent-ils la culture et l\u2019\u00e9levage du raisin ? La fa\u00e7on d\u2019\u00eatre vigneron a beaucoup \u00e9volu\u00e9 au cours du temps. Gr\u00e2ce aux recherches entreprises par le Mus\u00e9e du Vin, il est possible de replacer ce [&hellip;]<\/p>\n","protected":false},"featured_media":1646,"template":"","meta":{"_acf_changed":false},"product_brand":[],"product_cat":[36],"product_tag":[],"class_list":{"0":"post-2030","1":"product","2":"type-product","3":"status-publish","4":"has-post-thumbnail","6":"product_cat-non-classe-de","8":"first","9":"instock","10":"taxable","11":"shipping-taxable","12":"purchasable","13":"product-type-simple"},"acf":[],"yoast_head":"<!-- This site is optimized with the Yoast SEO plugin v27.5 - https:\/\/yoast.com\/product\/yoast-seo-wordpress\/ -->\n<title>\u00catre vigneron en Valais - Walliser Reb- und Weinmuseum<\/title>\n<meta name=\"robots\" content=\"index, follow, max-snippet:-1, max-image-preview:large, max-video-preview:-1\" \/>\n<link rel=\"canonical\" href=\"https:\/\/www.museeduvin-valais.ch\/de\/produit\/etre-vigneron-en-valais\/\" \/>\n<meta property=\"og:locale\" content=\"de_DE\" \/>\n<meta property=\"og:type\" content=\"article\" \/>\n<meta property=\"og:title\" content=\"\u00catre vigneron en Valais - Walliser Reb- und Weinmuseum\" \/>\n<meta property=\"og:description\" content=\"Plus d\u2019une famille sur trois est concern\u00e9e par la viticulture en Valais. Mais qui sont ces acteurs de la vigne, comment vivent-ils la culture et l\u2019\u00e9levage du raisin ? La fa\u00e7on d\u2019\u00eatre vigneron a beaucoup \u00e9volu\u00e9 au cours du temps. Gr\u00e2ce aux recherches entreprises par le Mus\u00e9e du Vin, il est possible de replacer ce [&hellip;]\" \/>\n<meta property=\"og:url\" content=\"https:\/\/www.museeduvin-valais.ch\/de\/produit\/etre-vigneron-en-valais\/\" \/>\n<meta property=\"og:site_name\" content=\"Walliser Reb- und Weinmuseum\" \/>\n<meta property=\"article:publisher\" content=\"https:\/\/www.facebook.com\/museeduvin.weinmuseum\" \/>\n<meta property=\"article:modified_time\" content=\"2024-10-17T09:58:44+00:00\" \/>\n<meta property=\"og:image\" content=\"https:\/\/www.museeduvin-valais.ch\/wp-content\/uploads\/2024\/09\/musee-du-vin-10_etre-vigneron-en-valais.webp\" \/>\n\t<meta property=\"og:image:width\" content=\"1920\" \/>\n\t<meta property=\"og:image:height\" content=\"1308\" \/>\n\t<meta property=\"og:image:type\" content=\"image\/webp\" \/>\n<meta name=\"twitter:card\" content=\"summary_large_image\" \/>\n<meta name=\"twitter:label1\" content=\"Gesch\u00e4tzte Lesezeit\" \/>\n\t<meta name=\"twitter:data1\" content=\"1\u00a0Minute\" \/>\n<script type=\"application\/ld+json\" class=\"yoast-schema-graph\">{\"@context\":\"https:\\\/\\\/schema.org\",\"@graph\":[{\"@type\":\"WebPage\",\"@id\":\"https:\\\/\\\/www.museeduvin-valais.ch\\\/de\\\/produit\\\/etre-vigneron-en-valais\\\/\",\"url\":\"https:\\\/\\\/www.museeduvin-valais.ch\\\/de\\\/produit\\\/etre-vigneron-en-valais\\\/\",\"name\":\"\u00catre vigneron en Valais - Walliser Reb- und Weinmuseum\",\"isPartOf\":{\"@id\":\"https:\\\/\\\/www.museeduvin-valais.ch\\\/de\\\/#website\"},\"primaryImageOfPage\":{\"@id\":\"https:\\\/\\\/www.museeduvin-valais.ch\\\/de\\\/produit\\\/etre-vigneron-en-valais\\\/#primaryimage\"},\"image\":{\"@id\":\"https:\\\/\\\/www.museeduvin-valais.ch\\\/de\\\/produit\\\/etre-vigneron-en-valais\\\/#primaryimage\"},\"thumbnailUrl\":\"https:\\\/\\\/www.museeduvin-valais.ch\\\/wp-content\\\/uploads\\\/2024\\\/09\\\/musee-du-vin-10_etre-vigneron-en-valais.webp\",\"datePublished\":\"2024-09-02T06:39:02+00:00\",\"dateModified\":\"2024-10-17T09:58:44+00:00\",\"breadcrumb\":{\"@id\":\"https:\\\/\\\/www.museeduvin-valais.ch\\\/de\\\/produit\\\/etre-vigneron-en-valais\\\/#breadcrumb\"},\"inLanguage\":\"de\",\"potentialAction\":[{\"@type\":\"ReadAction\",\"target\":[\"https:\\\/\\\/www.museeduvin-valais.ch\\\/de\\\/produit\\\/etre-vigneron-en-valais\\\/\"]}]},{\"@type\":\"ImageObject\",\"inLanguage\":\"de\",\"@id\":\"https:\\\/\\\/www.museeduvin-valais.ch\\\/de\\\/produit\\\/etre-vigneron-en-valais\\\/#primaryimage\",\"url\":\"https:\\\/\\\/www.museeduvin-valais.ch\\\/wp-content\\\/uploads\\\/2024\\\/09\\\/musee-du-vin-10_etre-vigneron-en-valais.webp\",\"contentUrl\":\"https:\\\/\\\/www.museeduvin-valais.ch\\\/wp-content\\\/uploads\\\/2024\\\/09\\\/musee-du-vin-10_etre-vigneron-en-valais.webp\",\"width\":1920,\"height\":1308},{\"@type\":\"BreadcrumbList\",\"@id\":\"https:\\\/\\\/www.museeduvin-valais.ch\\\/de\\\/produit\\\/etre-vigneron-en-valais\\\/#breadcrumb\",\"itemListElement\":[{\"@type\":\"ListItem\",\"position\":1,\"name\":\"Accueil\",\"item\":\"https:\\\/\\\/www.museeduvin-valais.ch\\\/de\\\/\"},{\"@type\":\"ListItem\",\"position\":2,\"name\":\"Shop\",\"item\":\"https:\\\/\\\/www.museeduvin-valais.ch\\\/de\\\/shop\\\/\"},{\"@type\":\"ListItem\",\"position\":3,\"name\":\"\u00catre vigneron en Valais\"}]},{\"@type\":\"WebSite\",\"@id\":\"https:\\\/\\\/www.museeduvin-valais.ch\\\/de\\\/#website\",\"url\":\"https:\\\/\\\/www.museeduvin-valais.ch\\\/de\\\/\",\"name\":\"Mus\u00e9e Valaisan de la vigne et du vin\",\"description\":\"\",\"publisher\":{\"@id\":\"https:\\\/\\\/www.museeduvin-valais.ch\\\/de\\\/#organization\"},\"alternateName\":\"Mus\u00e9e du vin\",\"potentialAction\":[{\"@type\":\"SearchAction\",\"target\":{\"@type\":\"EntryPoint\",\"urlTemplate\":\"https:\\\/\\\/www.museeduvin-valais.ch\\\/de\\\/?s={search_term_string}\"},\"query-input\":{\"@type\":\"PropertyValueSpecification\",\"valueRequired\":true,\"valueName\":\"search_term_string\"}}],\"inLanguage\":\"de\"},{\"@type\":\"Organization\",\"@id\":\"https:\\\/\\\/www.museeduvin-valais.ch\\\/de\\\/#organization\",\"name\":\"Mus\u00e9e Valaisan de la vigne et du vin\",\"url\":\"https:\\\/\\\/www.museeduvin-valais.ch\\\/de\\\/\",\"logo\":{\"@type\":\"ImageObject\",\"inLanguage\":\"de\",\"@id\":\"https:\\\/\\\/www.museeduvin-valais.ch\\\/de\\\/#\\\/schema\\\/logo\\\/image\\\/\",\"url\":\"https:\\\/\\\/www.museeduvin-valais.ch\\\/wp-content\\\/uploads\\\/2024\\\/11\\\/logo-mb.svg\",\"contentUrl\":\"https:\\\/\\\/www.museeduvin-valais.ch\\\/wp-content\\\/uploads\\\/2024\\\/11\\\/logo-mb.svg\",\"width\":1,\"height\":1,\"caption\":\"Mus\u00e9e Valaisan de la vigne et du vin\"},\"image\":{\"@id\":\"https:\\\/\\\/www.museeduvin-valais.ch\\\/de\\\/#\\\/schema\\\/logo\\\/image\\\/\"},\"sameAs\":[\"https:\\\/\\\/www.facebook.com\\\/museeduvin.weinmuseum\",\"https:\\\/\\\/www.instagram.com\\\/museeduvinvalais\"]}]}<\/script>\n<!-- \/ Yoast SEO plugin. -->","yoast_head_json":{"title":"\u00catre vigneron en Valais - Walliser Reb- und Weinmuseum","robots":{"index":"index","follow":"follow","max-snippet":"max-snippet:-1","max-image-preview":"max-image-preview:large","max-video-preview":"max-video-preview:-1"},"canonical":"https:\/\/www.museeduvin-valais.ch\/de\/produit\/etre-vigneron-en-valais\/","og_locale":"de_DE","og_type":"article","og_title":"\u00catre vigneron en Valais - Walliser Reb- und Weinmuseum","og_description":"Plus d\u2019une famille sur trois est concern\u00e9e par la viticulture en Valais. Mais qui sont ces acteurs de la vigne, comment vivent-ils la culture et l\u2019\u00e9levage du raisin ? La fa\u00e7on d\u2019\u00eatre vigneron a beaucoup \u00e9volu\u00e9 au cours du temps. Gr\u00e2ce aux recherches entreprises par le Mus\u00e9e du Vin, il est possible de replacer ce [&hellip;]","og_url":"https:\/\/www.museeduvin-valais.ch\/de\/produit\/etre-vigneron-en-valais\/","og_site_name":"Walliser Reb- und Weinmuseum","article_publisher":"https:\/\/www.facebook.com\/museeduvin.weinmuseum","article_modified_time":"2024-10-17T09:58:44+00:00","og_image":[{"width":1920,"height":1308,"url":"https:\/\/www.museeduvin-valais.ch\/wp-content\/uploads\/2024\/09\/musee-du-vin-10_etre-vigneron-en-valais.webp","type":"image\/webp"}],"twitter_card":"summary_large_image","twitter_misc":{"Gesch\u00e4tzte Lesezeit":"1\u00a0Minute"},"schema":{"@context":"https:\/\/schema.org","@graph":[{"@type":"WebPage","@id":"https:\/\/www.museeduvin-valais.ch\/de\/produit\/etre-vigneron-en-valais\/","url":"https:\/\/www.museeduvin-valais.ch\/de\/produit\/etre-vigneron-en-valais\/","name":"\u00catre vigneron en Valais - Walliser Reb- und Weinmuseum","isPartOf":{"@id":"https:\/\/www.museeduvin-valais.ch\/de\/#website"},"primaryImageOfPage":{"@id":"https:\/\/www.museeduvin-valais.ch\/de\/produit\/etre-vigneron-en-valais\/#primaryimage"},"image":{"@id":"https:\/\/www.museeduvin-valais.ch\/de\/produit\/etre-vigneron-en-valais\/#primaryimage"},"thumbnailUrl":"https:\/\/www.museeduvin-valais.ch\/wp-content\/uploads\/2024\/09\/musee-du-vin-10_etre-vigneron-en-valais.webp","datePublished":"2024-09-02T06:39:02+00:00","dateModified":"2024-10-17T09:58:44+00:00","breadcrumb":{"@id":"https:\/\/www.museeduvin-valais.ch\/de\/produit\/etre-vigneron-en-valais\/#breadcrumb"},"inLanguage":"de","potentialAction":[{"@type":"ReadAction","target":["https:\/\/www.museeduvin-valais.ch\/de\/produit\/etre-vigneron-en-valais\/"]}]},{"@type":"ImageObject","inLanguage":"de","@id":"https:\/\/www.museeduvin-valais.ch\/de\/produit\/etre-vigneron-en-valais\/#primaryimage","url":"https:\/\/www.museeduvin-valais.ch\/wp-content\/uploads\/2024\/09\/musee-du-vin-10_etre-vigneron-en-valais.webp","contentUrl":"https:\/\/www.museeduvin-valais.ch\/wp-content\/uploads\/2024\/09\/musee-du-vin-10_etre-vigneron-en-valais.webp","width":1920,"height":1308},{"@type":"BreadcrumbList","@id":"https:\/\/www.museeduvin-valais.ch\/de\/produit\/etre-vigneron-en-valais\/#breadcrumb","itemListElement":[{"@type":"ListItem","position":1,"name":"Accueil","item":"https:\/\/www.museeduvin-valais.ch\/de\/"},{"@type":"ListItem","position":2,"name":"Shop","item":"https:\/\/www.museeduvin-valais.ch\/de\/shop\/"},{"@type":"ListItem","position":3,"name":"\u00catre vigneron en Valais"}]},{"@type":"WebSite","@id":"https:\/\/www.museeduvin-valais.ch\/de\/#website","url":"https:\/\/www.museeduvin-valais.ch\/de\/","name":"Mus\u00e9e Valaisan de la vigne et du vin","description":"","publisher":{"@id":"https:\/\/www.museeduvin-valais.ch\/de\/#organization"},"alternateName":"Mus\u00e9e du vin","potentialAction":[{"@type":"SearchAction","target":{"@type":"EntryPoint","urlTemplate":"https:\/\/www.museeduvin-valais.ch\/de\/?s={search_term_string}"},"query-input":{"@type":"PropertyValueSpecification","valueRequired":true,"valueName":"search_term_string"}}],"inLanguage":"de"},{"@type":"Organization","@id":"https:\/\/www.museeduvin-valais.ch\/de\/#organization","name":"Mus\u00e9e Valaisan de la vigne et du vin","url":"https:\/\/www.museeduvin-valais.ch\/de\/","logo":{"@type":"ImageObject","inLanguage":"de","@id":"https:\/\/www.museeduvin-valais.ch\/de\/#\/schema\/logo\/image\/","url":"https:\/\/www.museeduvin-valais.ch\/wp-content\/uploads\/2024\/11\/logo-mb.svg","contentUrl":"https:\/\/www.museeduvin-valais.ch\/wp-content\/uploads\/2024\/11\/logo-mb.svg","width":1,"height":1,"caption":"Mus\u00e9e Valaisan de la vigne et du vin"},"image":{"@id":"https:\/\/www.museeduvin-valais.ch\/de\/#\/schema\/logo\/image\/"},"sameAs":["https:\/\/www.facebook.com\/museeduvin.weinmuseum","https:\/\/www.instagram.com\/museeduvinvalais"]}]}},"_links":{"self":[{"href":"https:\/\/www.museeduvin-valais.ch\/de\/wp-json\/wp\/v2\/product\/2030","targetHints":{"allow":["GET"]}}],"collection":[{"href":"https:\/\/www.museeduvin-valais.ch\/de\/wp-json\/wp\/v2\/product"}],"about":[{"href":"https:\/\/www.museeduvin-valais.ch\/de\/wp-json\/wp\/v2\/types\/product"}],"wp:featuredmedia":[{"embeddable":true,"href":"https:\/\/www.museeduvin-valais.ch\/de\/wp-json\/wp\/v2\/media\/1646"}],"wp:attachment":[{"href":"https:\/\/www.museeduvin-valais.ch\/de\/wp-json\/wp\/v2\/media?parent=2030"}],"wp:term":[{"taxonomy":"product_brand","embeddable":true,"href":"https:\/\/www.museeduvin-valais.ch\/de\/wp-json\/wp\/v2\/product_brand?post=2030"},{"taxonomy":"product_cat","embeddable":true,"href":"https:\/\/www.museeduvin-valais.ch\/de\/wp-json\/wp\/v2\/product_cat?post=2030"},{"taxonomy":"product_tag","embeddable":true,"href":"https:\/\/www.museeduvin-valais.ch\/de\/wp-json\/wp\/v2\/product_tag?post=2030"}],"curies":[{"name":"wp","href":"https:\/\/api.w.org\/{rel}","templated":true}]}}