{"id":2029,"date":"2024-09-02T08:37:11","date_gmt":"2024-09-02T06:37:11","guid":{"rendered":"https:\/\/www.museeduvin-valais.ch\/produit\/ceci-nest-pas-une-bouteille\/"},"modified":"2024-10-17T11:58:16","modified_gmt":"2024-10-17T09:58:16","slug":"ceci-nest-pas-une-bouteille","status":"publish","type":"product","link":"https:\/\/www.museeduvin-valais.ch\/de\/produit\/ceci-nest-pas-une-bouteille\/","title":{"rendered":"Ceci n\u2019est pas une bouteille !"},"content":{"rendered":"<p>Cette paraphrase du fameux Ceci n\u2019est pas une pipe de Magritte (1928) pose la question du rapport entre un objet \u2013 en l\u2019occurrence, une bouteille \u2013, son statut et sa repr\u00e9sentation. Le r\u00e9cipient vu par le mudac et par le Mus\u00e9e du Vin semblent de natures diff\u00e9rentes. Pourtant, les deux sont le r\u00e9sultat de proc\u00e9dures culturelles l\u00e9gitimes, qui leur assurent un statut \u00e0 part en tant qu\u2019objets de collection. Leurs formes communiquent aussi sur d\u2019autres plans : mat\u00e9riaux (qualit\u00e9s de verre, bois), aspect pratique (utilit\u00e9, obsolescence, d\u00e9tournement), usage (traces, poussi\u00e8res, brillance). L\u2019ouvrage met en valeur une soixantaine de pi\u00e8ces rassembl\u00e9es par les deux institutions.<\/p>\n<p>Direction : Chantal Prod\u2019Hom, Anne-Dominique Zufferey-P\u00e9risset<\/p>\n<p>Auteures : M\u00e9lanie Hugon-Duc, Bettina Tschumi<\/p>\n<p>Parution : 2015<br \/>\n\u00c9diteurs : Infolio \u00e9ditions, mudac, Mus\u00e9e du Vin<br \/>\nFormat : 11.5 x 30 cm \/ 208 pages<\/p>\n","protected":false},"excerpt":{"rendered":"<p>Cette paraphrase du fameux Ceci n\u2019est pas une pipe de Magritte (1928) pose la question du rapport entre un objet \u2013 en l\u2019occurrence, une bouteille \u2013, son statut et sa repr\u00e9sentation. Le r\u00e9cipient vu par le mudac et par le Mus\u00e9e du Vin semblent de natures diff\u00e9rentes. Pourtant, les deux sont le r\u00e9sultat de proc\u00e9dures [&hellip;]<\/p>\n","protected":false},"featured_media":1640,"template":"","meta":{"_acf_changed":false},"product_brand":[],"product_cat":[36],"product_tag":[],"class_list":{"0":"post-2029","1":"product","2":"type-product","3":"status-publish","4":"has-post-thumbnail","6":"product_cat-non-classe-de","8":"first","9":"instock","10":"taxable","11":"shipping-taxable","12":"purchasable","13":"product-type-simple"},"acf":[],"yoast_head":"<!-- This site is optimized with the Yoast SEO plugin v27.5 - https:\/\/yoast.com\/product\/yoast-seo-wordpress\/ -->\n<title>Ceci n\u2019est pas une bouteille ! - Walliser Reb- und Weinmuseum<\/title>\n<meta name=\"robots\" content=\"index, follow, max-snippet:-1, max-image-preview:large, max-video-preview:-1\" \/>\n<link rel=\"canonical\" href=\"https:\/\/www.museeduvin-valais.ch\/de\/produit\/ceci-nest-pas-une-bouteille\/\" \/>\n<meta property=\"og:locale\" content=\"de_DE\" \/>\n<meta property=\"og:type\" content=\"article\" \/>\n<meta property=\"og:title\" content=\"Ceci n\u2019est pas une bouteille ! - Walliser Reb- und Weinmuseum\" \/>\n<meta property=\"og:description\" content=\"Cette paraphrase du fameux Ceci n\u2019est pas une pipe de Magritte (1928) pose la question du rapport entre un objet \u2013 en l\u2019occurrence, une bouteille \u2013, son statut et sa repr\u00e9sentation. Le r\u00e9cipient vu par le mudac et par le Mus\u00e9e du Vin semblent de natures diff\u00e9rentes. Pourtant, les deux sont le r\u00e9sultat de proc\u00e9dures [&hellip;]\" \/>\n<meta property=\"og:url\" content=\"https:\/\/www.museeduvin-valais.ch\/de\/produit\/ceci-nest-pas-une-bouteille\/\" \/>\n<meta property=\"og:site_name\" content=\"Walliser Reb- und Weinmuseum\" \/>\n<meta property=\"article:publisher\" content=\"https:\/\/www.facebook.com\/museeduvin.weinmuseum\" \/>\n<meta property=\"article:modified_time\" content=\"2024-10-17T09:58:16+00:00\" \/>\n<meta property=\"og:image\" content=\"https:\/\/www.museeduvin-valais.ch\/wp-content\/uploads\/2024\/09\/musee-du-vin-9_bouteille.webp\" \/>\n\t<meta property=\"og:image:width\" content=\"574\" \/>\n\t<meta property=\"og:image:height\" content=\"1000\" \/>\n\t<meta property=\"og:image:type\" content=\"image\/webp\" \/>\n<meta name=\"twitter:card\" content=\"summary_large_image\" \/>\n<meta name=\"twitter:label1\" content=\"Gesch\u00e4tzte Lesezeit\" \/>\n\t<meta name=\"twitter:data1\" content=\"1\u00a0Minute\" \/>\n<script type=\"application\/ld+json\" class=\"yoast-schema-graph\">{\"@context\":\"https:\\\/\\\/schema.org\",\"@graph\":[{\"@type\":\"WebPage\",\"@id\":\"https:\\\/\\\/www.museeduvin-valais.ch\\\/de\\\/produit\\\/ceci-nest-pas-une-bouteille\\\/\",\"url\":\"https:\\\/\\\/www.museeduvin-valais.ch\\\/de\\\/produit\\\/ceci-nest-pas-une-bouteille\\\/\",\"name\":\"Ceci n\u2019est pas une bouteille ! - Walliser Reb- und Weinmuseum\",\"isPartOf\":{\"@id\":\"https:\\\/\\\/www.museeduvin-valais.ch\\\/de\\\/#website\"},\"primaryImageOfPage\":{\"@id\":\"https:\\\/\\\/www.museeduvin-valais.ch\\\/de\\\/produit\\\/ceci-nest-pas-une-bouteille\\\/#primaryimage\"},\"image\":{\"@id\":\"https:\\\/\\\/www.museeduvin-valais.ch\\\/de\\\/produit\\\/ceci-nest-pas-une-bouteille\\\/#primaryimage\"},\"thumbnailUrl\":\"https:\\\/\\\/www.museeduvin-valais.ch\\\/wp-content\\\/uploads\\\/2024\\\/09\\\/musee-du-vin-9_bouteille.webp\",\"datePublished\":\"2024-09-02T06:37:11+00:00\",\"dateModified\":\"2024-10-17T09:58:16+00:00\",\"breadcrumb\":{\"@id\":\"https:\\\/\\\/www.museeduvin-valais.ch\\\/de\\\/produit\\\/ceci-nest-pas-une-bouteille\\\/#breadcrumb\"},\"inLanguage\":\"de\",\"potentialAction\":[{\"@type\":\"ReadAction\",\"target\":[\"https:\\\/\\\/www.museeduvin-valais.ch\\\/de\\\/produit\\\/ceci-nest-pas-une-bouteille\\\/\"]}]},{\"@type\":\"ImageObject\",\"inLanguage\":\"de\",\"@id\":\"https:\\\/\\\/www.museeduvin-valais.ch\\\/de\\\/produit\\\/ceci-nest-pas-une-bouteille\\\/#primaryimage\",\"url\":\"https:\\\/\\\/www.museeduvin-valais.ch\\\/wp-content\\\/uploads\\\/2024\\\/09\\\/musee-du-vin-9_bouteille.webp\",\"contentUrl\":\"https:\\\/\\\/www.museeduvin-valais.ch\\\/wp-content\\\/uploads\\\/2024\\\/09\\\/musee-du-vin-9_bouteille.webp\",\"width\":574,\"height\":1000},{\"@type\":\"BreadcrumbList\",\"@id\":\"https:\\\/\\\/www.museeduvin-valais.ch\\\/de\\\/produit\\\/ceci-nest-pas-une-bouteille\\\/#breadcrumb\",\"itemListElement\":[{\"@type\":\"ListItem\",\"position\":1,\"name\":\"Accueil\",\"item\":\"https:\\\/\\\/www.museeduvin-valais.ch\\\/de\\\/\"},{\"@type\":\"ListItem\",\"position\":2,\"name\":\"Shop\",\"item\":\"https:\\\/\\\/www.museeduvin-valais.ch\\\/de\\\/shop\\\/\"},{\"@type\":\"ListItem\",\"position\":3,\"name\":\"Ceci n\u2019est pas une bouteille !\"}]},{\"@type\":\"WebSite\",\"@id\":\"https:\\\/\\\/www.museeduvin-valais.ch\\\/de\\\/#website\",\"url\":\"https:\\\/\\\/www.museeduvin-valais.ch\\\/de\\\/\",\"name\":\"Mus\u00e9e Valaisan de la vigne et du vin\",\"description\":\"\",\"publisher\":{\"@id\":\"https:\\\/\\\/www.museeduvin-valais.ch\\\/de\\\/#organization\"},\"alternateName\":\"Mus\u00e9e du vin\",\"potentialAction\":[{\"@type\":\"SearchAction\",\"target\":{\"@type\":\"EntryPoint\",\"urlTemplate\":\"https:\\\/\\\/www.museeduvin-valais.ch\\\/de\\\/?s={search_term_string}\"},\"query-input\":{\"@type\":\"PropertyValueSpecification\",\"valueRequired\":true,\"valueName\":\"search_term_string\"}}],\"inLanguage\":\"de\"},{\"@type\":\"Organization\",\"@id\":\"https:\\\/\\\/www.museeduvin-valais.ch\\\/de\\\/#organization\",\"name\":\"Mus\u00e9e Valaisan de la vigne et du vin\",\"url\":\"https:\\\/\\\/www.museeduvin-valais.ch\\\/de\\\/\",\"logo\":{\"@type\":\"ImageObject\",\"inLanguage\":\"de\",\"@id\":\"https:\\\/\\\/www.museeduvin-valais.ch\\\/de\\\/#\\\/schema\\\/logo\\\/image\\\/\",\"url\":\"https:\\\/\\\/www.museeduvin-valais.ch\\\/wp-content\\\/uploads\\\/2024\\\/11\\\/logo-mb.svg\",\"contentUrl\":\"https:\\\/\\\/www.museeduvin-valais.ch\\\/wp-content\\\/uploads\\\/2024\\\/11\\\/logo-mb.svg\",\"width\":1,\"height\":1,\"caption\":\"Mus\u00e9e Valaisan de la vigne et du vin\"},\"image\":{\"@id\":\"https:\\\/\\\/www.museeduvin-valais.ch\\\/de\\\/#\\\/schema\\\/logo\\\/image\\\/\"},\"sameAs\":[\"https:\\\/\\\/www.facebook.com\\\/museeduvin.weinmuseum\",\"https:\\\/\\\/www.instagram.com\\\/museeduvinvalais\"]}]}<\/script>\n<!-- \/ Yoast SEO plugin. -->","yoast_head_json":{"title":"Ceci n\u2019est pas une bouteille ! - Walliser Reb- und Weinmuseum","robots":{"index":"index","follow":"follow","max-snippet":"max-snippet:-1","max-image-preview":"max-image-preview:large","max-video-preview":"max-video-preview:-1"},"canonical":"https:\/\/www.museeduvin-valais.ch\/de\/produit\/ceci-nest-pas-une-bouteille\/","og_locale":"de_DE","og_type":"article","og_title":"Ceci n\u2019est pas une bouteille ! - Walliser Reb- und Weinmuseum","og_description":"Cette paraphrase du fameux Ceci n\u2019est pas une pipe de Magritte (1928) pose la question du rapport entre un objet \u2013 en l\u2019occurrence, une bouteille \u2013, son statut et sa repr\u00e9sentation. Le r\u00e9cipient vu par le mudac et par le Mus\u00e9e du Vin semblent de natures diff\u00e9rentes. Pourtant, les deux sont le r\u00e9sultat de proc\u00e9dures [&hellip;]","og_url":"https:\/\/www.museeduvin-valais.ch\/de\/produit\/ceci-nest-pas-une-bouteille\/","og_site_name":"Walliser Reb- und Weinmuseum","article_publisher":"https:\/\/www.facebook.com\/museeduvin.weinmuseum","article_modified_time":"2024-10-17T09:58:16+00:00","og_image":[{"width":574,"height":1000,"url":"https:\/\/www.museeduvin-valais.ch\/wp-content\/uploads\/2024\/09\/musee-du-vin-9_bouteille.webp","type":"image\/webp"}],"twitter_card":"summary_large_image","twitter_misc":{"Gesch\u00e4tzte Lesezeit":"1\u00a0Minute"},"schema":{"@context":"https:\/\/schema.org","@graph":[{"@type":"WebPage","@id":"https:\/\/www.museeduvin-valais.ch\/de\/produit\/ceci-nest-pas-une-bouteille\/","url":"https:\/\/www.museeduvin-valais.ch\/de\/produit\/ceci-nest-pas-une-bouteille\/","name":"Ceci n\u2019est pas une bouteille ! - Walliser Reb- und Weinmuseum","isPartOf":{"@id":"https:\/\/www.museeduvin-valais.ch\/de\/#website"},"primaryImageOfPage":{"@id":"https:\/\/www.museeduvin-valais.ch\/de\/produit\/ceci-nest-pas-une-bouteille\/#primaryimage"},"image":{"@id":"https:\/\/www.museeduvin-valais.ch\/de\/produit\/ceci-nest-pas-une-bouteille\/#primaryimage"},"thumbnailUrl":"https:\/\/www.museeduvin-valais.ch\/wp-content\/uploads\/2024\/09\/musee-du-vin-9_bouteille.webp","datePublished":"2024-09-02T06:37:11+00:00","dateModified":"2024-10-17T09:58:16+00:00","breadcrumb":{"@id":"https:\/\/www.museeduvin-valais.ch\/de\/produit\/ceci-nest-pas-une-bouteille\/#breadcrumb"},"inLanguage":"de","potentialAction":[{"@type":"ReadAction","target":["https:\/\/www.museeduvin-valais.ch\/de\/produit\/ceci-nest-pas-une-bouteille\/"]}]},{"@type":"ImageObject","inLanguage":"de","@id":"https:\/\/www.museeduvin-valais.ch\/de\/produit\/ceci-nest-pas-une-bouteille\/#primaryimage","url":"https:\/\/www.museeduvin-valais.ch\/wp-content\/uploads\/2024\/09\/musee-du-vin-9_bouteille.webp","contentUrl":"https:\/\/www.museeduvin-valais.ch\/wp-content\/uploads\/2024\/09\/musee-du-vin-9_bouteille.webp","width":574,"height":1000},{"@type":"BreadcrumbList","@id":"https:\/\/www.museeduvin-valais.ch\/de\/produit\/ceci-nest-pas-une-bouteille\/#breadcrumb","itemListElement":[{"@type":"ListItem","position":1,"name":"Accueil","item":"https:\/\/www.museeduvin-valais.ch\/de\/"},{"@type":"ListItem","position":2,"name":"Shop","item":"https:\/\/www.museeduvin-valais.ch\/de\/shop\/"},{"@type":"ListItem","position":3,"name":"Ceci n\u2019est pas une bouteille !"}]},{"@type":"WebSite","@id":"https:\/\/www.museeduvin-valais.ch\/de\/#website","url":"https:\/\/www.museeduvin-valais.ch\/de\/","name":"Mus\u00e9e Valaisan de la vigne et du vin","description":"","publisher":{"@id":"https:\/\/www.museeduvin-valais.ch\/de\/#organization"},"alternateName":"Mus\u00e9e du vin","potentialAction":[{"@type":"SearchAction","target":{"@type":"EntryPoint","urlTemplate":"https:\/\/www.museeduvin-valais.ch\/de\/?s={search_term_string}"},"query-input":{"@type":"PropertyValueSpecification","valueRequired":true,"valueName":"search_term_string"}}],"inLanguage":"de"},{"@type":"Organization","@id":"https:\/\/www.museeduvin-valais.ch\/de\/#organization","name":"Mus\u00e9e Valaisan de la vigne et du vin","url":"https:\/\/www.museeduvin-valais.ch\/de\/","logo":{"@type":"ImageObject","inLanguage":"de","@id":"https:\/\/www.museeduvin-valais.ch\/de\/#\/schema\/logo\/image\/","url":"https:\/\/www.museeduvin-valais.ch\/wp-content\/uploads\/2024\/11\/logo-mb.svg","contentUrl":"https:\/\/www.museeduvin-valais.ch\/wp-content\/uploads\/2024\/11\/logo-mb.svg","width":1,"height":1,"caption":"Mus\u00e9e Valaisan de la vigne et du vin"},"image":{"@id":"https:\/\/www.museeduvin-valais.ch\/de\/#\/schema\/logo\/image\/"},"sameAs":["https:\/\/www.facebook.com\/museeduvin.weinmuseum","https:\/\/www.instagram.com\/museeduvinvalais"]}]}},"_links":{"self":[{"href":"https:\/\/www.museeduvin-valais.ch\/de\/wp-json\/wp\/v2\/product\/2029","targetHints":{"allow":["GET"]}}],"collection":[{"href":"https:\/\/www.museeduvin-valais.ch\/de\/wp-json\/wp\/v2\/product"}],"about":[{"href":"https:\/\/www.museeduvin-valais.ch\/de\/wp-json\/wp\/v2\/types\/product"}],"wp:featuredmedia":[{"embeddable":true,"href":"https:\/\/www.museeduvin-valais.ch\/de\/wp-json\/wp\/v2\/media\/1640"}],"wp:attachment":[{"href":"https:\/\/www.museeduvin-valais.ch\/de\/wp-json\/wp\/v2\/media?parent=2029"}],"wp:term":[{"taxonomy":"product_brand","embeddable":true,"href":"https:\/\/www.museeduvin-valais.ch\/de\/wp-json\/wp\/v2\/product_brand?post=2029"},{"taxonomy":"product_cat","embeddable":true,"href":"https:\/\/www.museeduvin-valais.ch\/de\/wp-json\/wp\/v2\/product_cat?post=2029"},{"taxonomy":"product_tag","embeddable":true,"href":"https:\/\/www.museeduvin-valais.ch\/de\/wp-json\/wp\/v2\/product_tag?post=2029"}],"curies":[{"name":"wp","href":"https:\/\/api.w.org\/{rel}","templated":true}]}}