{"id":2022,"date":"2024-09-02T08:31:03","date_gmt":"2024-09-02T06:31:03","guid":{"rendered":"https:\/\/www.museeduvin-valais.ch\/produit\/la-beaute-du-geste-objets-de-la-vigne-et-du-vin-en-valais\/"},"modified":"2024-10-17T11:54:09","modified_gmt":"2024-10-17T09:54:09","slug":"la-beaute-du-geste-objets-de-la-vigne-et-du-vin-en-valais","status":"publish","type":"product","link":"https:\/\/www.museeduvin-valais.ch\/de\/produit\/la-beaute-du-geste-objets-de-la-vigne-et-du-vin-en-valais\/","title":{"rendered":"La beaut\u00e9 du geste : objets de la vigne et du vin en Valais"},"content":{"rendered":"<p>Les outils accompagnent les travaux de la vigne et du vin depuis toujours. Que nous disent-ils de notre histoire, de notre \u00e9conomie, de notre soci\u00e9t\u00e9 ? Dans ce livre, le Mus\u00e9e du Vin fait parler sa collection d\u2019objets du 19e et du d\u00e9but du 21e si\u00e8cle. Serpette, pioche, capion, s\u00e9cateur, pulv\u00e9risateur, caissette, pressoir, f\u00fbts\u2026 Chacun joue son r\u00f4le dans les actes de l\u2019ann\u00e9e viticole, \u00e9volue selon les besoins, change de statut avec les \u00e9poques. Prolongement de la main de l\u2019homme, l\u2019outil est \u00e9galement \u00ab v\u00e9cu \u00bb par celui qui s\u2019en sert. Il all\u00e8ge les corv\u00e9es ou a le don de les rendre encore plus p\u00e9nibles ! Le choix de La beaut\u00e9 du geste est d\u2019embrasser l\u2019objet dans sa globalit\u00e9, aussi bien dans l\u2019action qu\u2019il rend possible qu\u2019\u00e0 travers les hommes et les femmes qui l\u2019utilisent. Au gr\u00e9 des images et des t\u00e9moignages, les objets de la vigne et du vin prennent corps et proposent un nouvel \u00e9clairage sur le monde vitivinicole valaisan.<\/p>\n<p>Direction : Anne-Dominique Zufferey-P\u00e9risset<\/p>\n<p>Auteure : M\u00e9lanie Hugon-Duc<\/p>\n<p>Parution : 2016<br \/>\n\u00c9diteurs : Infolio \u00e9ditions, Mus\u00e9e du Vin<br \/>\nFormat : 23 x 28 cm \/ 240 pages<\/p>\n","protected":false},"excerpt":{"rendered":"<p>Les outils accompagnent les travaux de la vigne et du vin depuis toujours. Que nous disent-ils de notre histoire, de notre \u00e9conomie, de notre soci\u00e9t\u00e9 ? Dans ce livre, le Mus\u00e9e du Vin fait parler sa collection d\u2019objets du 19e et du d\u00e9but du 21e si\u00e8cle. Serpette, pioche, capion, s\u00e9cateur, pulv\u00e9risateur, caissette, pressoir, f\u00fbts\u2026 Chacun [&hellip;]<\/p>\n","protected":false},"featured_media":1627,"template":"","meta":{"_acf_changed":false},"product_brand":[],"product_cat":[36],"product_tag":[],"class_list":{"0":"post-2022","1":"product","2":"type-product","3":"status-publish","4":"has-post-thumbnail","6":"product_cat-non-classe-de","8":"first","9":"instock","10":"taxable","11":"shipping-taxable","12":"purchasable","13":"product-type-simple"},"acf":[],"yoast_head":"<!-- This site is optimized with the Yoast SEO plugin v27.2 - https:\/\/yoast.com\/product\/yoast-seo-wordpress\/ -->\n<title>La beaut\u00e9 du geste : objets de la vigne et du vin en Valais - Walliser Reb- und Weinmuseum<\/title>\n<meta name=\"robots\" content=\"index, follow, max-snippet:-1, max-image-preview:large, max-video-preview:-1\" \/>\n<link rel=\"canonical\" href=\"https:\/\/www.museeduvin-valais.ch\/de\/produit\/la-beaute-du-geste-objets-de-la-vigne-et-du-vin-en-valais\/\" \/>\n<meta property=\"og:locale\" content=\"de_DE\" \/>\n<meta property=\"og:type\" content=\"article\" \/>\n<meta property=\"og:title\" content=\"La beaut\u00e9 du geste : objets de la vigne et du vin en Valais - Walliser Reb- und Weinmuseum\" \/>\n<meta property=\"og:description\" content=\"Les outils accompagnent les travaux de la vigne et du vin depuis toujours. Que nous disent-ils de notre histoire, de notre \u00e9conomie, de notre soci\u00e9t\u00e9 ? Dans ce livre, le Mus\u00e9e du Vin fait parler sa collection d\u2019objets du 19e et du d\u00e9but du 21e si\u00e8cle. Serpette, pioche, capion, s\u00e9cateur, pulv\u00e9risateur, caissette, pressoir, f\u00fbts\u2026 Chacun [&hellip;]\" \/>\n<meta property=\"og:url\" content=\"https:\/\/www.museeduvin-valais.ch\/de\/produit\/la-beaute-du-geste-objets-de-la-vigne-et-du-vin-en-valais\/\" \/>\n<meta property=\"og:site_name\" content=\"Walliser Reb- und Weinmuseum\" \/>\n<meta property=\"article:publisher\" content=\"https:\/\/www.facebook.com\/museeduvin.weinmuseum\" \/>\n<meta property=\"article:modified_time\" content=\"2024-10-17T09:54:09+00:00\" \/>\n<meta property=\"og:image\" content=\"https:\/\/www.museeduvin-valais.ch\/wp-content\/uploads\/2024\/09\/musee-du-vin-6_beaute\u2560u_geste.webp\" \/>\n\t<meta property=\"og:image:width\" content=\"787\" \/>\n\t<meta property=\"og:image:height\" content=\"1000\" \/>\n\t<meta property=\"og:image:type\" content=\"image\/webp\" \/>\n<meta name=\"twitter:card\" content=\"summary_large_image\" \/>\n<meta name=\"twitter:label1\" content=\"Gesch\u00e4tzte Lesezeit\" \/>\n\t<meta name=\"twitter:data1\" content=\"1\u00a0Minute\" \/>\n<script type=\"application\/ld+json\" class=\"yoast-schema-graph\">{\"@context\":\"https:\/\/schema.org\",\"@graph\":[{\"@type\":\"WebPage\",\"@id\":\"https:\/\/www.museeduvin-valais.ch\/de\/produit\/la-beaute-du-geste-objets-de-la-vigne-et-du-vin-en-valais\/\",\"url\":\"https:\/\/www.museeduvin-valais.ch\/de\/produit\/la-beaute-du-geste-objets-de-la-vigne-et-du-vin-en-valais\/\",\"name\":\"La beaut\u00e9 du geste : objets de la vigne et du vin en Valais - Walliser Reb- und Weinmuseum\",\"isPartOf\":{\"@id\":\"https:\/\/www.museeduvin-valais.ch\/de\/#website\"},\"primaryImageOfPage\":{\"@id\":\"https:\/\/www.museeduvin-valais.ch\/de\/produit\/la-beaute-du-geste-objets-de-la-vigne-et-du-vin-en-valais\/#primaryimage\"},\"image\":{\"@id\":\"https:\/\/www.museeduvin-valais.ch\/de\/produit\/la-beaute-du-geste-objets-de-la-vigne-et-du-vin-en-valais\/#primaryimage\"},\"thumbnailUrl\":\"https:\/\/www.museeduvin-valais.ch\/wp-content\/uploads\/2024\/09\/musee-du-vin-6_beaute\u2560u_geste.webp\",\"datePublished\":\"2024-09-02T06:31:03+00:00\",\"dateModified\":\"2024-10-17T09:54:09+00:00\",\"breadcrumb\":{\"@id\":\"https:\/\/www.museeduvin-valais.ch\/de\/produit\/la-beaute-du-geste-objets-de-la-vigne-et-du-vin-en-valais\/#breadcrumb\"},\"inLanguage\":\"de\",\"potentialAction\":[{\"@type\":\"ReadAction\",\"target\":[\"https:\/\/www.museeduvin-valais.ch\/de\/produit\/la-beaute-du-geste-objets-de-la-vigne-et-du-vin-en-valais\/\"]}]},{\"@type\":\"ImageObject\",\"inLanguage\":\"de\",\"@id\":\"https:\/\/www.museeduvin-valais.ch\/de\/produit\/la-beaute-du-geste-objets-de-la-vigne-et-du-vin-en-valais\/#primaryimage\",\"url\":\"https:\/\/www.museeduvin-valais.ch\/wp-content\/uploads\/2024\/09\/musee-du-vin-6_beaute\u2560u_geste.webp\",\"contentUrl\":\"https:\/\/www.museeduvin-valais.ch\/wp-content\/uploads\/2024\/09\/musee-du-vin-6_beaute\u2560u_geste.webp\",\"width\":787,\"height\":1000},{\"@type\":\"BreadcrumbList\",\"@id\":\"https:\/\/www.museeduvin-valais.ch\/de\/produit\/la-beaute-du-geste-objets-de-la-vigne-et-du-vin-en-valais\/#breadcrumb\",\"itemListElement\":[{\"@type\":\"ListItem\",\"position\":1,\"name\":\"Accueil\",\"item\":\"https:\/\/www.museeduvin-valais.ch\/de\/\"},{\"@type\":\"ListItem\",\"position\":2,\"name\":\"Shop\",\"item\":\"https:\/\/www.museeduvin-valais.ch\/de\/shop\/\"},{\"@type\":\"ListItem\",\"position\":3,\"name\":\"La beaut\u00e9 du geste : objets de la vigne et du vin en Valais\"}]},{\"@type\":\"WebSite\",\"@id\":\"https:\/\/www.museeduvin-valais.ch\/de\/#website\",\"url\":\"https:\/\/www.museeduvin-valais.ch\/de\/\",\"name\":\"Mus\u00e9e Valaisan de la vigne et du vin\",\"description\":\"\",\"publisher\":{\"@id\":\"https:\/\/www.museeduvin-valais.ch\/de\/#organization\"},\"alternateName\":\"Mus\u00e9e du vin\",\"potentialAction\":[{\"@type\":\"SearchAction\",\"target\":{\"@type\":\"EntryPoint\",\"urlTemplate\":\"https:\/\/www.museeduvin-valais.ch\/de\/?s={search_term_string}\"},\"query-input\":{\"@type\":\"PropertyValueSpecification\",\"valueRequired\":true,\"valueName\":\"search_term_string\"}}],\"inLanguage\":\"de\"},{\"@type\":\"Organization\",\"@id\":\"https:\/\/www.museeduvin-valais.ch\/de\/#organization\",\"name\":\"Mus\u00e9e Valaisan de la vigne et du vin\",\"url\":\"https:\/\/www.museeduvin-valais.ch\/de\/\",\"logo\":{\"@type\":\"ImageObject\",\"inLanguage\":\"de\",\"@id\":\"https:\/\/www.museeduvin-valais.ch\/de\/#\/schema\/logo\/image\/\",\"url\":\"https:\/\/www.museeduvin-valais.ch\/wp-content\/uploads\/2024\/11\/logo-mb.svg\",\"contentUrl\":\"https:\/\/www.museeduvin-valais.ch\/wp-content\/uploads\/2024\/11\/logo-mb.svg\",\"width\":1,\"height\":1,\"caption\":\"Mus\u00e9e Valaisan de la vigne et du vin\"},\"image\":{\"@id\":\"https:\/\/www.museeduvin-valais.ch\/de\/#\/schema\/logo\/image\/\"},\"sameAs\":[\"https:\/\/www.facebook.com\/museeduvin.weinmuseum\",\"https:\/\/www.instagram.com\/museeduvinvalais\"]}]}<\/script>\n<!-- \/ Yoast SEO plugin. -->","yoast_head_json":{"title":"La beaut\u00e9 du geste : objets de la vigne et du vin en Valais - Walliser Reb- und Weinmuseum","robots":{"index":"index","follow":"follow","max-snippet":"max-snippet:-1","max-image-preview":"max-image-preview:large","max-video-preview":"max-video-preview:-1"},"canonical":"https:\/\/www.museeduvin-valais.ch\/de\/produit\/la-beaute-du-geste-objets-de-la-vigne-et-du-vin-en-valais\/","og_locale":"de_DE","og_type":"article","og_title":"La beaut\u00e9 du geste : objets de la vigne et du vin en Valais - Walliser Reb- und Weinmuseum","og_description":"Les outils accompagnent les travaux de la vigne et du vin depuis toujours. Que nous disent-ils de notre histoire, de notre \u00e9conomie, de notre soci\u00e9t\u00e9 ? Dans ce livre, le Mus\u00e9e du Vin fait parler sa collection d\u2019objets du 19e et du d\u00e9but du 21e si\u00e8cle. Serpette, pioche, capion, s\u00e9cateur, pulv\u00e9risateur, caissette, pressoir, f\u00fbts\u2026 Chacun [&hellip;]","og_url":"https:\/\/www.museeduvin-valais.ch\/de\/produit\/la-beaute-du-geste-objets-de-la-vigne-et-du-vin-en-valais\/","og_site_name":"Walliser Reb- und Weinmuseum","article_publisher":"https:\/\/www.facebook.com\/museeduvin.weinmuseum","article_modified_time":"2024-10-17T09:54:09+00:00","og_image":[{"width":787,"height":1000,"url":"https:\/\/www.museeduvin-valais.ch\/wp-content\/uploads\/2024\/09\/musee-du-vin-6_beaute\u2560u_geste.webp","type":"image\/webp"}],"twitter_card":"summary_large_image","twitter_misc":{"Gesch\u00e4tzte Lesezeit":"1\u00a0Minute"},"schema":{"@context":"https:\/\/schema.org","@graph":[{"@type":"WebPage","@id":"https:\/\/www.museeduvin-valais.ch\/de\/produit\/la-beaute-du-geste-objets-de-la-vigne-et-du-vin-en-valais\/","url":"https:\/\/www.museeduvin-valais.ch\/de\/produit\/la-beaute-du-geste-objets-de-la-vigne-et-du-vin-en-valais\/","name":"La beaut\u00e9 du geste : objets de la vigne et du vin en Valais - Walliser Reb- und Weinmuseum","isPartOf":{"@id":"https:\/\/www.museeduvin-valais.ch\/de\/#website"},"primaryImageOfPage":{"@id":"https:\/\/www.museeduvin-valais.ch\/de\/produit\/la-beaute-du-geste-objets-de-la-vigne-et-du-vin-en-valais\/#primaryimage"},"image":{"@id":"https:\/\/www.museeduvin-valais.ch\/de\/produit\/la-beaute-du-geste-objets-de-la-vigne-et-du-vin-en-valais\/#primaryimage"},"thumbnailUrl":"https:\/\/www.museeduvin-valais.ch\/wp-content\/uploads\/2024\/09\/musee-du-vin-6_beaute\u2560u_geste.webp","datePublished":"2024-09-02T06:31:03+00:00","dateModified":"2024-10-17T09:54:09+00:00","breadcrumb":{"@id":"https:\/\/www.museeduvin-valais.ch\/de\/produit\/la-beaute-du-geste-objets-de-la-vigne-et-du-vin-en-valais\/#breadcrumb"},"inLanguage":"de","potentialAction":[{"@type":"ReadAction","target":["https:\/\/www.museeduvin-valais.ch\/de\/produit\/la-beaute-du-geste-objets-de-la-vigne-et-du-vin-en-valais\/"]}]},{"@type":"ImageObject","inLanguage":"de","@id":"https:\/\/www.museeduvin-valais.ch\/de\/produit\/la-beaute-du-geste-objets-de-la-vigne-et-du-vin-en-valais\/#primaryimage","url":"https:\/\/www.museeduvin-valais.ch\/wp-content\/uploads\/2024\/09\/musee-du-vin-6_beaute\u2560u_geste.webp","contentUrl":"https:\/\/www.museeduvin-valais.ch\/wp-content\/uploads\/2024\/09\/musee-du-vin-6_beaute\u2560u_geste.webp","width":787,"height":1000},{"@type":"BreadcrumbList","@id":"https:\/\/www.museeduvin-valais.ch\/de\/produit\/la-beaute-du-geste-objets-de-la-vigne-et-du-vin-en-valais\/#breadcrumb","itemListElement":[{"@type":"ListItem","position":1,"name":"Accueil","item":"https:\/\/www.museeduvin-valais.ch\/de\/"},{"@type":"ListItem","position":2,"name":"Shop","item":"https:\/\/www.museeduvin-valais.ch\/de\/shop\/"},{"@type":"ListItem","position":3,"name":"La beaut\u00e9 du geste : objets de la vigne et du vin en Valais"}]},{"@type":"WebSite","@id":"https:\/\/www.museeduvin-valais.ch\/de\/#website","url":"https:\/\/www.museeduvin-valais.ch\/de\/","name":"Mus\u00e9e Valaisan de la vigne et du vin","description":"","publisher":{"@id":"https:\/\/www.museeduvin-valais.ch\/de\/#organization"},"alternateName":"Mus\u00e9e du vin","potentialAction":[{"@type":"SearchAction","target":{"@type":"EntryPoint","urlTemplate":"https:\/\/www.museeduvin-valais.ch\/de\/?s={search_term_string}"},"query-input":{"@type":"PropertyValueSpecification","valueRequired":true,"valueName":"search_term_string"}}],"inLanguage":"de"},{"@type":"Organization","@id":"https:\/\/www.museeduvin-valais.ch\/de\/#organization","name":"Mus\u00e9e Valaisan de la vigne et du vin","url":"https:\/\/www.museeduvin-valais.ch\/de\/","logo":{"@type":"ImageObject","inLanguage":"de","@id":"https:\/\/www.museeduvin-valais.ch\/de\/#\/schema\/logo\/image\/","url":"https:\/\/www.museeduvin-valais.ch\/wp-content\/uploads\/2024\/11\/logo-mb.svg","contentUrl":"https:\/\/www.museeduvin-valais.ch\/wp-content\/uploads\/2024\/11\/logo-mb.svg","width":1,"height":1,"caption":"Mus\u00e9e Valaisan de la vigne et du vin"},"image":{"@id":"https:\/\/www.museeduvin-valais.ch\/de\/#\/schema\/logo\/image\/"},"sameAs":["https:\/\/www.facebook.com\/museeduvin.weinmuseum","https:\/\/www.instagram.com\/museeduvinvalais"]}]}},"_links":{"self":[{"href":"https:\/\/www.museeduvin-valais.ch\/de\/wp-json\/wp\/v2\/product\/2022","targetHints":{"allow":["GET"]}}],"collection":[{"href":"https:\/\/www.museeduvin-valais.ch\/de\/wp-json\/wp\/v2\/product"}],"about":[{"href":"https:\/\/www.museeduvin-valais.ch\/de\/wp-json\/wp\/v2\/types\/product"}],"wp:featuredmedia":[{"embeddable":true,"href":"https:\/\/www.museeduvin-valais.ch\/de\/wp-json\/wp\/v2\/media\/1627"}],"wp:attachment":[{"href":"https:\/\/www.museeduvin-valais.ch\/de\/wp-json\/wp\/v2\/media?parent=2022"}],"wp:term":[{"taxonomy":"product_brand","embeddable":true,"href":"https:\/\/www.museeduvin-valais.ch\/de\/wp-json\/wp\/v2\/product_brand?post=2022"},{"taxonomy":"product_cat","embeddable":true,"href":"https:\/\/www.museeduvin-valais.ch\/de\/wp-json\/wp\/v2\/product_cat?post=2022"},{"taxonomy":"product_tag","embeddable":true,"href":"https:\/\/www.museeduvin-valais.ch\/de\/wp-json\/wp\/v2\/product_tag?post=2022"}],"curies":[{"name":"wp","href":"https:\/\/api.w.org\/{rel}","templated":true}]}}