{"id":2019,"date":"2024-08-09T12:40:05","date_gmt":"2024-08-09T10:40:05","guid":{"rendered":"https:\/\/www.museeduvin-valais.ch\/produit\/vigne-et-nature-en-valais-entre-les-lignes-de-la-culture\/"},"modified":"2025-12-16T00:46:55","modified_gmt":"2025-12-15T23:46:55","slug":"reben-und-natur-im-wallis-zwischen-den-linien-der-kultur","status":"publish","type":"product","link":"https:\/\/www.museeduvin-valais.ch\/de\/produit\/reben-und-natur-im-wallis-zwischen-den-linien-der-kultur\/","title":{"rendered":"Reben und Natur im Wallis zwischen den Linien der Kultur"},"content":{"rendered":"<p>Globale Erw\u00e4rmung, Misstrauen gegen\u00fcber chemischen Behandlungen, Erfolg der Bioweine &#8230; Mehr denn je stehen Umweltanliegen im Mittelpunkt des Weinbaus und der Erwartungen der Verbraucherinnen und Verbraucher. In welchem Verh\u00e4ltnis stehen die Reben zur Natur? Sind Reben \u00fcberhaupt noch nat\u00fcrlich? Wie und in welchem Umfang k\u00f6nnen wir die Natur wieder in den Weinberg integrieren? Dieses Buch pr\u00e4sentiert zahlreiche Fakten und Gedanken zu diesem Thema, mit Fokus auf das gr\u00f6sste Weinbaugebiet der Schweiz: das Wallis. Siebzehn Wissenschaftlerinnen und Wissenschaftler setzen sich mit der Entwicklung von Klima, Fauna und Flora und die Rolle des Bodens und der Gesteine auseinander. Sie richten ihre Aufmerksamkeit auf die Agrarpolitik, die Geschichte der integrierten Produktion, die Herausforderungen des biologischen und biodynamischen Anbaus sowie das Aufkommen der Hybridreben. Ein aktueller interdisziplin\u00e4rer Einblick in die Nat\u00fcrlichkeit der Reben im Lauf der Zeit \u2013 \u00abzwischen den Linien der Kultur\u00bb.<\/p>\n<p>Leitung: Anne-Dominique Zufferey-P\u00e9risset<\/p>\n<p>Autoren: Christian Blaser, Sabine Carruzzo-Frey, Muriel Constantin Pitteloud, Delphine Debons, Pierre Dubuis, St\u00e9phane Emery, Jean-Michel Fallot, Jean-Michel Gobat, Alexandre Grandjean, M\u00e9lanie Hugon-Duc, France Massy, Peter Oggier, Emmanuel Reynard, Antoine Sierro, Jean-Laurent Spring, Jos\u00e9 Vouillamoz, Vivian Zufferey<\/p>\n<p>Erschienen: 2020<br \/>\nVerl\u00e4ge: Infolio \u00e9ditions, Weinmuseum<br \/>\nFormat: 23 x 28 cm \/ 288 Seiten<\/p>\n","protected":false},"excerpt":{"rendered":"<p>Globale Erw\u00e4rmung, Misstrauen gegen\u00fcber chemischen Behandlungen, Erfolg der Bioweine &#8230; Mehr denn je stehen Umweltanliegen im Mittelpunkt des Weinbaus und der Erwartungen der Verbraucherinnen und Verbraucher. In welchem Verh\u00e4ltnis stehen die Reben zur Natur? Sind Reben \u00fcberhaupt noch nat\u00fcrlich? Wie und in welchem Umfang k\u00f6nnen wir die Natur wieder in den Weinberg integrieren? Dieses Buch [&hellip;]<\/p>\n","protected":false},"featured_media":1602,"template":"","meta":{"_acf_changed":false},"product_brand":[],"product_cat":[46],"product_tag":[],"class_list":{"0":"post-2019","1":"product","2":"type-product","3":"status-publish","4":"has-post-thumbnail","6":"product_cat-unkategorisiert","8":"first","9":"instock","10":"taxable","11":"shipping-taxable","12":"purchasable","13":"product-type-simple"},"acf":[],"yoast_head":"<!-- This site is optimized with the Yoast SEO plugin v27.5 - https:\/\/yoast.com\/product\/yoast-seo-wordpress\/ -->\n<title>Reben und Natur im Wallis zwischen den Linien der Kultur - Walliser Reb- und Weinmuseum<\/title>\n<meta name=\"robots\" content=\"index, follow, max-snippet:-1, max-image-preview:large, max-video-preview:-1\" \/>\n<link rel=\"canonical\" href=\"https:\/\/www.museeduvin-valais.ch\/de\/produit\/reben-und-natur-im-wallis-zwischen-den-linien-der-kultur\/\" \/>\n<meta property=\"og:locale\" content=\"de_DE\" \/>\n<meta property=\"og:type\" content=\"article\" \/>\n<meta property=\"og:title\" content=\"Reben und Natur im Wallis zwischen den Linien der Kultur - Walliser Reb- und Weinmuseum\" \/>\n<meta property=\"og:description\" content=\"Globale Erw\u00e4rmung, Misstrauen gegen\u00fcber chemischen Behandlungen, Erfolg der Bioweine &#8230; Mehr denn je stehen Umweltanliegen im Mittelpunkt des Weinbaus und der Erwartungen der Verbraucherinnen und Verbraucher. In welchem Verh\u00e4ltnis stehen die Reben zur Natur? Sind Reben \u00fcberhaupt noch nat\u00fcrlich? Wie und in welchem Umfang k\u00f6nnen wir die Natur wieder in den Weinberg integrieren? Dieses Buch [&hellip;]\" \/>\n<meta property=\"og:url\" content=\"https:\/\/www.museeduvin-valais.ch\/de\/produit\/reben-und-natur-im-wallis-zwischen-den-linien-der-kultur\/\" \/>\n<meta property=\"og:site_name\" content=\"Walliser Reb- und Weinmuseum\" \/>\n<meta property=\"article:publisher\" content=\"https:\/\/www.facebook.com\/museeduvin.weinmuseum\" \/>\n<meta property=\"article:modified_time\" content=\"2025-12-15T23:46:55+00:00\" \/>\n<meta property=\"og:image\" content=\"https:\/\/www.museeduvin-valais.ch\/wp-content\/uploads\/2024\/08\/musee-du-vin-3_vigneetnature-1.webp\" \/>\n\t<meta property=\"og:image:width\" content=\"821\" \/>\n\t<meta property=\"og:image:height\" content=\"1000\" \/>\n\t<meta property=\"og:image:type\" content=\"image\/webp\" \/>\n<meta name=\"twitter:card\" content=\"summary_large_image\" \/>\n<meta name=\"twitter:label1\" content=\"Gesch\u00e4tzte Lesezeit\" \/>\n\t<meta name=\"twitter:data1\" content=\"1\u00a0Minute\" \/>\n<script type=\"application\/ld+json\" class=\"yoast-schema-graph\">{\"@context\":\"https:\\\/\\\/schema.org\",\"@graph\":[{\"@type\":\"WebPage\",\"@id\":\"https:\\\/\\\/www.museeduvin-valais.ch\\\/de\\\/produit\\\/reben-und-natur-im-wallis-zwischen-den-linien-der-kultur\\\/\",\"url\":\"https:\\\/\\\/www.museeduvin-valais.ch\\\/de\\\/produit\\\/reben-und-natur-im-wallis-zwischen-den-linien-der-kultur\\\/\",\"name\":\"Reben und Natur im Wallis zwischen den Linien der Kultur - Walliser Reb- und Weinmuseum\",\"isPartOf\":{\"@id\":\"https:\\\/\\\/www.museeduvin-valais.ch\\\/de\\\/#website\"},\"primaryImageOfPage\":{\"@id\":\"https:\\\/\\\/www.museeduvin-valais.ch\\\/de\\\/produit\\\/reben-und-natur-im-wallis-zwischen-den-linien-der-kultur\\\/#primaryimage\"},\"image\":{\"@id\":\"https:\\\/\\\/www.museeduvin-valais.ch\\\/de\\\/produit\\\/reben-und-natur-im-wallis-zwischen-den-linien-der-kultur\\\/#primaryimage\"},\"thumbnailUrl\":\"https:\\\/\\\/www.museeduvin-valais.ch\\\/wp-content\\\/uploads\\\/2024\\\/08\\\/musee-du-vin-3_vigneetnature-1.webp\",\"datePublished\":\"2024-08-09T10:40:05+00:00\",\"dateModified\":\"2025-12-15T23:46:55+00:00\",\"breadcrumb\":{\"@id\":\"https:\\\/\\\/www.museeduvin-valais.ch\\\/de\\\/produit\\\/reben-und-natur-im-wallis-zwischen-den-linien-der-kultur\\\/#breadcrumb\"},\"inLanguage\":\"de\",\"potentialAction\":[{\"@type\":\"ReadAction\",\"target\":[\"https:\\\/\\\/www.museeduvin-valais.ch\\\/de\\\/produit\\\/reben-und-natur-im-wallis-zwischen-den-linien-der-kultur\\\/\"]}]},{\"@type\":\"ImageObject\",\"inLanguage\":\"de\",\"@id\":\"https:\\\/\\\/www.museeduvin-valais.ch\\\/de\\\/produit\\\/reben-und-natur-im-wallis-zwischen-den-linien-der-kultur\\\/#primaryimage\",\"url\":\"https:\\\/\\\/www.museeduvin-valais.ch\\\/wp-content\\\/uploads\\\/2024\\\/08\\\/musee-du-vin-3_vigneetnature-1.webp\",\"contentUrl\":\"https:\\\/\\\/www.museeduvin-valais.ch\\\/wp-content\\\/uploads\\\/2024\\\/08\\\/musee-du-vin-3_vigneetnature-1.webp\",\"width\":821,\"height\":1000},{\"@type\":\"BreadcrumbList\",\"@id\":\"https:\\\/\\\/www.museeduvin-valais.ch\\\/de\\\/produit\\\/reben-und-natur-im-wallis-zwischen-den-linien-der-kultur\\\/#breadcrumb\",\"itemListElement\":[{\"@type\":\"ListItem\",\"position\":1,\"name\":\"Accueil\",\"item\":\"https:\\\/\\\/www.museeduvin-valais.ch\\\/de\\\/\"},{\"@type\":\"ListItem\",\"position\":2,\"name\":\"Shop\",\"item\":\"https:\\\/\\\/www.museeduvin-valais.ch\\\/de\\\/shop\\\/\"},{\"@type\":\"ListItem\",\"position\":3,\"name\":\"Reben und Natur im Wallis zwischen den Linien der Kultur\"}]},{\"@type\":\"WebSite\",\"@id\":\"https:\\\/\\\/www.museeduvin-valais.ch\\\/de\\\/#website\",\"url\":\"https:\\\/\\\/www.museeduvin-valais.ch\\\/de\\\/\",\"name\":\"Mus\u00e9e Valaisan de la vigne et du vin\",\"description\":\"\",\"publisher\":{\"@id\":\"https:\\\/\\\/www.museeduvin-valais.ch\\\/de\\\/#organization\"},\"alternateName\":\"Mus\u00e9e du vin\",\"potentialAction\":[{\"@type\":\"SearchAction\",\"target\":{\"@type\":\"EntryPoint\",\"urlTemplate\":\"https:\\\/\\\/www.museeduvin-valais.ch\\\/de\\\/?s={search_term_string}\"},\"query-input\":{\"@type\":\"PropertyValueSpecification\",\"valueRequired\":true,\"valueName\":\"search_term_string\"}}],\"inLanguage\":\"de\"},{\"@type\":\"Organization\",\"@id\":\"https:\\\/\\\/www.museeduvin-valais.ch\\\/de\\\/#organization\",\"name\":\"Mus\u00e9e Valaisan de la vigne et du vin\",\"url\":\"https:\\\/\\\/www.museeduvin-valais.ch\\\/de\\\/\",\"logo\":{\"@type\":\"ImageObject\",\"inLanguage\":\"de\",\"@id\":\"https:\\\/\\\/www.museeduvin-valais.ch\\\/de\\\/#\\\/schema\\\/logo\\\/image\\\/\",\"url\":\"https:\\\/\\\/www.museeduvin-valais.ch\\\/wp-content\\\/uploads\\\/2024\\\/11\\\/logo-mb.svg\",\"contentUrl\":\"https:\\\/\\\/www.museeduvin-valais.ch\\\/wp-content\\\/uploads\\\/2024\\\/11\\\/logo-mb.svg\",\"width\":1,\"height\":1,\"caption\":\"Mus\u00e9e Valaisan de la vigne et du vin\"},\"image\":{\"@id\":\"https:\\\/\\\/www.museeduvin-valais.ch\\\/de\\\/#\\\/schema\\\/logo\\\/image\\\/\"},\"sameAs\":[\"https:\\\/\\\/www.facebook.com\\\/museeduvin.weinmuseum\",\"https:\\\/\\\/www.instagram.com\\\/museeduvinvalais\"]}]}<\/script>\n<!-- \/ Yoast SEO plugin. -->","yoast_head_json":{"title":"Reben und Natur im Wallis zwischen den Linien der Kultur - Walliser Reb- und Weinmuseum","robots":{"index":"index","follow":"follow","max-snippet":"max-snippet:-1","max-image-preview":"max-image-preview:large","max-video-preview":"max-video-preview:-1"},"canonical":"https:\/\/www.museeduvin-valais.ch\/de\/produit\/reben-und-natur-im-wallis-zwischen-den-linien-der-kultur\/","og_locale":"de_DE","og_type":"article","og_title":"Reben und Natur im Wallis zwischen den Linien der Kultur - Walliser Reb- und Weinmuseum","og_description":"Globale Erw\u00e4rmung, Misstrauen gegen\u00fcber chemischen Behandlungen, Erfolg der Bioweine &#8230; Mehr denn je stehen Umweltanliegen im Mittelpunkt des Weinbaus und der Erwartungen der Verbraucherinnen und Verbraucher. In welchem Verh\u00e4ltnis stehen die Reben zur Natur? Sind Reben \u00fcberhaupt noch nat\u00fcrlich? Wie und in welchem Umfang k\u00f6nnen wir die Natur wieder in den Weinberg integrieren? Dieses Buch [&hellip;]","og_url":"https:\/\/www.museeduvin-valais.ch\/de\/produit\/reben-und-natur-im-wallis-zwischen-den-linien-der-kultur\/","og_site_name":"Walliser Reb- und Weinmuseum","article_publisher":"https:\/\/www.facebook.com\/museeduvin.weinmuseum","article_modified_time":"2025-12-15T23:46:55+00:00","og_image":[{"width":821,"height":1000,"url":"https:\/\/www.museeduvin-valais.ch\/wp-content\/uploads\/2024\/08\/musee-du-vin-3_vigneetnature-1.webp","type":"image\/webp"}],"twitter_card":"summary_large_image","twitter_misc":{"Gesch\u00e4tzte Lesezeit":"1\u00a0Minute"},"schema":{"@context":"https:\/\/schema.org","@graph":[{"@type":"WebPage","@id":"https:\/\/www.museeduvin-valais.ch\/de\/produit\/reben-und-natur-im-wallis-zwischen-den-linien-der-kultur\/","url":"https:\/\/www.museeduvin-valais.ch\/de\/produit\/reben-und-natur-im-wallis-zwischen-den-linien-der-kultur\/","name":"Reben und Natur im Wallis zwischen den Linien der Kultur - Walliser Reb- und Weinmuseum","isPartOf":{"@id":"https:\/\/www.museeduvin-valais.ch\/de\/#website"},"primaryImageOfPage":{"@id":"https:\/\/www.museeduvin-valais.ch\/de\/produit\/reben-und-natur-im-wallis-zwischen-den-linien-der-kultur\/#primaryimage"},"image":{"@id":"https:\/\/www.museeduvin-valais.ch\/de\/produit\/reben-und-natur-im-wallis-zwischen-den-linien-der-kultur\/#primaryimage"},"thumbnailUrl":"https:\/\/www.museeduvin-valais.ch\/wp-content\/uploads\/2024\/08\/musee-du-vin-3_vigneetnature-1.webp","datePublished":"2024-08-09T10:40:05+00:00","dateModified":"2025-12-15T23:46:55+00:00","breadcrumb":{"@id":"https:\/\/www.museeduvin-valais.ch\/de\/produit\/reben-und-natur-im-wallis-zwischen-den-linien-der-kultur\/#breadcrumb"},"inLanguage":"de","potentialAction":[{"@type":"ReadAction","target":["https:\/\/www.museeduvin-valais.ch\/de\/produit\/reben-und-natur-im-wallis-zwischen-den-linien-der-kultur\/"]}]},{"@type":"ImageObject","inLanguage":"de","@id":"https:\/\/www.museeduvin-valais.ch\/de\/produit\/reben-und-natur-im-wallis-zwischen-den-linien-der-kultur\/#primaryimage","url":"https:\/\/www.museeduvin-valais.ch\/wp-content\/uploads\/2024\/08\/musee-du-vin-3_vigneetnature-1.webp","contentUrl":"https:\/\/www.museeduvin-valais.ch\/wp-content\/uploads\/2024\/08\/musee-du-vin-3_vigneetnature-1.webp","width":821,"height":1000},{"@type":"BreadcrumbList","@id":"https:\/\/www.museeduvin-valais.ch\/de\/produit\/reben-und-natur-im-wallis-zwischen-den-linien-der-kultur\/#breadcrumb","itemListElement":[{"@type":"ListItem","position":1,"name":"Accueil","item":"https:\/\/www.museeduvin-valais.ch\/de\/"},{"@type":"ListItem","position":2,"name":"Shop","item":"https:\/\/www.museeduvin-valais.ch\/de\/shop\/"},{"@type":"ListItem","position":3,"name":"Reben und Natur im Wallis zwischen den Linien der Kultur"}]},{"@type":"WebSite","@id":"https:\/\/www.museeduvin-valais.ch\/de\/#website","url":"https:\/\/www.museeduvin-valais.ch\/de\/","name":"Mus\u00e9e Valaisan de la vigne et du vin","description":"","publisher":{"@id":"https:\/\/www.museeduvin-valais.ch\/de\/#organization"},"alternateName":"Mus\u00e9e du vin","potentialAction":[{"@type":"SearchAction","target":{"@type":"EntryPoint","urlTemplate":"https:\/\/www.museeduvin-valais.ch\/de\/?s={search_term_string}"},"query-input":{"@type":"PropertyValueSpecification","valueRequired":true,"valueName":"search_term_string"}}],"inLanguage":"de"},{"@type":"Organization","@id":"https:\/\/www.museeduvin-valais.ch\/de\/#organization","name":"Mus\u00e9e Valaisan de la vigne et du vin","url":"https:\/\/www.museeduvin-valais.ch\/de\/","logo":{"@type":"ImageObject","inLanguage":"de","@id":"https:\/\/www.museeduvin-valais.ch\/de\/#\/schema\/logo\/image\/","url":"https:\/\/www.museeduvin-valais.ch\/wp-content\/uploads\/2024\/11\/logo-mb.svg","contentUrl":"https:\/\/www.museeduvin-valais.ch\/wp-content\/uploads\/2024\/11\/logo-mb.svg","width":1,"height":1,"caption":"Mus\u00e9e Valaisan de la vigne et du vin"},"image":{"@id":"https:\/\/www.museeduvin-valais.ch\/de\/#\/schema\/logo\/image\/"},"sameAs":["https:\/\/www.facebook.com\/museeduvin.weinmuseum","https:\/\/www.instagram.com\/museeduvinvalais"]}]}},"_links":{"self":[{"href":"https:\/\/www.museeduvin-valais.ch\/de\/wp-json\/wp\/v2\/product\/2019","targetHints":{"allow":["GET"]}}],"collection":[{"href":"https:\/\/www.museeduvin-valais.ch\/de\/wp-json\/wp\/v2\/product"}],"about":[{"href":"https:\/\/www.museeduvin-valais.ch\/de\/wp-json\/wp\/v2\/types\/product"}],"wp:featuredmedia":[{"embeddable":true,"href":"https:\/\/www.museeduvin-valais.ch\/de\/wp-json\/wp\/v2\/media\/1602"}],"wp:attachment":[{"href":"https:\/\/www.museeduvin-valais.ch\/de\/wp-json\/wp\/v2\/media?parent=2019"}],"wp:term":[{"taxonomy":"product_brand","embeddable":true,"href":"https:\/\/www.museeduvin-valais.ch\/de\/wp-json\/wp\/v2\/product_brand?post=2019"},{"taxonomy":"product_cat","embeddable":true,"href":"https:\/\/www.museeduvin-valais.ch\/de\/wp-json\/wp\/v2\/product_cat?post=2019"},{"taxonomy":"product_tag","embeddable":true,"href":"https:\/\/www.museeduvin-valais.ch\/de\/wp-json\/wp\/v2\/product_tag?post=2019"}],"curies":[{"name":"wp","href":"https:\/\/api.w.org\/{rel}","templated":true}]}}