{"id":2017,"date":"2024-08-09T12:37:42","date_gmt":"2024-08-09T10:37:42","guid":{"rendered":"https:\/\/www.museeduvin-valais.ch\/produit\/image-du-vin-en-valais\/"},"modified":"2025-12-16T00:46:55","modified_gmt":"2025-12-15T23:46:55","slug":"image-du-vin-en-valais","status":"publish","type":"product","link":"https:\/\/www.museeduvin-valais.ch\/de\/produit\/image-du-vin-en-valais\/","title":{"rendered":"Image du vin en Valais"},"content":{"rendered":"<p>Le vin, bien plus qu\u2019une simple boisson ! Il se met en sc\u00e8ne \u2013 pour se vendre, pour plaire, pour se d\u00e9marquer \u2013 et s\u2019entoure pour cela de toute une identit\u00e9 visuelle impr\u00e9gn\u00e9e d\u2019une imagerie mill\u00e9naire. Entre la pression de la concurrence et les exigences des consommateurs, le vin valaisan et son image ne cessent d\u2019\u00e9voluer. Comment l\u2019image du vignoble valaisan s\u2019est-elle construite au fil du temps ? Et qu\u2019en est-il \u00e0 l\u2019heure actuelle ? Quels aspects identitaires sont valoris\u00e9s ? Et quel langage visuel le vin valaisan a-t-il d\u00e9velopp\u00e9 ?<br \/>\nAvec la contribution de onze chercheurs et chercheuses, cet ouvrage porte un regard sur les diff\u00e9rentes images qui ont form\u00e9 l\u2019identit\u00e9 du vin en Valais, entre ancrage et renouvellement, entre tradition et ouverture sur un monde globalis\u00e9.<\/p>\n<p>Direction : Delphine Niederberger<\/p>\n<p>Auteurs : S\u00e9verine Andr\u00e9, Muriel Constantin Pitteloud, Fabienne D\u00e9fayes, Jean-Charles Giroud, Diane Laugel, Kevin Macherel, Diego Rinallo et Guido Anselmi, Simon Roth, Tadd\u00e9 (Charles-Andr\u00e9 Meyer), Bettina Tschumi<\/p>\n<p>Parution : 2022<br \/>\n\u00c9diteurs : Infolio \u00e9ditions, Mus\u00e9e du Vin<br \/>\nFormat : 23 x 28 cm \/ 232 pages<\/p>\n","protected":false},"excerpt":{"rendered":"<p>Le vin, bien plus qu\u2019une simple boisson ! Il se met en sc\u00e8ne \u2013 pour se vendre, pour plaire, pour se d\u00e9marquer \u2013 et s\u2019entoure pour cela de toute une identit\u00e9 visuelle impr\u00e9gn\u00e9e d\u2019une imagerie mill\u00e9naire. Entre la pression de la concurrence et les exigences des consommateurs, le vin valaisan et son image ne cessent [&hellip;]<\/p>\n","protected":false},"featured_media":807,"template":"","meta":{"_acf_changed":false},"product_brand":[],"product_cat":[46],"product_tag":[],"class_list":{"0":"post-2017","1":"product","2":"type-product","3":"status-publish","4":"has-post-thumbnail","6":"product_cat-unkategorisiert","8":"first","9":"instock","10":"taxable","11":"shipping-taxable","12":"purchasable","13":"product-type-simple"},"acf":[],"yoast_head":"<!-- This site is optimized with the Yoast SEO plugin v27.2 - https:\/\/yoast.com\/product\/yoast-seo-wordpress\/ -->\n<title>Image du vin en Valais - Walliser Reb- und Weinmuseum<\/title>\n<meta name=\"robots\" content=\"index, follow, max-snippet:-1, max-image-preview:large, max-video-preview:-1\" \/>\n<link rel=\"canonical\" href=\"https:\/\/www.museeduvin-valais.ch\/de\/produit\/image-du-vin-en-valais\/\" \/>\n<meta property=\"og:locale\" content=\"de_DE\" \/>\n<meta property=\"og:type\" content=\"article\" \/>\n<meta property=\"og:title\" content=\"Image du vin en Valais - Walliser Reb- und Weinmuseum\" \/>\n<meta property=\"og:description\" content=\"Le vin, bien plus qu\u2019une simple boisson ! Il se met en sc\u00e8ne \u2013 pour se vendre, pour plaire, pour se d\u00e9marquer \u2013 et s\u2019entoure pour cela de toute une identit\u00e9 visuelle impr\u00e9gn\u00e9e d\u2019une imagerie mill\u00e9naire. Entre la pression de la concurrence et les exigences des consommateurs, le vin valaisan et son image ne cessent [&hellip;]\" \/>\n<meta property=\"og:url\" content=\"https:\/\/www.museeduvin-valais.ch\/de\/produit\/image-du-vin-en-valais\/\" \/>\n<meta property=\"og:site_name\" content=\"Walliser Reb- und Weinmuseum\" \/>\n<meta property=\"article:publisher\" content=\"https:\/\/www.facebook.com\/museeduvin.weinmuseum\" \/>\n<meta property=\"article:modified_time\" content=\"2025-12-15T23:46:55+00:00\" \/>\n<meta property=\"og:image\" content=\"https:\/\/www.museeduvin-valais.ch\/wp-content\/uploads\/2024\/08\/musee-du-vin-1_image_du_vin.webp\" \/>\n\t<meta property=\"og:image:width\" content=\"822\" \/>\n\t<meta property=\"og:image:height\" content=\"1000\" \/>\n\t<meta property=\"og:image:type\" content=\"image\/webp\" \/>\n<meta name=\"twitter:card\" content=\"summary_large_image\" \/>\n<meta name=\"twitter:label1\" content=\"Gesch\u00e4tzte Lesezeit\" \/>\n\t<meta name=\"twitter:data1\" content=\"1\u00a0Minute\" \/>\n<script type=\"application\/ld+json\" class=\"yoast-schema-graph\">{\"@context\":\"https:\/\/schema.org\",\"@graph\":[{\"@type\":\"WebPage\",\"@id\":\"https:\/\/www.museeduvin-valais.ch\/de\/produit\/image-du-vin-en-valais\/\",\"url\":\"https:\/\/www.museeduvin-valais.ch\/de\/produit\/image-du-vin-en-valais\/\",\"name\":\"Image du vin en Valais - Walliser Reb- und Weinmuseum\",\"isPartOf\":{\"@id\":\"https:\/\/www.museeduvin-valais.ch\/de\/#website\"},\"primaryImageOfPage\":{\"@id\":\"https:\/\/www.museeduvin-valais.ch\/de\/produit\/image-du-vin-en-valais\/#primaryimage\"},\"image\":{\"@id\":\"https:\/\/www.museeduvin-valais.ch\/de\/produit\/image-du-vin-en-valais\/#primaryimage\"},\"thumbnailUrl\":\"https:\/\/www.museeduvin-valais.ch\/wp-content\/uploads\/2024\/08\/musee-du-vin-1_image_du_vin.webp\",\"datePublished\":\"2024-08-09T10:37:42+00:00\",\"dateModified\":\"2025-12-15T23:46:55+00:00\",\"breadcrumb\":{\"@id\":\"https:\/\/www.museeduvin-valais.ch\/de\/produit\/image-du-vin-en-valais\/#breadcrumb\"},\"inLanguage\":\"de\",\"potentialAction\":[{\"@type\":\"ReadAction\",\"target\":[\"https:\/\/www.museeduvin-valais.ch\/de\/produit\/image-du-vin-en-valais\/\"]}]},{\"@type\":\"ImageObject\",\"inLanguage\":\"de\",\"@id\":\"https:\/\/www.museeduvin-valais.ch\/de\/produit\/image-du-vin-en-valais\/#primaryimage\",\"url\":\"https:\/\/www.museeduvin-valais.ch\/wp-content\/uploads\/2024\/08\/musee-du-vin-1_image_du_vin.webp\",\"contentUrl\":\"https:\/\/www.museeduvin-valais.ch\/wp-content\/uploads\/2024\/08\/musee-du-vin-1_image_du_vin.webp\",\"width\":822,\"height\":1000},{\"@type\":\"BreadcrumbList\",\"@id\":\"https:\/\/www.museeduvin-valais.ch\/de\/produit\/image-du-vin-en-valais\/#breadcrumb\",\"itemListElement\":[{\"@type\":\"ListItem\",\"position\":1,\"name\":\"Accueil\",\"item\":\"https:\/\/www.museeduvin-valais.ch\/de\/\"},{\"@type\":\"ListItem\",\"position\":2,\"name\":\"Shop\",\"item\":\"https:\/\/www.museeduvin-valais.ch\/de\/shop\/\"},{\"@type\":\"ListItem\",\"position\":3,\"name\":\"Image du vin en Valais\"}]},{\"@type\":\"WebSite\",\"@id\":\"https:\/\/www.museeduvin-valais.ch\/de\/#website\",\"url\":\"https:\/\/www.museeduvin-valais.ch\/de\/\",\"name\":\"Mus\u00e9e Valaisan de la vigne et du vin\",\"description\":\"\",\"publisher\":{\"@id\":\"https:\/\/www.museeduvin-valais.ch\/de\/#organization\"},\"alternateName\":\"Mus\u00e9e du vin\",\"potentialAction\":[{\"@type\":\"SearchAction\",\"target\":{\"@type\":\"EntryPoint\",\"urlTemplate\":\"https:\/\/www.museeduvin-valais.ch\/de\/?s={search_term_string}\"},\"query-input\":{\"@type\":\"PropertyValueSpecification\",\"valueRequired\":true,\"valueName\":\"search_term_string\"}}],\"inLanguage\":\"de\"},{\"@type\":\"Organization\",\"@id\":\"https:\/\/www.museeduvin-valais.ch\/de\/#organization\",\"name\":\"Mus\u00e9e Valaisan de la vigne et du vin\",\"url\":\"https:\/\/www.museeduvin-valais.ch\/de\/\",\"logo\":{\"@type\":\"ImageObject\",\"inLanguage\":\"de\",\"@id\":\"https:\/\/www.museeduvin-valais.ch\/de\/#\/schema\/logo\/image\/\",\"url\":\"https:\/\/www.museeduvin-valais.ch\/wp-content\/uploads\/2024\/11\/logo-mb.svg\",\"contentUrl\":\"https:\/\/www.museeduvin-valais.ch\/wp-content\/uploads\/2024\/11\/logo-mb.svg\",\"width\":1,\"height\":1,\"caption\":\"Mus\u00e9e Valaisan de la vigne et du vin\"},\"image\":{\"@id\":\"https:\/\/www.museeduvin-valais.ch\/de\/#\/schema\/logo\/image\/\"},\"sameAs\":[\"https:\/\/www.facebook.com\/museeduvin.weinmuseum\",\"https:\/\/www.instagram.com\/museeduvinvalais\"]}]}<\/script>\n<!-- \/ Yoast SEO plugin. -->","yoast_head_json":{"title":"Image du vin en Valais - Walliser Reb- und Weinmuseum","robots":{"index":"index","follow":"follow","max-snippet":"max-snippet:-1","max-image-preview":"max-image-preview:large","max-video-preview":"max-video-preview:-1"},"canonical":"https:\/\/www.museeduvin-valais.ch\/de\/produit\/image-du-vin-en-valais\/","og_locale":"de_DE","og_type":"article","og_title":"Image du vin en Valais - Walliser Reb- und Weinmuseum","og_description":"Le vin, bien plus qu\u2019une simple boisson ! Il se met en sc\u00e8ne \u2013 pour se vendre, pour plaire, pour se d\u00e9marquer \u2013 et s\u2019entoure pour cela de toute une identit\u00e9 visuelle impr\u00e9gn\u00e9e d\u2019une imagerie mill\u00e9naire. Entre la pression de la concurrence et les exigences des consommateurs, le vin valaisan et son image ne cessent [&hellip;]","og_url":"https:\/\/www.museeduvin-valais.ch\/de\/produit\/image-du-vin-en-valais\/","og_site_name":"Walliser Reb- und Weinmuseum","article_publisher":"https:\/\/www.facebook.com\/museeduvin.weinmuseum","article_modified_time":"2025-12-15T23:46:55+00:00","og_image":[{"width":822,"height":1000,"url":"https:\/\/www.museeduvin-valais.ch\/wp-content\/uploads\/2024\/08\/musee-du-vin-1_image_du_vin.webp","type":"image\/webp"}],"twitter_card":"summary_large_image","twitter_misc":{"Gesch\u00e4tzte Lesezeit":"1\u00a0Minute"},"schema":{"@context":"https:\/\/schema.org","@graph":[{"@type":"WebPage","@id":"https:\/\/www.museeduvin-valais.ch\/de\/produit\/image-du-vin-en-valais\/","url":"https:\/\/www.museeduvin-valais.ch\/de\/produit\/image-du-vin-en-valais\/","name":"Image du vin en Valais - Walliser Reb- und Weinmuseum","isPartOf":{"@id":"https:\/\/www.museeduvin-valais.ch\/de\/#website"},"primaryImageOfPage":{"@id":"https:\/\/www.museeduvin-valais.ch\/de\/produit\/image-du-vin-en-valais\/#primaryimage"},"image":{"@id":"https:\/\/www.museeduvin-valais.ch\/de\/produit\/image-du-vin-en-valais\/#primaryimage"},"thumbnailUrl":"https:\/\/www.museeduvin-valais.ch\/wp-content\/uploads\/2024\/08\/musee-du-vin-1_image_du_vin.webp","datePublished":"2024-08-09T10:37:42+00:00","dateModified":"2025-12-15T23:46:55+00:00","breadcrumb":{"@id":"https:\/\/www.museeduvin-valais.ch\/de\/produit\/image-du-vin-en-valais\/#breadcrumb"},"inLanguage":"de","potentialAction":[{"@type":"ReadAction","target":["https:\/\/www.museeduvin-valais.ch\/de\/produit\/image-du-vin-en-valais\/"]}]},{"@type":"ImageObject","inLanguage":"de","@id":"https:\/\/www.museeduvin-valais.ch\/de\/produit\/image-du-vin-en-valais\/#primaryimage","url":"https:\/\/www.museeduvin-valais.ch\/wp-content\/uploads\/2024\/08\/musee-du-vin-1_image_du_vin.webp","contentUrl":"https:\/\/www.museeduvin-valais.ch\/wp-content\/uploads\/2024\/08\/musee-du-vin-1_image_du_vin.webp","width":822,"height":1000},{"@type":"BreadcrumbList","@id":"https:\/\/www.museeduvin-valais.ch\/de\/produit\/image-du-vin-en-valais\/#breadcrumb","itemListElement":[{"@type":"ListItem","position":1,"name":"Accueil","item":"https:\/\/www.museeduvin-valais.ch\/de\/"},{"@type":"ListItem","position":2,"name":"Shop","item":"https:\/\/www.museeduvin-valais.ch\/de\/shop\/"},{"@type":"ListItem","position":3,"name":"Image du vin en Valais"}]},{"@type":"WebSite","@id":"https:\/\/www.museeduvin-valais.ch\/de\/#website","url":"https:\/\/www.museeduvin-valais.ch\/de\/","name":"Mus\u00e9e Valaisan de la vigne et du vin","description":"","publisher":{"@id":"https:\/\/www.museeduvin-valais.ch\/de\/#organization"},"alternateName":"Mus\u00e9e du vin","potentialAction":[{"@type":"SearchAction","target":{"@type":"EntryPoint","urlTemplate":"https:\/\/www.museeduvin-valais.ch\/de\/?s={search_term_string}"},"query-input":{"@type":"PropertyValueSpecification","valueRequired":true,"valueName":"search_term_string"}}],"inLanguage":"de"},{"@type":"Organization","@id":"https:\/\/www.museeduvin-valais.ch\/de\/#organization","name":"Mus\u00e9e Valaisan de la vigne et du vin","url":"https:\/\/www.museeduvin-valais.ch\/de\/","logo":{"@type":"ImageObject","inLanguage":"de","@id":"https:\/\/www.museeduvin-valais.ch\/de\/#\/schema\/logo\/image\/","url":"https:\/\/www.museeduvin-valais.ch\/wp-content\/uploads\/2024\/11\/logo-mb.svg","contentUrl":"https:\/\/www.museeduvin-valais.ch\/wp-content\/uploads\/2024\/11\/logo-mb.svg","width":1,"height":1,"caption":"Mus\u00e9e Valaisan de la vigne et du vin"},"image":{"@id":"https:\/\/www.museeduvin-valais.ch\/de\/#\/schema\/logo\/image\/"},"sameAs":["https:\/\/www.facebook.com\/museeduvin.weinmuseum","https:\/\/www.instagram.com\/museeduvinvalais"]}]}},"_links":{"self":[{"href":"https:\/\/www.museeduvin-valais.ch\/de\/wp-json\/wp\/v2\/product\/2017","targetHints":{"allow":["GET"]}}],"collection":[{"href":"https:\/\/www.museeduvin-valais.ch\/de\/wp-json\/wp\/v2\/product"}],"about":[{"href":"https:\/\/www.museeduvin-valais.ch\/de\/wp-json\/wp\/v2\/types\/product"}],"wp:featuredmedia":[{"embeddable":true,"href":"https:\/\/www.museeduvin-valais.ch\/de\/wp-json\/wp\/v2\/media\/807"}],"wp:attachment":[{"href":"https:\/\/www.museeduvin-valais.ch\/de\/wp-json\/wp\/v2\/media?parent=2017"}],"wp:term":[{"taxonomy":"product_brand","embeddable":true,"href":"https:\/\/www.museeduvin-valais.ch\/de\/wp-json\/wp\/v2\/product_brand?post=2017"},{"taxonomy":"product_cat","embeddable":true,"href":"https:\/\/www.museeduvin-valais.ch\/de\/wp-json\/wp\/v2\/product_cat?post=2017"},{"taxonomy":"product_tag","embeddable":true,"href":"https:\/\/www.museeduvin-valais.ch\/de\/wp-json\/wp\/v2\/product_tag?post=2017"}],"curies":[{"name":"wp","href":"https:\/\/api.w.org\/{rel}","templated":true}]}}